{"id":3457,"date":"2020-08-05T07:49:02","date_gmt":"2020-08-05T07:49:02","guid":{"rendered":"https:\/\/cactussenygrafic.com\/politica-de-privacidad\/"},"modified":"2026-01-14T10:09:59","modified_gmt":"2026-01-14T10:09:59","slug":"privacy-policy","status":"publish","type":"page","link":"https:\/\/cactussenygrafic.com\/en\/privacy-policy\/","title":{"rendered":"Privacy Policy"},"content":{"rendered":"<p>&nbsp;<\/p>\n<p>Cactus Seny Gr\u00e0fic es el \u00f3rgano responsable del tratamiento de los datos. Los derechos de acceso, rectificaci\u00f3n, cancelaci\u00f3n y oposici\u00f3n reconocidos en la Ley Org\u00e1nica 15\/1999, de 13 de diciembre, de Protecci\u00f3n de Datos Personales tendr\u00edan que ejercerse dirigiendo un escrito al Departamento de Atenci\u00f3n al Cliente de Cactus Seny Gr\u00e0fic intermediando correo electr\u00f3nico a la direcci\u00f3n estudi@cactussenygrafic.com o por correo postal en c\/ Dr. Puig 14, 08202, Sabadell (Barcelona) , a la atenci\u00f3n del Departamento de Atenci\u00f3n al Cliente de Cactus Seny Gr\u00e0fic.<\/p>\n<p><b>Responsable del tratamiento de los datos<\/b><br \/>\nCACTUS SENY GRAFIC SL, con domicilio social en la calle Bosch i Cardellach 55 Sabadell, con CIF B24932048.<\/p>\n<p><b>Finalidades del tratamiento<\/b><br \/>\nGesti\u00f3n de la relaci\u00f3n comercial as\u00ed como gestionar el env\u00edo de informaci\u00f3n y prospecci\u00f3n comercial sobre los productos y servicios de Cactus Seny Gr\u00e0fic garantizando el env\u00edo documental de facturas, albaranes u otra informaci\u00f3n privada asociada al usuario o cliente.<\/p>\n<p><b>Legitimaci\u00f3n<\/b><br \/>\nConsentimiento impl\u00edcito del interesado.<\/p>\n<p><b>Licitud del tratamiento<\/b><br \/>\nEl tratamiento es necesario para la ejecuci\u00f3n de un contrato o en inter\u00e9s leg\u00edtimo de Cactus Seny Gr\u00e0fic para el caso de datos de contacto de personas f\u00edsicas que presten servicios en una persona jur\u00eddica.<\/p>\n<p><b>Destinatarios de sus datos<\/b><br \/>\nSus datos personales son susceptibles de transferencia a los integrantes de la marca Cactus Seny Gr\u00e0fic y terceras empresas proveedoras de servicios de marketing como MailChimp, Google Analytics o empresas similares.<\/p>\n<p><b>Sus derechos<\/b><br \/>\nPuede ejercer en cualquier momento sus derechos de acceso, rectificaci\u00f3n, supresi\u00f3n y oposici\u00f3n y otros derechos legalmente establecidos enviando un correo electr\u00f3nico y exponiendo su caso a estudi@cactussenygrafic.com. Si necesita cualquier aclaraci\u00f3n en relaci\u00f3n con la informaci\u00f3n proporcionada en la presente comunicado, puede contactar con estudi@cactussenygrafic.com.<\/p>\n","protected":false},"excerpt":{"rendered":"<p>&nbsp; Cactus Seny Gr\u00e0fic es el \u00f3rgano responsable del tratamiento de los datos. Los derechos de acceso, rectificaci\u00f3n, cancelaci\u00f3n y oposici\u00f3n reconocidos en la Ley Org\u00e1nica 15\/1999, de 13 de diciembre, de Protecci\u00f3n de Datos Personales tendr\u00edan que ejercerse dirigiendo un escrito al Departamento de Atenci\u00f3n al Cliente de Cactus Seny Gr\u00e0fic intermediando correo electr\u00f3nico [&hellip;]<\/p>\n","protected":false},"author":1,"featured_media":0,"parent":0,"menu_order":0,"comment_status":"closed","ping_status":"closed","template":"","meta":{"_acf_changed":false,"inline_featured_image":false,"footnotes":""},"class_list":["post-3457","page","type-page","status-publish","hentry"],"acf":[],"yoast_head":"<!-- This site is optimized with the Yoast SEO plugin v27.3 - https:\/\/yoast.com\/product\/yoast-seo-wordpress\/ -->\n<title>Privacy Policy - Cactus Seny Gr\u00e0fic<\/title>\n<meta name=\"robots\" content=\"index, follow, max-snippet:-1, max-image-preview:large, max-video-preview:-1\" \/>\n<link rel=\"canonical\" href=\"https:\/\/cactussenygrafic.com\/en\/privacy-policy\/\" \/>\n<meta property=\"og:locale\" content=\"en_US\" \/>\n<meta property=\"og:type\" content=\"article\" \/>\n<meta property=\"og:title\" content=\"Privacy Policy - Cactus Seny Gr\u00e0fic\" \/>\n<meta property=\"og:description\" content=\"&nbsp; Cactus Seny Gr\u00e0fic es el \u00f3rgano responsable del tratamiento de los datos. Los derechos de acceso, rectificaci\u00f3n, cancelaci\u00f3n y oposici\u00f3n reconocidos en la Ley Org\u00e1nica 15\/1999, de 13 de diciembre, de Protecci\u00f3n de Datos Personales tendr\u00edan que ejercerse dirigiendo un escrito al Departamento de Atenci\u00f3n al Cliente de Cactus Seny Gr\u00e0fic intermediando correo electr\u00f3nico [&hellip;]\" \/>\n<meta property=\"og:url\" content=\"https:\/\/cactussenygrafic.com\/en\/privacy-policy\/\" \/>\n<meta property=\"og:site_name\" content=\"Cactus Seny Gr\u00e0fic\" \/>\n<meta property=\"article:modified_time\" content=\"2026-01-14T10:09:59+00:00\" \/>\n<meta name=\"twitter:card\" content=\"summary_large_image\" \/>\n<meta name=\"twitter:label1\" content=\"Est. reading time\" \/>\n\t<meta name=\"twitter:data1\" content=\"2 minutes\" \/>\n<script type=\"application\/ld+json\" class=\"yoast-schema-graph\">{\"@context\":\"https:\\\/\\\/schema.org\",\"@graph\":[{\"@type\":\"WebPage\",\"@id\":\"https:\\\/\\\/cactussenygrafic.com\\\/en\\\/privacy-policy\\\/\",\"url\":\"https:\\\/\\\/cactussenygrafic.com\\\/en\\\/privacy-policy\\\/\",\"name\":\"Privacy Policy - Cactus Seny Gr\u00e0fic\",\"isPartOf\":{\"@id\":\"https:\\\/\\\/cactussenygrafic.com\\\/en\\\/#website\"},\"datePublished\":\"2020-08-05T07:49:02+00:00\",\"dateModified\":\"2026-01-14T10:09:59+00:00\",\"breadcrumb\":{\"@id\":\"https:\\\/\\\/cactussenygrafic.com\\\/en\\\/privacy-policy\\\/#breadcrumb\"},\"inLanguage\":\"en-US\",\"potentialAction\":[{\"@type\":\"ReadAction\",\"target\":[\"https:\\\/\\\/cactussenygrafic.com\\\/en\\\/privacy-policy\\\/\"]}]},{\"@type\":\"BreadcrumbList\",\"@id\":\"https:\\\/\\\/cactussenygrafic.com\\\/en\\\/privacy-policy\\\/#breadcrumb\",\"itemListElement\":[{\"@type\":\"ListItem\",\"position\":1,\"name\":\"Portada\",\"item\":\"https:\\\/\\\/cactussenygrafic.com\\\/en\\\/\"},{\"@type\":\"ListItem\",\"position\":2,\"name\":\"Privacy Policy\"}]},{\"@type\":\"WebSite\",\"@id\":\"https:\\\/\\\/cactussenygrafic.com\\\/en\\\/#website\",\"url\":\"https:\\\/\\\/cactussenygrafic.com\\\/en\\\/\",\"name\":\"Cactus Seny Gr\u00e0fic\",\"description\":\"Estudi de disseny gr\u00e0fic i web a Barcelona i Sabadell\",\"potentialAction\":[{\"@type\":\"SearchAction\",\"target\":{\"@type\":\"EntryPoint\",\"urlTemplate\":\"https:\\\/\\\/cactussenygrafic.com\\\/en\\\/?s={search_term_string}\"},\"query-input\":{\"@type\":\"PropertyValueSpecification\",\"valueRequired\":true,\"valueName\":\"search_term_string\"}}],\"inLanguage\":\"en-US\"}]}<\/script>\n<!-- \/ Yoast SEO plugin. -->","yoast_head_json":{"title":"Privacy Policy - Cactus Seny Gr\u00e0fic","robots":{"index":"index","follow":"follow","max-snippet":"max-snippet:-1","max-image-preview":"max-image-preview:large","max-video-preview":"max-video-preview:-1"},"canonical":"https:\/\/cactussenygrafic.com\/en\/privacy-policy\/","og_locale":"en_US","og_type":"article","og_title":"Privacy Policy - Cactus Seny Gr\u00e0fic","og_description":"&nbsp; Cactus Seny Gr\u00e0fic es el \u00f3rgano responsable del tratamiento de los datos. Los derechos de acceso, rectificaci\u00f3n, cancelaci\u00f3n y oposici\u00f3n reconocidos en la Ley Org\u00e1nica 15\/1999, de 13 de diciembre, de Protecci\u00f3n de Datos Personales tendr\u00edan que ejercerse dirigiendo un escrito al Departamento de Atenci\u00f3n al Cliente de Cactus Seny Gr\u00e0fic intermediando correo electr\u00f3nico [&hellip;]","og_url":"https:\/\/cactussenygrafic.com\/en\/privacy-policy\/","og_site_name":"Cactus Seny Gr\u00e0fic","article_modified_time":"2026-01-14T10:09:59+00:00","twitter_card":"summary_large_image","twitter_misc":{"Est. reading time":"2 minutes"},"schema":{"@context":"https:\/\/schema.org","@graph":[{"@type":"WebPage","@id":"https:\/\/cactussenygrafic.com\/en\/privacy-policy\/","url":"https:\/\/cactussenygrafic.com\/en\/privacy-policy\/","name":"Privacy Policy - Cactus Seny Gr\u00e0fic","isPartOf":{"@id":"https:\/\/cactussenygrafic.com\/en\/#website"},"datePublished":"2020-08-05T07:49:02+00:00","dateModified":"2026-01-14T10:09:59+00:00","breadcrumb":{"@id":"https:\/\/cactussenygrafic.com\/en\/privacy-policy\/#breadcrumb"},"inLanguage":"en-US","potentialAction":[{"@type":"ReadAction","target":["https:\/\/cactussenygrafic.com\/en\/privacy-policy\/"]}]},{"@type":"BreadcrumbList","@id":"https:\/\/cactussenygrafic.com\/en\/privacy-policy\/#breadcrumb","itemListElement":[{"@type":"ListItem","position":1,"name":"Portada","item":"https:\/\/cactussenygrafic.com\/en\/"},{"@type":"ListItem","position":2,"name":"Privacy Policy"}]},{"@type":"WebSite","@id":"https:\/\/cactussenygrafic.com\/en\/#website","url":"https:\/\/cactussenygrafic.com\/en\/","name":"Cactus Seny Gr\u00e0fic","description":"Estudi de disseny gr\u00e0fic i web a Barcelona i Sabadell","potentialAction":[{"@type":"SearchAction","target":{"@type":"EntryPoint","urlTemplate":"https:\/\/cactussenygrafic.com\/en\/?s={search_term_string}"},"query-input":{"@type":"PropertyValueSpecification","valueRequired":true,"valueName":"search_term_string"}}],"inLanguage":"en-US"}]}},"_links":{"self":[{"href":"https:\/\/cactussenygrafic.com\/en\/wp-json\/wp\/v2\/pages\/3457","targetHints":{"allow":["GET"]}}],"collection":[{"href":"https:\/\/cactussenygrafic.com\/en\/wp-json\/wp\/v2\/pages"}],"about":[{"href":"https:\/\/cactussenygrafic.com\/en\/wp-json\/wp\/v2\/types\/page"}],"author":[{"embeddable":true,"href":"https:\/\/cactussenygrafic.com\/en\/wp-json\/wp\/v2\/users\/1"}],"replies":[{"embeddable":true,"href":"https:\/\/cactussenygrafic.com\/en\/wp-json\/wp\/v2\/comments?post=3457"}],"version-history":[{"count":3,"href":"https:\/\/cactussenygrafic.com\/en\/wp-json\/wp\/v2\/pages\/3457\/revisions"}],"predecessor-version":[{"id":5418,"href":"https:\/\/cactussenygrafic.com\/en\/wp-json\/wp\/v2\/pages\/3457\/revisions\/5418"}],"wp:attachment":[{"href":"https:\/\/cactussenygrafic.com\/en\/wp-json\/wp\/v2\/media?parent=3457"}],"curies":[{"name":"wp","href":"https:\/\/api.w.org\/{rel}","templated":true}]}}