{"id":3460,"date":"2020-12-22T16:24:35","date_gmt":"2020-12-22T16:24:35","guid":{"rendered":"https:\/\/cactussenygrafic.com\/services\/diseno-online\/"},"modified":"2022-06-01T10:33:04","modified_gmt":"2022-06-01T10:33:04","slug":"web-design","status":"publish","type":"page","link":"https:\/\/cactussenygrafic.com\/en\/services\/web-design\/","title":{"rendered":"Web design"},"content":{"rendered":"<p>At Cactus we are able to transform your ideas for any online product: websites, online stores, newsletters, publications for social networks and digital marketing campaigns. We study each case individually and work all the digital aspects from the studio itself without intermediaries.<\/p>\n","protected":false},"excerpt":{"rendered":"<p>At Cactus we are able to transform your ideas for any online product: websites, online stores, newsletters, publications for social networks and digital marketing campaigns. We study each case individually and work all the digital aspects from the studio itself without intermediaries.<\/p>\n","protected":false},"author":1,"featured_media":3289,"parent":3444,"menu_order":0,"comment_status":"closed","ping_status":"closed","template":"page-templates\/page-servei.php","meta":{"_acf_changed":false,"inline_featured_image":false,"footnotes":""},"class_list":["post-3460","page","type-page","status-publish","has-post-thumbnail","hentry"],"acf":[],"yoast_head":"<!-- This site is optimized with the Yoast SEO plugin v27.4 - https:\/\/yoast.com\/product\/yoast-seo-wordpress\/ -->\n<title>Web design y dise\u00f1o web - Cactus Seny Gr\u00e0fic<\/title>\n<meta name=\"description\" content=\"Realizamos p\u00e1ginas web, tiendas online, newsletters, publicaciones para redes sociales y campa\u00f1as de marketing digital. Llevamos tu marca m\u00e1s all\u00e1.\" \/>\n<meta name=\"robots\" content=\"index, follow, max-snippet:-1, max-image-preview:large, max-video-preview:-1\" \/>\n<link rel=\"canonical\" href=\"https:\/\/cactussenygrafic.com\/en\/services\/web-design\/\" \/>\n<meta property=\"og:locale\" content=\"en_US\" \/>\n<meta property=\"og:type\" content=\"article\" \/>\n<meta property=\"og:title\" content=\"Web design y dise\u00f1o web - Cactus Seny Gr\u00e0fic\" \/>\n<meta property=\"og:description\" content=\"Realizamos p\u00e1ginas web, tiendas online, newsletters, publicaciones para redes sociales y campa\u00f1as de marketing digital. Llevamos tu marca m\u00e1s all\u00e1.\" \/>\n<meta property=\"og:url\" content=\"https:\/\/cactussenygrafic.com\/en\/services\/web-design\/\" \/>\n<meta property=\"og:site_name\" content=\"Cactus Seny Gr\u00e0fic\" \/>\n<meta property=\"article:modified_time\" content=\"2022-06-01T10:33:04+00:00\" \/>\n<meta property=\"og:image\" content=\"https:\/\/cactussenygrafic.com\/wp-content\/uploads\/2022\/04\/renovandrent-mobile.jpg\" \/>\n\t<meta property=\"og:image:width\" content=\"1920\" \/>\n\t<meta property=\"og:image:height\" content=\"1440\" \/>\n\t<meta property=\"og:image:type\" content=\"image\/jpeg\" \/>\n<meta name=\"twitter:card\" content=\"summary_large_image\" \/>\n<meta name=\"twitter:label1\" content=\"Est. reading time\" \/>\n\t<meta name=\"twitter:data1\" content=\"1 minute\" \/>\n<script type=\"application\/ld+json\" class=\"yoast-schema-graph\">{\"@context\":\"https:\\\/\\\/schema.org\",\"@graph\":[{\"@type\":\"WebPage\",\"@id\":\"https:\\\/\\\/cactussenygrafic.com\\\/en\\\/services\\\/web-design\\\/\",\"url\":\"https:\\\/\\\/cactussenygrafic.com\\\/en\\\/services\\\/web-design\\\/\",\"name\":\"Web design y dise\u00f1o web - Cactus Seny Gr\u00e0fic\",\"isPartOf\":{\"@id\":\"https:\\\/\\\/cactussenygrafic.com\\\/en\\\/#website\"},\"primaryImageOfPage\":{\"@id\":\"https:\\\/\\\/cactussenygrafic.com\\\/en\\\/services\\\/web-design\\\/#primaryimage\"},\"image\":{\"@id\":\"https:\\\/\\\/cactussenygrafic.com\\\/en\\\/services\\\/web-design\\\/#primaryimage\"},\"thumbnailUrl\":\"https:\\\/\\\/cactussenygrafic.com\\\/wp-content\\\/uploads\\\/2022\\\/04\\\/renovandrent-mobile.jpg\",\"datePublished\":\"2020-12-22T16:24:35+00:00\",\"dateModified\":\"2022-06-01T10:33:04+00:00\",\"description\":\"Realizamos p\u00e1ginas web, tiendas online, newsletters, publicaciones para redes sociales y campa\u00f1as de marketing digital. Llevamos tu marca m\u00e1s all\u00e1.\",\"breadcrumb\":{\"@id\":\"https:\\\/\\\/cactussenygrafic.com\\\/en\\\/services\\\/web-design\\\/#breadcrumb\"},\"inLanguage\":\"en-US\",\"potentialAction\":[{\"@type\":\"ReadAction\",\"target\":[\"https:\\\/\\\/cactussenygrafic.com\\\/en\\\/services\\\/web-design\\\/\"]}]},{\"@type\":\"ImageObject\",\"inLanguage\":\"en-US\",\"@id\":\"https:\\\/\\\/cactussenygrafic.com\\\/en\\\/services\\\/web-design\\\/#primaryimage\",\"url\":\"https:\\\/\\\/cactussenygrafic.com\\\/wp-content\\\/uploads\\\/2022\\\/04\\\/renovandrent-mobile.jpg\",\"contentUrl\":\"https:\\\/\\\/cactussenygrafic.com\\\/wp-content\\\/uploads\\\/2022\\\/04\\\/renovandrent-mobile.jpg\",\"width\":1920,\"height\":1440},{\"@type\":\"BreadcrumbList\",\"@id\":\"https:\\\/\\\/cactussenygrafic.com\\\/en\\\/services\\\/web-design\\\/#breadcrumb\",\"itemListElement\":[{\"@type\":\"ListItem\",\"position\":1,\"name\":\"Portada\",\"item\":\"https:\\\/\\\/cactussenygrafic.com\\\/en\\\/\"},{\"@type\":\"ListItem\",\"position\":2,\"name\":\"Services\",\"item\":\"https:\\\/\\\/cactussenygrafic.com\\\/en\\\/services\\\/\"},{\"@type\":\"ListItem\",\"position\":3,\"name\":\"Web design\"}]},{\"@type\":\"WebSite\",\"@id\":\"https:\\\/\\\/cactussenygrafic.com\\\/en\\\/#website\",\"url\":\"https:\\\/\\\/cactussenygrafic.com\\\/en\\\/\",\"name\":\"Cactus Seny Gr\u00e0fic\",\"description\":\"Estudi de disseny gr\u00e0fic i web a Barcelona i Sabadell\",\"potentialAction\":[{\"@type\":\"SearchAction\",\"target\":{\"@type\":\"EntryPoint\",\"urlTemplate\":\"https:\\\/\\\/cactussenygrafic.com\\\/en\\\/?s={search_term_string}\"},\"query-input\":{\"@type\":\"PropertyValueSpecification\",\"valueRequired\":true,\"valueName\":\"search_term_string\"}}],\"inLanguage\":\"en-US\"}]}<\/script>\n<!-- \/ Yoast SEO plugin. -->","yoast_head_json":{"title":"Web design y dise\u00f1o web - Cactus Seny Gr\u00e0fic","description":"Realizamos p\u00e1ginas web, tiendas online, newsletters, publicaciones para redes sociales y campa\u00f1as de marketing digital. Llevamos tu marca m\u00e1s all\u00e1.","robots":{"index":"index","follow":"follow","max-snippet":"max-snippet:-1","max-image-preview":"max-image-preview:large","max-video-preview":"max-video-preview:-1"},"canonical":"https:\/\/cactussenygrafic.com\/en\/services\/web-design\/","og_locale":"en_US","og_type":"article","og_title":"Web design y dise\u00f1o web - Cactus Seny Gr\u00e0fic","og_description":"Realizamos p\u00e1ginas web, tiendas online, newsletters, publicaciones para redes sociales y campa\u00f1as de marketing digital. Llevamos tu marca m\u00e1s all\u00e1.","og_url":"https:\/\/cactussenygrafic.com\/en\/services\/web-design\/","og_site_name":"Cactus Seny Gr\u00e0fic","article_modified_time":"2022-06-01T10:33:04+00:00","og_image":[{"width":1920,"height":1440,"url":"https:\/\/cactussenygrafic.com\/wp-content\/uploads\/2022\/04\/renovandrent-mobile.jpg","type":"image\/jpeg"}],"twitter_card":"summary_large_image","twitter_misc":{"Est. reading time":"1 minute"},"schema":{"@context":"https:\/\/schema.org","@graph":[{"@type":"WebPage","@id":"https:\/\/cactussenygrafic.com\/en\/services\/web-design\/","url":"https:\/\/cactussenygrafic.com\/en\/services\/web-design\/","name":"Web design y dise\u00f1o web - Cactus Seny Gr\u00e0fic","isPartOf":{"@id":"https:\/\/cactussenygrafic.com\/en\/#website"},"primaryImageOfPage":{"@id":"https:\/\/cactussenygrafic.com\/en\/services\/web-design\/#primaryimage"},"image":{"@id":"https:\/\/cactussenygrafic.com\/en\/services\/web-design\/#primaryimage"},"thumbnailUrl":"https:\/\/cactussenygrafic.com\/wp-content\/uploads\/2022\/04\/renovandrent-mobile.jpg","datePublished":"2020-12-22T16:24:35+00:00","dateModified":"2022-06-01T10:33:04+00:00","description":"Realizamos p\u00e1ginas web, tiendas online, newsletters, publicaciones para redes sociales y campa\u00f1as de marketing digital. Llevamos tu marca m\u00e1s all\u00e1.","breadcrumb":{"@id":"https:\/\/cactussenygrafic.com\/en\/services\/web-design\/#breadcrumb"},"inLanguage":"en-US","potentialAction":[{"@type":"ReadAction","target":["https:\/\/cactussenygrafic.com\/en\/services\/web-design\/"]}]},{"@type":"ImageObject","inLanguage":"en-US","@id":"https:\/\/cactussenygrafic.com\/en\/services\/web-design\/#primaryimage","url":"https:\/\/cactussenygrafic.com\/wp-content\/uploads\/2022\/04\/renovandrent-mobile.jpg","contentUrl":"https:\/\/cactussenygrafic.com\/wp-content\/uploads\/2022\/04\/renovandrent-mobile.jpg","width":1920,"height":1440},{"@type":"BreadcrumbList","@id":"https:\/\/cactussenygrafic.com\/en\/services\/web-design\/#breadcrumb","itemListElement":[{"@type":"ListItem","position":1,"name":"Portada","item":"https:\/\/cactussenygrafic.com\/en\/"},{"@type":"ListItem","position":2,"name":"Services","item":"https:\/\/cactussenygrafic.com\/en\/services\/"},{"@type":"ListItem","position":3,"name":"Web design"}]},{"@type":"WebSite","@id":"https:\/\/cactussenygrafic.com\/en\/#website","url":"https:\/\/cactussenygrafic.com\/en\/","name":"Cactus Seny Gr\u00e0fic","description":"Estudi de disseny gr\u00e0fic i web a Barcelona i Sabadell","potentialAction":[{"@type":"SearchAction","target":{"@type":"EntryPoint","urlTemplate":"https:\/\/cactussenygrafic.com\/en\/?s={search_term_string}"},"query-input":{"@type":"PropertyValueSpecification","valueRequired":true,"valueName":"search_term_string"}}],"inLanguage":"en-US"}]}},"_links":{"self":[{"href":"https:\/\/cactussenygrafic.com\/en\/wp-json\/wp\/v2\/pages\/3460","targetHints":{"allow":["GET"]}}],"collection":[{"href":"https:\/\/cactussenygrafic.com\/en\/wp-json\/wp\/v2\/pages"}],"about":[{"href":"https:\/\/cactussenygrafic.com\/en\/wp-json\/wp\/v2\/types\/page"}],"author":[{"embeddable":true,"href":"https:\/\/cactussenygrafic.com\/en\/wp-json\/wp\/v2\/users\/1"}],"replies":[{"embeddable":true,"href":"https:\/\/cactussenygrafic.com\/en\/wp-json\/wp\/v2\/comments?post=3460"}],"version-history":[{"count":0,"href":"https:\/\/cactussenygrafic.com\/en\/wp-json\/wp\/v2\/pages\/3460\/revisions"}],"up":[{"embeddable":true,"href":"https:\/\/cactussenygrafic.com\/en\/wp-json\/wp\/v2\/pages\/3444"}],"wp:featuredmedia":[{"embeddable":true,"href":"https:\/\/cactussenygrafic.com\/en\/wp-json\/wp\/v2\/media\/3289"}],"wp:attachment":[{"href":"https:\/\/cactussenygrafic.com\/en\/wp-json\/wp\/v2\/media?parent=3460"}],"curies":[{"name":"wp","href":"https:\/\/api.w.org\/{rel}","templated":true}]}}