{"id":1590,"date":"2020-12-22T16:25:50","date_gmt":"2020-12-22T16:25:50","guid":{"rendered":"https:\/\/cactussenygrafic.com\/programacio\/"},"modified":"2023-05-17T16:58:26","modified_gmt":"2023-05-17T16:58:26","slug":"programacion","status":"publish","type":"page","link":"https:\/\/cactussenygrafic.com\/es\/servicios\/programacion\/","title":{"rendered":"Programaci\u00f3n web"},"content":{"rendered":"<p>Trabajamos con las \u00faltimas tecnolog\u00edas creando webs y tiendas online de gran valor a\u00f1adido, adapt\u00e1ndonos a tus necesidades. Somos expertos en WordPress, la tecnolog\u00eda online m\u00e1s utilizada que permite actualizar f\u00e1cilmente los contenidos web.<\/p>\n","protected":false},"excerpt":{"rendered":"<p>Trabajamos con las \u00faltimas tecnolog\u00edas creando webs y tiendas online de gran valor a\u00f1adido, adapt\u00e1ndonos a tus necesidades. Somos expertos en WordPress, la tecnolog\u00eda online m\u00e1s utilizada que permite actualizar f\u00e1cilmente los contenidos web.<\/p>\n","protected":false},"author":1,"featured_media":3144,"parent":1611,"menu_order":0,"comment_status":"closed","ping_status":"closed","template":"page-templates\/page-servei.php","meta":{"_acf_changed":false,"inline_featured_image":false,"footnotes":""},"class_list":["post-1590","page","type-page","status-publish","has-post-thumbnail","hentry"],"acf":[],"yoast_head":"<!-- This site is optimized with the Yoast SEO plugin v27.3 - https:\/\/yoast.com\/product\/yoast-seo-wordpress\/ -->\n<title>Programaci\u00f3n web y Wordpress en Sabadell - Cactus Seny Gr\u00e0fic<\/title>\n<meta name=\"description\" content=\"Somos expertos en WordPress, la tecnolog\u00eda en l\u00ednea m\u00e1s utilizada y desarrollamos nuestros proyectos con un dise\u00f1o 100% a medida.\" \/>\n<meta name=\"robots\" content=\"index, follow, max-snippet:-1, max-image-preview:large, max-video-preview:-1\" \/>\n<link rel=\"canonical\" href=\"https:\/\/cactussenygrafic.com\/es\/servicios\/programacion\/\" \/>\n<meta property=\"og:locale\" content=\"es_ES\" \/>\n<meta property=\"og:type\" content=\"article\" \/>\n<meta property=\"og:title\" content=\"Programaci\u00f3n web y Wordpress en Sabadell - Cactus Seny Gr\u00e0fic\" \/>\n<meta property=\"og:description\" content=\"Somos expertos en WordPress, la tecnolog\u00eda en l\u00ednea m\u00e1s utilizada y desarrollamos nuestros proyectos con un dise\u00f1o 100% a medida.\" \/>\n<meta property=\"og:url\" content=\"https:\/\/cactussenygrafic.com\/es\/servicios\/programacion\/\" \/>\n<meta property=\"og:site_name\" content=\"Cactus Seny Gr\u00e0fic\" \/>\n<meta property=\"article:modified_time\" content=\"2023-05-17T16:58:26+00:00\" \/>\n<meta property=\"og:image\" content=\"https:\/\/cactussenygrafic.com\/wp-content\/uploads\/2022\/04\/disseny-web-cactus-seny-cactus.jpg\" \/>\n\t<meta property=\"og:image:width\" content=\"1800\" \/>\n\t<meta property=\"og:image:height\" content=\"1350\" \/>\n\t<meta property=\"og:image:type\" content=\"image\/jpeg\" \/>\n<meta name=\"twitter:card\" content=\"summary_large_image\" \/>\n<meta name=\"twitter:label1\" content=\"Tiempo de lectura\" \/>\n\t<meta name=\"twitter:data1\" content=\"1 minuto\" \/>\n<script type=\"application\/ld+json\" class=\"yoast-schema-graph\">{\"@context\":\"https:\\\/\\\/schema.org\",\"@graph\":[{\"@type\":\"WebPage\",\"@id\":\"https:\\\/\\\/cactussenygrafic.com\\\/es\\\/servicios\\\/programacion\\\/\",\"url\":\"https:\\\/\\\/cactussenygrafic.com\\\/es\\\/servicios\\\/programacion\\\/\",\"name\":\"Programaci\u00f3n web y Wordpress en Sabadell - Cactus Seny Gr\u00e0fic\",\"isPartOf\":{\"@id\":\"https:\\\/\\\/cactussenygrafic.com\\\/es\\\/#website\"},\"primaryImageOfPage\":{\"@id\":\"https:\\\/\\\/cactussenygrafic.com\\\/es\\\/servicios\\\/programacion\\\/#primaryimage\"},\"image\":{\"@id\":\"https:\\\/\\\/cactussenygrafic.com\\\/es\\\/servicios\\\/programacion\\\/#primaryimage\"},\"thumbnailUrl\":\"https:\\\/\\\/cactussenygrafic.com\\\/wp-content\\\/uploads\\\/2022\\\/04\\\/disseny-web-cactus-seny-cactus.jpg\",\"datePublished\":\"2020-12-22T16:25:50+00:00\",\"dateModified\":\"2023-05-17T16:58:26+00:00\",\"description\":\"Somos expertos en WordPress, la tecnolog\u00eda en l\u00ednea m\u00e1s utilizada y desarrollamos nuestros proyectos con un dise\u00f1o 100% a medida.\",\"breadcrumb\":{\"@id\":\"https:\\\/\\\/cactussenygrafic.com\\\/es\\\/servicios\\\/programacion\\\/#breadcrumb\"},\"inLanguage\":\"es\",\"potentialAction\":[{\"@type\":\"ReadAction\",\"target\":[\"https:\\\/\\\/cactussenygrafic.com\\\/es\\\/servicios\\\/programacion\\\/\"]}]},{\"@type\":\"ImageObject\",\"inLanguage\":\"es\",\"@id\":\"https:\\\/\\\/cactussenygrafic.com\\\/es\\\/servicios\\\/programacion\\\/#primaryimage\",\"url\":\"https:\\\/\\\/cactussenygrafic.com\\\/wp-content\\\/uploads\\\/2022\\\/04\\\/disseny-web-cactus-seny-cactus.jpg\",\"contentUrl\":\"https:\\\/\\\/cactussenygrafic.com\\\/wp-content\\\/uploads\\\/2022\\\/04\\\/disseny-web-cactus-seny-cactus.jpg\",\"width\":1800,\"height\":1350,\"caption\":\"Disseny i programaci\u00f3 web Worpress a Sabadell i Barcelona\"},{\"@type\":\"BreadcrumbList\",\"@id\":\"https:\\\/\\\/cactussenygrafic.com\\\/es\\\/servicios\\\/programacion\\\/#breadcrumb\",\"itemListElement\":[{\"@type\":\"ListItem\",\"position\":1,\"name\":\"Portada\",\"item\":\"https:\\\/\\\/cactussenygrafic.com\\\/es\\\/\"},{\"@type\":\"ListItem\",\"position\":2,\"name\":\"Servicios\",\"item\":\"https:\\\/\\\/cactussenygrafic.com\\\/es\\\/servicios\\\/\"},{\"@type\":\"ListItem\",\"position\":3,\"name\":\"Programaci\u00f3n web\"}]},{\"@type\":\"WebSite\",\"@id\":\"https:\\\/\\\/cactussenygrafic.com\\\/es\\\/#website\",\"url\":\"https:\\\/\\\/cactussenygrafic.com\\\/es\\\/\",\"name\":\"Cactus Seny Gr\u00e0fic\",\"description\":\"Estudi de disseny gr\u00e0fic i web a Barcelona i Sabadell\",\"potentialAction\":[{\"@type\":\"SearchAction\",\"target\":{\"@type\":\"EntryPoint\",\"urlTemplate\":\"https:\\\/\\\/cactussenygrafic.com\\\/es\\\/?s={search_term_string}\"},\"query-input\":{\"@type\":\"PropertyValueSpecification\",\"valueRequired\":true,\"valueName\":\"search_term_string\"}}],\"inLanguage\":\"es\"}]}<\/script>\n<!-- \/ Yoast SEO plugin. -->","yoast_head_json":{"title":"Programaci\u00f3n web y Wordpress en Sabadell - Cactus Seny Gr\u00e0fic","description":"Somos expertos en WordPress, la tecnolog\u00eda en l\u00ednea m\u00e1s utilizada y desarrollamos nuestros proyectos con un dise\u00f1o 100% a medida.","robots":{"index":"index","follow":"follow","max-snippet":"max-snippet:-1","max-image-preview":"max-image-preview:large","max-video-preview":"max-video-preview:-1"},"canonical":"https:\/\/cactussenygrafic.com\/es\/servicios\/programacion\/","og_locale":"es_ES","og_type":"article","og_title":"Programaci\u00f3n web y Wordpress en Sabadell - Cactus Seny Gr\u00e0fic","og_description":"Somos expertos en WordPress, la tecnolog\u00eda en l\u00ednea m\u00e1s utilizada y desarrollamos nuestros proyectos con un dise\u00f1o 100% a medida.","og_url":"https:\/\/cactussenygrafic.com\/es\/servicios\/programacion\/","og_site_name":"Cactus Seny Gr\u00e0fic","article_modified_time":"2023-05-17T16:58:26+00:00","og_image":[{"width":1800,"height":1350,"url":"https:\/\/cactussenygrafic.com\/wp-content\/uploads\/2022\/04\/disseny-web-cactus-seny-cactus.jpg","type":"image\/jpeg"}],"twitter_card":"summary_large_image","twitter_misc":{"Tiempo de lectura":"1 minuto"},"schema":{"@context":"https:\/\/schema.org","@graph":[{"@type":"WebPage","@id":"https:\/\/cactussenygrafic.com\/es\/servicios\/programacion\/","url":"https:\/\/cactussenygrafic.com\/es\/servicios\/programacion\/","name":"Programaci\u00f3n web y Wordpress en Sabadell - Cactus Seny Gr\u00e0fic","isPartOf":{"@id":"https:\/\/cactussenygrafic.com\/es\/#website"},"primaryImageOfPage":{"@id":"https:\/\/cactussenygrafic.com\/es\/servicios\/programacion\/#primaryimage"},"image":{"@id":"https:\/\/cactussenygrafic.com\/es\/servicios\/programacion\/#primaryimage"},"thumbnailUrl":"https:\/\/cactussenygrafic.com\/wp-content\/uploads\/2022\/04\/disseny-web-cactus-seny-cactus.jpg","datePublished":"2020-12-22T16:25:50+00:00","dateModified":"2023-05-17T16:58:26+00:00","description":"Somos expertos en WordPress, la tecnolog\u00eda en l\u00ednea m\u00e1s utilizada y desarrollamos nuestros proyectos con un dise\u00f1o 100% a medida.","breadcrumb":{"@id":"https:\/\/cactussenygrafic.com\/es\/servicios\/programacion\/#breadcrumb"},"inLanguage":"es","potentialAction":[{"@type":"ReadAction","target":["https:\/\/cactussenygrafic.com\/es\/servicios\/programacion\/"]}]},{"@type":"ImageObject","inLanguage":"es","@id":"https:\/\/cactussenygrafic.com\/es\/servicios\/programacion\/#primaryimage","url":"https:\/\/cactussenygrafic.com\/wp-content\/uploads\/2022\/04\/disseny-web-cactus-seny-cactus.jpg","contentUrl":"https:\/\/cactussenygrafic.com\/wp-content\/uploads\/2022\/04\/disseny-web-cactus-seny-cactus.jpg","width":1800,"height":1350,"caption":"Disseny i programaci\u00f3 web Worpress a Sabadell i Barcelona"},{"@type":"BreadcrumbList","@id":"https:\/\/cactussenygrafic.com\/es\/servicios\/programacion\/#breadcrumb","itemListElement":[{"@type":"ListItem","position":1,"name":"Portada","item":"https:\/\/cactussenygrafic.com\/es\/"},{"@type":"ListItem","position":2,"name":"Servicios","item":"https:\/\/cactussenygrafic.com\/es\/servicios\/"},{"@type":"ListItem","position":3,"name":"Programaci\u00f3n web"}]},{"@type":"WebSite","@id":"https:\/\/cactussenygrafic.com\/es\/#website","url":"https:\/\/cactussenygrafic.com\/es\/","name":"Cactus Seny Gr\u00e0fic","description":"Estudi de disseny gr\u00e0fic i web a Barcelona i Sabadell","potentialAction":[{"@type":"SearchAction","target":{"@type":"EntryPoint","urlTemplate":"https:\/\/cactussenygrafic.com\/es\/?s={search_term_string}"},"query-input":{"@type":"PropertyValueSpecification","valueRequired":true,"valueName":"search_term_string"}}],"inLanguage":"es"}]}},"_links":{"self":[{"href":"https:\/\/cactussenygrafic.com\/es\/wp-json\/wp\/v2\/pages\/1590","targetHints":{"allow":["GET"]}}],"collection":[{"href":"https:\/\/cactussenygrafic.com\/es\/wp-json\/wp\/v2\/pages"}],"about":[{"href":"https:\/\/cactussenygrafic.com\/es\/wp-json\/wp\/v2\/types\/page"}],"author":[{"embeddable":true,"href":"https:\/\/cactussenygrafic.com\/es\/wp-json\/wp\/v2\/users\/1"}],"replies":[{"embeddable":true,"href":"https:\/\/cactussenygrafic.com\/es\/wp-json\/wp\/v2\/comments?post=1590"}],"version-history":[{"count":2,"href":"https:\/\/cactussenygrafic.com\/es\/wp-json\/wp\/v2\/pages\/1590\/revisions"}],"predecessor-version":[{"id":4955,"href":"https:\/\/cactussenygrafic.com\/es\/wp-json\/wp\/v2\/pages\/1590\/revisions\/4955"}],"up":[{"embeddable":true,"href":"https:\/\/cactussenygrafic.com\/es\/wp-json\/wp\/v2\/pages\/1611"}],"wp:featuredmedia":[{"embeddable":true,"href":"https:\/\/cactussenygrafic.com\/es\/wp-json\/wp\/v2\/media\/3144"}],"wp:attachment":[{"href":"https:\/\/cactussenygrafic.com\/es\/wp-json\/wp\/v2\/media?parent=1590"}],"curies":[{"name":"wp","href":"https:\/\/api.w.org\/{rel}","templated":true}]}}