{"id":1593,"date":"2020-12-22T16:26:20","date_gmt":"2020-12-22T16:26:20","guid":{"rendered":"https:\/\/cactussenygrafic.com\/estrategia\/"},"modified":"2021-03-05T13:20:23","modified_gmt":"2021-03-05T13:20:23","slug":"estrategia","status":"publish","type":"page","link":"https:\/\/cactussenygrafic.com\/es\/servicios\/estrategia\/","title":{"rendered":"Estrategia"},"content":{"rendered":"<p>Somos capaces de digitalizar los procesos internos de tu empresa. Aumentamos tu presencia online para captar m\u00e1s clientes y aumentar ventas, ofreciendo un constante an\u00e1lisis de la situaci\u00f3n.<\/p>\n","protected":false},"excerpt":{"rendered":"<p>Somos capaces de digitalizar los procesos internos de tu empresa. Aumentamos tu presencia online para captar m\u00e1s clientes y aumentar ventas, ofreciendo un constante an\u00e1lisis de la situaci\u00f3n.<\/p>\n","protected":false},"author":1,"featured_media":0,"parent":1611,"menu_order":0,"comment_status":"closed","ping_status":"closed","template":"page-templates\/page-servei.php","meta":{"_acf_changed":false,"inline_featured_image":false,"footnotes":""},"class_list":["post-1593","page","type-page","status-publish","hentry"],"acf":[],"yoast_head":"<!-- This site is optimized with the Yoast SEO plugin v27.3 - https:\/\/yoast.com\/product\/yoast-seo-wordpress\/ -->\n<title>Marketing online, posicionamento SEO y contenidos - Cactus Seny Gr\u00e0fic<\/title>\n<meta name=\"description\" content=\"Mejoramos la presencia online de tu marca tanto en el apartado de dise\u00f1o como en el comunicativo, expertos en SEO, Redes Sociales y creaci\u00f3n de contenido.\" \/>\n<meta name=\"robots\" content=\"index, follow, max-snippet:-1, max-image-preview:large, max-video-preview:-1\" \/>\n<link rel=\"canonical\" href=\"https:\/\/cactussenygrafic.com\/es\/servicios\/estrategia\/\" \/>\n<meta property=\"og:locale\" content=\"es_ES\" \/>\n<meta property=\"og:type\" content=\"article\" \/>\n<meta property=\"og:title\" content=\"Marketing online, posicionamento SEO y contenidos - Cactus Seny Gr\u00e0fic\" \/>\n<meta property=\"og:description\" content=\"Mejoramos la presencia online de tu marca tanto en el apartado de dise\u00f1o como en el comunicativo, expertos en SEO, Redes Sociales y creaci\u00f3n de contenido.\" \/>\n<meta property=\"og:url\" content=\"https:\/\/cactussenygrafic.com\/es\/servicios\/estrategia\/\" \/>\n<meta property=\"og:site_name\" content=\"Cactus Seny Gr\u00e0fic\" \/>\n<meta property=\"article:modified_time\" content=\"2021-03-05T13:20:23+00:00\" \/>\n<meta name=\"twitter:card\" content=\"summary_large_image\" \/>\n<meta name=\"twitter:label1\" content=\"Tiempo de lectura\" \/>\n\t<meta name=\"twitter:data1\" content=\"1 minuto\" \/>\n<script type=\"application\/ld+json\" class=\"yoast-schema-graph\">{\"@context\":\"https:\\\/\\\/schema.org\",\"@graph\":[{\"@type\":\"WebPage\",\"@id\":\"https:\\\/\\\/cactussenygrafic.com\\\/es\\\/servicios\\\/estrategia\\\/\",\"url\":\"https:\\\/\\\/cactussenygrafic.com\\\/es\\\/servicios\\\/estrategia\\\/\",\"name\":\"Marketing online, posicionamento SEO y contenidos - Cactus Seny Gr\u00e0fic\",\"isPartOf\":{\"@id\":\"https:\\\/\\\/cactussenygrafic.com\\\/es\\\/#website\"},\"datePublished\":\"2020-12-22T16:26:20+00:00\",\"dateModified\":\"2021-03-05T13:20:23+00:00\",\"description\":\"Mejoramos la presencia online de tu marca tanto en el apartado de dise\u00f1o como en el comunicativo, expertos en SEO, Redes Sociales y creaci\u00f3n de contenido.\",\"breadcrumb\":{\"@id\":\"https:\\\/\\\/cactussenygrafic.com\\\/es\\\/servicios\\\/estrategia\\\/#breadcrumb\"},\"inLanguage\":\"es\",\"potentialAction\":[{\"@type\":\"ReadAction\",\"target\":[\"https:\\\/\\\/cactussenygrafic.com\\\/es\\\/servicios\\\/estrategia\\\/\"]}]},{\"@type\":\"BreadcrumbList\",\"@id\":\"https:\\\/\\\/cactussenygrafic.com\\\/es\\\/servicios\\\/estrategia\\\/#breadcrumb\",\"itemListElement\":[{\"@type\":\"ListItem\",\"position\":1,\"name\":\"Portada\",\"item\":\"https:\\\/\\\/cactussenygrafic.com\\\/es\\\/\"},{\"@type\":\"ListItem\",\"position\":2,\"name\":\"Servicios\",\"item\":\"https:\\\/\\\/cactussenygrafic.com\\\/es\\\/servicios\\\/\"},{\"@type\":\"ListItem\",\"position\":3,\"name\":\"Estrategia\"}]},{\"@type\":\"WebSite\",\"@id\":\"https:\\\/\\\/cactussenygrafic.com\\\/es\\\/#website\",\"url\":\"https:\\\/\\\/cactussenygrafic.com\\\/es\\\/\",\"name\":\"Cactus Seny Gr\u00e0fic\",\"description\":\"Estudi de disseny gr\u00e0fic i web a Barcelona i Sabadell\",\"potentialAction\":[{\"@type\":\"SearchAction\",\"target\":{\"@type\":\"EntryPoint\",\"urlTemplate\":\"https:\\\/\\\/cactussenygrafic.com\\\/es\\\/?s={search_term_string}\"},\"query-input\":{\"@type\":\"PropertyValueSpecification\",\"valueRequired\":true,\"valueName\":\"search_term_string\"}}],\"inLanguage\":\"es\"}]}<\/script>\n<!-- \/ Yoast SEO plugin. -->","yoast_head_json":{"title":"Marketing online, posicionamento SEO y contenidos - Cactus Seny Gr\u00e0fic","description":"Mejoramos la presencia online de tu marca tanto en el apartado de dise\u00f1o como en el comunicativo, expertos en SEO, Redes Sociales y creaci\u00f3n de contenido.","robots":{"index":"index","follow":"follow","max-snippet":"max-snippet:-1","max-image-preview":"max-image-preview:large","max-video-preview":"max-video-preview:-1"},"canonical":"https:\/\/cactussenygrafic.com\/es\/servicios\/estrategia\/","og_locale":"es_ES","og_type":"article","og_title":"Marketing online, posicionamento SEO y contenidos - Cactus Seny Gr\u00e0fic","og_description":"Mejoramos la presencia online de tu marca tanto en el apartado de dise\u00f1o como en el comunicativo, expertos en SEO, Redes Sociales y creaci\u00f3n de contenido.","og_url":"https:\/\/cactussenygrafic.com\/es\/servicios\/estrategia\/","og_site_name":"Cactus Seny Gr\u00e0fic","article_modified_time":"2021-03-05T13:20:23+00:00","twitter_card":"summary_large_image","twitter_misc":{"Tiempo de lectura":"1 minuto"},"schema":{"@context":"https:\/\/schema.org","@graph":[{"@type":"WebPage","@id":"https:\/\/cactussenygrafic.com\/es\/servicios\/estrategia\/","url":"https:\/\/cactussenygrafic.com\/es\/servicios\/estrategia\/","name":"Marketing online, posicionamento SEO y contenidos - Cactus Seny Gr\u00e0fic","isPartOf":{"@id":"https:\/\/cactussenygrafic.com\/es\/#website"},"datePublished":"2020-12-22T16:26:20+00:00","dateModified":"2021-03-05T13:20:23+00:00","description":"Mejoramos la presencia online de tu marca tanto en el apartado de dise\u00f1o como en el comunicativo, expertos en SEO, Redes Sociales y creaci\u00f3n de contenido.","breadcrumb":{"@id":"https:\/\/cactussenygrafic.com\/es\/servicios\/estrategia\/#breadcrumb"},"inLanguage":"es","potentialAction":[{"@type":"ReadAction","target":["https:\/\/cactussenygrafic.com\/es\/servicios\/estrategia\/"]}]},{"@type":"BreadcrumbList","@id":"https:\/\/cactussenygrafic.com\/es\/servicios\/estrategia\/#breadcrumb","itemListElement":[{"@type":"ListItem","position":1,"name":"Portada","item":"https:\/\/cactussenygrafic.com\/es\/"},{"@type":"ListItem","position":2,"name":"Servicios","item":"https:\/\/cactussenygrafic.com\/es\/servicios\/"},{"@type":"ListItem","position":3,"name":"Estrategia"}]},{"@type":"WebSite","@id":"https:\/\/cactussenygrafic.com\/es\/#website","url":"https:\/\/cactussenygrafic.com\/es\/","name":"Cactus Seny Gr\u00e0fic","description":"Estudi de disseny gr\u00e0fic i web a Barcelona i Sabadell","potentialAction":[{"@type":"SearchAction","target":{"@type":"EntryPoint","urlTemplate":"https:\/\/cactussenygrafic.com\/es\/?s={search_term_string}"},"query-input":{"@type":"PropertyValueSpecification","valueRequired":true,"valueName":"search_term_string"}}],"inLanguage":"es"}]}},"_links":{"self":[{"href":"https:\/\/cactussenygrafic.com\/es\/wp-json\/wp\/v2\/pages\/1593","targetHints":{"allow":["GET"]}}],"collection":[{"href":"https:\/\/cactussenygrafic.com\/es\/wp-json\/wp\/v2\/pages"}],"about":[{"href":"https:\/\/cactussenygrafic.com\/es\/wp-json\/wp\/v2\/types\/page"}],"author":[{"embeddable":true,"href":"https:\/\/cactussenygrafic.com\/es\/wp-json\/wp\/v2\/users\/1"}],"replies":[{"embeddable":true,"href":"https:\/\/cactussenygrafic.com\/es\/wp-json\/wp\/v2\/comments?post=1593"}],"version-history":[{"count":0,"href":"https:\/\/cactussenygrafic.com\/es\/wp-json\/wp\/v2\/pages\/1593\/revisions"}],"up":[{"embeddable":true,"href":"https:\/\/cactussenygrafic.com\/es\/wp-json\/wp\/v2\/pages\/1611"}],"wp:attachment":[{"href":"https:\/\/cactussenygrafic.com\/es\/wp-json\/wp\/v2\/media?parent=1593"}],"curies":[{"name":"wp","href":"https:\/\/api.w.org\/{rel}","templated":true}]}}