{"id":1601,"date":"2020-12-22T16:24:35","date_gmt":"2020-12-22T16:24:35","guid":{"rendered":"https:\/\/cactussenygrafic.com\/disseny-online\/"},"modified":"2023-05-17T16:41:31","modified_gmt":"2023-05-17T16:41:31","slug":"diseno-web","status":"publish","type":"page","link":"https:\/\/cactussenygrafic.com\/es\/servicios\/diseno-web\/","title":{"rendered":"Dise\u00f1o web"},"content":{"rendered":"<p>En Cactus somos capaces de transformar tus ideas de cualquier producto online: p\u00e1ginas web, tiendas online, newsletters, publicaciones para redes sociales y campa\u00f1as de marketing digital. Estudiamos cada caso de manera individualizada y trabajando todos los aspectos digitales desde el propio estudio sin intermediarios.<\/p>\n","protected":false},"excerpt":{"rendered":"<p>En Cactus somos capaces de transformar tus ideas de cualquier producto online: p\u00e1ginas web, tiendas online, newsletters, publicaciones para redes sociales y campa\u00f1as de marketing digital. Estudiamos cada caso de manera individualizada y trabajando todos los aspectos digitales desde el propio estudio sin intermediarios.<\/p>\n","protected":false},"author":1,"featured_media":3290,"parent":1611,"menu_order":0,"comment_status":"closed","ping_status":"closed","template":"page-templates\/page-servei.php","meta":{"_acf_changed":false,"inline_featured_image":false,"footnotes":""},"class_list":["post-1601","page","type-page","status-publish","has-post-thumbnail","hentry"],"acf":[],"yoast_head":"<!-- This site is optimized with the Yoast SEO plugin v27.3 - https:\/\/yoast.com\/product\/yoast-seo-wordpress\/ -->\n<title>Dise\u00f1o y programaci\u00f3n web en Sabadell - Cactus Seny Gr\u00e0fic<\/title>\n<meta name=\"description\" content=\"Dise\u00f1o y programaci\u00f3n de p\u00e1ginas web, tiendas online, newsletters, redes sociales, marketing digital... en Sabadell.\" \/>\n<meta name=\"robots\" content=\"index, follow, max-snippet:-1, max-image-preview:large, max-video-preview:-1\" \/>\n<link rel=\"canonical\" href=\"https:\/\/cactussenygrafic.com\/es\/servicios\/diseno-web\/\" \/>\n<meta property=\"og:locale\" content=\"es_ES\" \/>\n<meta property=\"og:type\" content=\"article\" \/>\n<meta property=\"og:title\" content=\"Dise\u00f1o y programaci\u00f3n web en Sabadell - Cactus Seny Gr\u00e0fic\" \/>\n<meta property=\"og:description\" content=\"Dise\u00f1o y programaci\u00f3n de p\u00e1ginas web, tiendas online, newsletters, redes sociales, marketing digital... en Sabadell.\" \/>\n<meta property=\"og:url\" content=\"https:\/\/cactussenygrafic.com\/es\/servicios\/diseno-web\/\" \/>\n<meta property=\"og:site_name\" content=\"Cactus Seny Gr\u00e0fic\" \/>\n<meta property=\"article:modified_time\" content=\"2023-05-17T16:41:31+00:00\" \/>\n<meta property=\"og:image\" content=\"https:\/\/cactussenygrafic.com\/wp-content\/uploads\/2022\/04\/renovandrent-mobile.jpg\" \/>\n\t<meta property=\"og:image:width\" content=\"1920\" \/>\n\t<meta property=\"og:image:height\" content=\"1440\" \/>\n\t<meta property=\"og:image:type\" content=\"image\/jpeg\" \/>\n<meta name=\"twitter:card\" content=\"summary_large_image\" \/>\n<meta name=\"twitter:label1\" content=\"Tiempo de lectura\" \/>\n\t<meta name=\"twitter:data1\" content=\"1 minuto\" \/>\n<script type=\"application\/ld+json\" class=\"yoast-schema-graph\">{\"@context\":\"https:\\\/\\\/schema.org\",\"@graph\":[{\"@type\":\"WebPage\",\"@id\":\"https:\\\/\\\/cactussenygrafic.com\\\/es\\\/servicios\\\/diseno-web\\\/\",\"url\":\"https:\\\/\\\/cactussenygrafic.com\\\/es\\\/servicios\\\/diseno-web\\\/\",\"name\":\"Dise\u00f1o y programaci\u00f3n web en Sabadell - Cactus Seny Gr\u00e0fic\",\"isPartOf\":{\"@id\":\"https:\\\/\\\/cactussenygrafic.com\\\/es\\\/#website\"},\"primaryImageOfPage\":{\"@id\":\"https:\\\/\\\/cactussenygrafic.com\\\/es\\\/servicios\\\/diseno-web\\\/#primaryimage\"},\"image\":{\"@id\":\"https:\\\/\\\/cactussenygrafic.com\\\/es\\\/servicios\\\/diseno-web\\\/#primaryimage\"},\"thumbnailUrl\":\"https:\\\/\\\/cactussenygrafic.com\\\/wp-content\\\/uploads\\\/2022\\\/04\\\/renovandrent-mobile.jpg\",\"datePublished\":\"2020-12-22T16:24:35+00:00\",\"dateModified\":\"2023-05-17T16:41:31+00:00\",\"description\":\"Dise\u00f1o y programaci\u00f3n de p\u00e1ginas web, tiendas online, newsletters, redes sociales, marketing digital... en Sabadell.\",\"breadcrumb\":{\"@id\":\"https:\\\/\\\/cactussenygrafic.com\\\/es\\\/servicios\\\/diseno-web\\\/#breadcrumb\"},\"inLanguage\":\"es\",\"potentialAction\":[{\"@type\":\"ReadAction\",\"target\":[\"https:\\\/\\\/cactussenygrafic.com\\\/es\\\/servicios\\\/diseno-web\\\/\"]}]},{\"@type\":\"ImageObject\",\"inLanguage\":\"es\",\"@id\":\"https:\\\/\\\/cactussenygrafic.com\\\/es\\\/servicios\\\/diseno-web\\\/#primaryimage\",\"url\":\"https:\\\/\\\/cactussenygrafic.com\\\/wp-content\\\/uploads\\\/2022\\\/04\\\/renovandrent-mobile.jpg\",\"contentUrl\":\"https:\\\/\\\/cactussenygrafic.com\\\/wp-content\\\/uploads\\\/2022\\\/04\\\/renovandrent-mobile.jpg\",\"width\":1920,\"height\":1440},{\"@type\":\"BreadcrumbList\",\"@id\":\"https:\\\/\\\/cactussenygrafic.com\\\/es\\\/servicios\\\/diseno-web\\\/#breadcrumb\",\"itemListElement\":[{\"@type\":\"ListItem\",\"position\":1,\"name\":\"Portada\",\"item\":\"https:\\\/\\\/cactussenygrafic.com\\\/es\\\/\"},{\"@type\":\"ListItem\",\"position\":2,\"name\":\"Servicios\",\"item\":\"https:\\\/\\\/cactussenygrafic.com\\\/es\\\/servicios\\\/\"},{\"@type\":\"ListItem\",\"position\":3,\"name\":\"Dise\u00f1o web\"}]},{\"@type\":\"WebSite\",\"@id\":\"https:\\\/\\\/cactussenygrafic.com\\\/es\\\/#website\",\"url\":\"https:\\\/\\\/cactussenygrafic.com\\\/es\\\/\",\"name\":\"Cactus Seny Gr\u00e0fic\",\"description\":\"Estudi de disseny gr\u00e0fic i web a Barcelona i Sabadell\",\"potentialAction\":[{\"@type\":\"SearchAction\",\"target\":{\"@type\":\"EntryPoint\",\"urlTemplate\":\"https:\\\/\\\/cactussenygrafic.com\\\/es\\\/?s={search_term_string}\"},\"query-input\":{\"@type\":\"PropertyValueSpecification\",\"valueRequired\":true,\"valueName\":\"search_term_string\"}}],\"inLanguage\":\"es\"}]}<\/script>\n<!-- \/ Yoast SEO plugin. -->","yoast_head_json":{"title":"Dise\u00f1o y programaci\u00f3n web en Sabadell - Cactus Seny Gr\u00e0fic","description":"Dise\u00f1o y programaci\u00f3n de p\u00e1ginas web, tiendas online, newsletters, redes sociales, marketing digital... en Sabadell.","robots":{"index":"index","follow":"follow","max-snippet":"max-snippet:-1","max-image-preview":"max-image-preview:large","max-video-preview":"max-video-preview:-1"},"canonical":"https:\/\/cactussenygrafic.com\/es\/servicios\/diseno-web\/","og_locale":"es_ES","og_type":"article","og_title":"Dise\u00f1o y programaci\u00f3n web en Sabadell - Cactus Seny Gr\u00e0fic","og_description":"Dise\u00f1o y programaci\u00f3n de p\u00e1ginas web, tiendas online, newsletters, redes sociales, marketing digital... en Sabadell.","og_url":"https:\/\/cactussenygrafic.com\/es\/servicios\/diseno-web\/","og_site_name":"Cactus Seny Gr\u00e0fic","article_modified_time":"2023-05-17T16:41:31+00:00","og_image":[{"width":1920,"height":1440,"url":"https:\/\/cactussenygrafic.com\/wp-content\/uploads\/2022\/04\/renovandrent-mobile.jpg","type":"image\/jpeg"}],"twitter_card":"summary_large_image","twitter_misc":{"Tiempo de lectura":"1 minuto"},"schema":{"@context":"https:\/\/schema.org","@graph":[{"@type":"WebPage","@id":"https:\/\/cactussenygrafic.com\/es\/servicios\/diseno-web\/","url":"https:\/\/cactussenygrafic.com\/es\/servicios\/diseno-web\/","name":"Dise\u00f1o y programaci\u00f3n web en Sabadell - Cactus Seny Gr\u00e0fic","isPartOf":{"@id":"https:\/\/cactussenygrafic.com\/es\/#website"},"primaryImageOfPage":{"@id":"https:\/\/cactussenygrafic.com\/es\/servicios\/diseno-web\/#primaryimage"},"image":{"@id":"https:\/\/cactussenygrafic.com\/es\/servicios\/diseno-web\/#primaryimage"},"thumbnailUrl":"https:\/\/cactussenygrafic.com\/wp-content\/uploads\/2022\/04\/renovandrent-mobile.jpg","datePublished":"2020-12-22T16:24:35+00:00","dateModified":"2023-05-17T16:41:31+00:00","description":"Dise\u00f1o y programaci\u00f3n de p\u00e1ginas web, tiendas online, newsletters, redes sociales, marketing digital... en Sabadell.","breadcrumb":{"@id":"https:\/\/cactussenygrafic.com\/es\/servicios\/diseno-web\/#breadcrumb"},"inLanguage":"es","potentialAction":[{"@type":"ReadAction","target":["https:\/\/cactussenygrafic.com\/es\/servicios\/diseno-web\/"]}]},{"@type":"ImageObject","inLanguage":"es","@id":"https:\/\/cactussenygrafic.com\/es\/servicios\/diseno-web\/#primaryimage","url":"https:\/\/cactussenygrafic.com\/wp-content\/uploads\/2022\/04\/renovandrent-mobile.jpg","contentUrl":"https:\/\/cactussenygrafic.com\/wp-content\/uploads\/2022\/04\/renovandrent-mobile.jpg","width":1920,"height":1440},{"@type":"BreadcrumbList","@id":"https:\/\/cactussenygrafic.com\/es\/servicios\/diseno-web\/#breadcrumb","itemListElement":[{"@type":"ListItem","position":1,"name":"Portada","item":"https:\/\/cactussenygrafic.com\/es\/"},{"@type":"ListItem","position":2,"name":"Servicios","item":"https:\/\/cactussenygrafic.com\/es\/servicios\/"},{"@type":"ListItem","position":3,"name":"Dise\u00f1o web"}]},{"@type":"WebSite","@id":"https:\/\/cactussenygrafic.com\/es\/#website","url":"https:\/\/cactussenygrafic.com\/es\/","name":"Cactus Seny Gr\u00e0fic","description":"Estudi de disseny gr\u00e0fic i web a Barcelona i Sabadell","potentialAction":[{"@type":"SearchAction","target":{"@type":"EntryPoint","urlTemplate":"https:\/\/cactussenygrafic.com\/es\/?s={search_term_string}"},"query-input":{"@type":"PropertyValueSpecification","valueRequired":true,"valueName":"search_term_string"}}],"inLanguage":"es"}]}},"_links":{"self":[{"href":"https:\/\/cactussenygrafic.com\/es\/wp-json\/wp\/v2\/pages\/1601","targetHints":{"allow":["GET"]}}],"collection":[{"href":"https:\/\/cactussenygrafic.com\/es\/wp-json\/wp\/v2\/pages"}],"about":[{"href":"https:\/\/cactussenygrafic.com\/es\/wp-json\/wp\/v2\/types\/page"}],"author":[{"embeddable":true,"href":"https:\/\/cactussenygrafic.com\/es\/wp-json\/wp\/v2\/users\/1"}],"replies":[{"embeddable":true,"href":"https:\/\/cactussenygrafic.com\/es\/wp-json\/wp\/v2\/comments?post=1601"}],"version-history":[{"count":2,"href":"https:\/\/cactussenygrafic.com\/es\/wp-json\/wp\/v2\/pages\/1601\/revisions"}],"predecessor-version":[{"id":4953,"href":"https:\/\/cactussenygrafic.com\/es\/wp-json\/wp\/v2\/pages\/1601\/revisions\/4953"}],"up":[{"embeddable":true,"href":"https:\/\/cactussenygrafic.com\/es\/wp-json\/wp\/v2\/pages\/1611"}],"wp:featuredmedia":[{"embeddable":true,"href":"https:\/\/cactussenygrafic.com\/es\/wp-json\/wp\/v2\/media\/3290"}],"wp:attachment":[{"href":"https:\/\/cactussenygrafic.com\/es\/wp-json\/wp\/v2\/media?parent=1601"}],"curies":[{"name":"wp","href":"https:\/\/api.w.org\/{rel}","templated":true}]}}