{"id":1604,"date":"2020-12-22T16:23:15","date_gmt":"2020-12-22T16:23:15","guid":{"rendered":"https:\/\/cactussenygrafic.com\/disseny-grafic\/"},"modified":"2022-06-01T10:58:01","modified_gmt":"2022-06-01T10:58:01","slug":"diseno-grafico","status":"publish","type":"page","link":"https:\/\/cactussenygrafic.com\/es\/servicios\/diseno-grafico\/","title":{"rendered":"Dise\u00f1o gr\u00e1fico"},"content":{"rendered":"<p>Damos a tu marca la presencia que se merece. Profundizamos en su identidad, su car\u00e1cter y su historia para llevarla m\u00e1s all\u00e1, cuidando los detalles y adaptando la metodolog\u00eda y las t\u00e9cnicas en funci\u00f3n de cada proyecto.<\/p>\n","protected":false},"excerpt":{"rendered":"<p>Damos a tu marca la presencia que se merece. Profundizamos en su identidad, su car\u00e1cter y su historia para llevarla m\u00e1s all\u00e1, cuidando los detalles y adaptando la metodolog\u00eda y las t\u00e9cnicas en funci\u00f3n de cada proyecto.<\/p>\n","protected":false},"author":1,"featured_media":3737,"parent":1611,"menu_order":0,"comment_status":"closed","ping_status":"closed","template":"page-templates\/page-servei.php","meta":{"_acf_changed":false,"inline_featured_image":false,"footnotes":""},"class_list":["post-1604","page","type-page","status-publish","has-post-thumbnail","hentry"],"acf":[],"yoast_head":"<!-- This site is optimized with the Yoast SEO plugin v27.3 - https:\/\/yoast.com\/product\/yoast-seo-wordpress\/ -->\n<title>Dise\u00f1o gr\u00e1fico y publicidad en Sabadell y Barcelona - Cactus Seny Gr\u00e0fic<\/title>\n<meta name=\"description\" content=\"Dise\u00f1o gr\u00e1fico, dise\u00f1o editorial, publicidad y mucho m\u00e1s en Sabadell y Barcelona. Dotamos a tu marca de la presencia e indentidad que se merece.\" \/>\n<meta name=\"robots\" content=\"index, follow, max-snippet:-1, max-image-preview:large, max-video-preview:-1\" \/>\n<link rel=\"canonical\" href=\"https:\/\/cactussenygrafic.com\/es\/servicios\/diseno-grafico\/\" \/>\n<meta property=\"og:locale\" content=\"es_ES\" \/>\n<meta property=\"og:type\" content=\"article\" \/>\n<meta property=\"og:title\" content=\"Dise\u00f1o gr\u00e1fico y publicidad en Sabadell y Barcelona - Cactus Seny Gr\u00e0fic\" \/>\n<meta property=\"og:description\" content=\"Dise\u00f1o gr\u00e1fico, dise\u00f1o editorial, publicidad y mucho m\u00e1s en Sabadell y Barcelona. Dotamos a tu marca de la presencia e indentidad que se merece.\" \/>\n<meta property=\"og:url\" content=\"https:\/\/cactussenygrafic.com\/es\/servicios\/diseno-grafico\/\" \/>\n<meta property=\"og:site_name\" content=\"Cactus Seny Gr\u00e0fic\" \/>\n<meta property=\"article:modified_time\" content=\"2022-06-01T10:58:01+00:00\" \/>\n<meta property=\"og:image\" content=\"https:\/\/cactussenygrafic.com\/wp-content\/uploads\/2022\/04\/Mupi-Benestar-Animal-1.jpg\" \/>\n\t<meta property=\"og:image:width\" content=\"1500\" \/>\n\t<meta property=\"og:image:height\" content=\"1500\" \/>\n\t<meta property=\"og:image:type\" content=\"image\/jpeg\" \/>\n<meta name=\"twitter:card\" content=\"summary_large_image\" \/>\n<meta name=\"twitter:label1\" content=\"Tiempo de lectura\" \/>\n\t<meta name=\"twitter:data1\" content=\"1 minuto\" \/>\n<script type=\"application\/ld+json\" class=\"yoast-schema-graph\">{\"@context\":\"https:\\\/\\\/schema.org\",\"@graph\":[{\"@type\":\"WebPage\",\"@id\":\"https:\\\/\\\/cactussenygrafic.com\\\/es\\\/servicios\\\/diseno-grafico\\\/\",\"url\":\"https:\\\/\\\/cactussenygrafic.com\\\/es\\\/servicios\\\/diseno-grafico\\\/\",\"name\":\"Dise\u00f1o gr\u00e1fico y publicidad en Sabadell y Barcelona - Cactus Seny Gr\u00e0fic\",\"isPartOf\":{\"@id\":\"https:\\\/\\\/cactussenygrafic.com\\\/es\\\/#website\"},\"primaryImageOfPage\":{\"@id\":\"https:\\\/\\\/cactussenygrafic.com\\\/es\\\/servicios\\\/diseno-grafico\\\/#primaryimage\"},\"image\":{\"@id\":\"https:\\\/\\\/cactussenygrafic.com\\\/es\\\/servicios\\\/diseno-grafico\\\/#primaryimage\"},\"thumbnailUrl\":\"https:\\\/\\\/cactussenygrafic.com\\\/wp-content\\\/uploads\\\/2022\\\/04\\\/Mupi-Benestar-Animal-1.jpg\",\"datePublished\":\"2020-12-22T16:23:15+00:00\",\"dateModified\":\"2022-06-01T10:58:01+00:00\",\"description\":\"Dise\u00f1o gr\u00e1fico, dise\u00f1o editorial, publicidad y mucho m\u00e1s en Sabadell y Barcelona. Dotamos a tu marca de la presencia e indentidad que se merece.\",\"breadcrumb\":{\"@id\":\"https:\\\/\\\/cactussenygrafic.com\\\/es\\\/servicios\\\/diseno-grafico\\\/#breadcrumb\"},\"inLanguage\":\"es\",\"potentialAction\":[{\"@type\":\"ReadAction\",\"target\":[\"https:\\\/\\\/cactussenygrafic.com\\\/es\\\/servicios\\\/diseno-grafico\\\/\"]}]},{\"@type\":\"ImageObject\",\"inLanguage\":\"es\",\"@id\":\"https:\\\/\\\/cactussenygrafic.com\\\/es\\\/servicios\\\/diseno-grafico\\\/#primaryimage\",\"url\":\"https:\\\/\\\/cactussenygrafic.com\\\/wp-content\\\/uploads\\\/2022\\\/04\\\/Mupi-Benestar-Animal-1.jpg\",\"contentUrl\":\"https:\\\/\\\/cactussenygrafic.com\\\/wp-content\\\/uploads\\\/2022\\\/04\\\/Mupi-Benestar-Animal-1.jpg\",\"width\":1500,\"height\":1500},{\"@type\":\"BreadcrumbList\",\"@id\":\"https:\\\/\\\/cactussenygrafic.com\\\/es\\\/servicios\\\/diseno-grafico\\\/#breadcrumb\",\"itemListElement\":[{\"@type\":\"ListItem\",\"position\":1,\"name\":\"Portada\",\"item\":\"https:\\\/\\\/cactussenygrafic.com\\\/es\\\/\"},{\"@type\":\"ListItem\",\"position\":2,\"name\":\"Servicios\",\"item\":\"https:\\\/\\\/cactussenygrafic.com\\\/es\\\/servicios\\\/\"},{\"@type\":\"ListItem\",\"position\":3,\"name\":\"Dise\u00f1o gr\u00e1fico\"}]},{\"@type\":\"WebSite\",\"@id\":\"https:\\\/\\\/cactussenygrafic.com\\\/es\\\/#website\",\"url\":\"https:\\\/\\\/cactussenygrafic.com\\\/es\\\/\",\"name\":\"Cactus Seny Gr\u00e0fic\",\"description\":\"Estudi de disseny gr\u00e0fic i web a Barcelona i Sabadell\",\"potentialAction\":[{\"@type\":\"SearchAction\",\"target\":{\"@type\":\"EntryPoint\",\"urlTemplate\":\"https:\\\/\\\/cactussenygrafic.com\\\/es\\\/?s={search_term_string}\"},\"query-input\":{\"@type\":\"PropertyValueSpecification\",\"valueRequired\":true,\"valueName\":\"search_term_string\"}}],\"inLanguage\":\"es\"}]}<\/script>\n<!-- \/ Yoast SEO plugin. -->","yoast_head_json":{"title":"Dise\u00f1o gr\u00e1fico y publicidad en Sabadell y Barcelona - Cactus Seny Gr\u00e0fic","description":"Dise\u00f1o gr\u00e1fico, dise\u00f1o editorial, publicidad y mucho m\u00e1s en Sabadell y Barcelona. Dotamos a tu marca de la presencia e indentidad que se merece.","robots":{"index":"index","follow":"follow","max-snippet":"max-snippet:-1","max-image-preview":"max-image-preview:large","max-video-preview":"max-video-preview:-1"},"canonical":"https:\/\/cactussenygrafic.com\/es\/servicios\/diseno-grafico\/","og_locale":"es_ES","og_type":"article","og_title":"Dise\u00f1o gr\u00e1fico y publicidad en Sabadell y Barcelona - Cactus Seny Gr\u00e0fic","og_description":"Dise\u00f1o gr\u00e1fico, dise\u00f1o editorial, publicidad y mucho m\u00e1s en Sabadell y Barcelona. Dotamos a tu marca de la presencia e indentidad que se merece.","og_url":"https:\/\/cactussenygrafic.com\/es\/servicios\/diseno-grafico\/","og_site_name":"Cactus Seny Gr\u00e0fic","article_modified_time":"2022-06-01T10:58:01+00:00","og_image":[{"width":1500,"height":1500,"url":"https:\/\/cactussenygrafic.com\/wp-content\/uploads\/2022\/04\/Mupi-Benestar-Animal-1.jpg","type":"image\/jpeg"}],"twitter_card":"summary_large_image","twitter_misc":{"Tiempo de lectura":"1 minuto"},"schema":{"@context":"https:\/\/schema.org","@graph":[{"@type":"WebPage","@id":"https:\/\/cactussenygrafic.com\/es\/servicios\/diseno-grafico\/","url":"https:\/\/cactussenygrafic.com\/es\/servicios\/diseno-grafico\/","name":"Dise\u00f1o gr\u00e1fico y publicidad en Sabadell y Barcelona - Cactus Seny Gr\u00e0fic","isPartOf":{"@id":"https:\/\/cactussenygrafic.com\/es\/#website"},"primaryImageOfPage":{"@id":"https:\/\/cactussenygrafic.com\/es\/servicios\/diseno-grafico\/#primaryimage"},"image":{"@id":"https:\/\/cactussenygrafic.com\/es\/servicios\/diseno-grafico\/#primaryimage"},"thumbnailUrl":"https:\/\/cactussenygrafic.com\/wp-content\/uploads\/2022\/04\/Mupi-Benestar-Animal-1.jpg","datePublished":"2020-12-22T16:23:15+00:00","dateModified":"2022-06-01T10:58:01+00:00","description":"Dise\u00f1o gr\u00e1fico, dise\u00f1o editorial, publicidad y mucho m\u00e1s en Sabadell y Barcelona. Dotamos a tu marca de la presencia e indentidad que se merece.","breadcrumb":{"@id":"https:\/\/cactussenygrafic.com\/es\/servicios\/diseno-grafico\/#breadcrumb"},"inLanguage":"es","potentialAction":[{"@type":"ReadAction","target":["https:\/\/cactussenygrafic.com\/es\/servicios\/diseno-grafico\/"]}]},{"@type":"ImageObject","inLanguage":"es","@id":"https:\/\/cactussenygrafic.com\/es\/servicios\/diseno-grafico\/#primaryimage","url":"https:\/\/cactussenygrafic.com\/wp-content\/uploads\/2022\/04\/Mupi-Benestar-Animal-1.jpg","contentUrl":"https:\/\/cactussenygrafic.com\/wp-content\/uploads\/2022\/04\/Mupi-Benestar-Animal-1.jpg","width":1500,"height":1500},{"@type":"BreadcrumbList","@id":"https:\/\/cactussenygrafic.com\/es\/servicios\/diseno-grafico\/#breadcrumb","itemListElement":[{"@type":"ListItem","position":1,"name":"Portada","item":"https:\/\/cactussenygrafic.com\/es\/"},{"@type":"ListItem","position":2,"name":"Servicios","item":"https:\/\/cactussenygrafic.com\/es\/servicios\/"},{"@type":"ListItem","position":3,"name":"Dise\u00f1o gr\u00e1fico"}]},{"@type":"WebSite","@id":"https:\/\/cactussenygrafic.com\/es\/#website","url":"https:\/\/cactussenygrafic.com\/es\/","name":"Cactus Seny Gr\u00e0fic","description":"Estudi de disseny gr\u00e0fic i web a Barcelona i Sabadell","potentialAction":[{"@type":"SearchAction","target":{"@type":"EntryPoint","urlTemplate":"https:\/\/cactussenygrafic.com\/es\/?s={search_term_string}"},"query-input":{"@type":"PropertyValueSpecification","valueRequired":true,"valueName":"search_term_string"}}],"inLanguage":"es"}]}},"_links":{"self":[{"href":"https:\/\/cactussenygrafic.com\/es\/wp-json\/wp\/v2\/pages\/1604","targetHints":{"allow":["GET"]}}],"collection":[{"href":"https:\/\/cactussenygrafic.com\/es\/wp-json\/wp\/v2\/pages"}],"about":[{"href":"https:\/\/cactussenygrafic.com\/es\/wp-json\/wp\/v2\/types\/page"}],"author":[{"embeddable":true,"href":"https:\/\/cactussenygrafic.com\/es\/wp-json\/wp\/v2\/users\/1"}],"replies":[{"embeddable":true,"href":"https:\/\/cactussenygrafic.com\/es\/wp-json\/wp\/v2\/comments?post=1604"}],"version-history":[{"count":0,"href":"https:\/\/cactussenygrafic.com\/es\/wp-json\/wp\/v2\/pages\/1604\/revisions"}],"up":[{"embeddable":true,"href":"https:\/\/cactussenygrafic.com\/es\/wp-json\/wp\/v2\/pages\/1611"}],"wp:featuredmedia":[{"embeddable":true,"href":"https:\/\/cactussenygrafic.com\/es\/wp-json\/wp\/v2\/media\/3737"}],"wp:attachment":[{"href":"https:\/\/cactussenygrafic.com\/es\/wp-json\/wp\/v2\/media?parent=1604"}],"curies":[{"name":"wp","href":"https:\/\/api.w.org\/{rel}","templated":true}]}}