{"id":1614,"date":"2020-08-05T10:55:34","date_gmt":"2020-08-05T10:55:34","guid":{"rendered":"https:\/\/cactussenygrafic.com\/estudi\/"},"modified":"2024-09-19T09:17:00","modified_gmt":"2024-09-19T09:17:00","slug":"estudio","status":"publish","type":"page","link":"https:\/\/cactussenygrafic.com\/es\/estudio\/","title":{"rendered":"Estudio"},"content":{"rendered":"<p>We are a graphic design and multimedia studio in Barcelona that, with creative ideas, we help to boost your business by adapting your image to new trends and new technologies.<\/p>\n","protected":false},"excerpt":{"rendered":"<p>We are a graphic design and multimedia studio in Barcelona that, with creative ideas, we help to boost your business by adapting your image to new trends and new technologies.<\/p>\n","protected":false},"author":1,"featured_media":0,"parent":0,"menu_order":0,"comment_status":"closed","ping_status":"closed","template":"page-templates\/page-estudio.php","meta":{"_acf_changed":false,"inline_featured_image":false,"footnotes":""},"class_list":["post-1614","page","type-page","status-publish","hentry"],"acf":[],"yoast_head":"<!-- This site is optimized with the Yoast SEO plugin v27.3 - https:\/\/yoast.com\/product\/yoast-seo-wordpress\/ -->\n<title>Estudio de dise\u00f1o gr\u00e1fico y web - Cactus Seny Gr\u00e0fic<\/title>\n<meta name=\"description\" content=\"Tu estudio 360\u00b0 de dise\u00f1o gr\u00e1fico y web. Con m\u00e1s de 15 a\u00f1os de experiencia te ayudamos a llevar tu marca m\u00e1s all\u00e1.\" \/>\n<meta name=\"robots\" content=\"index, follow, max-snippet:-1, max-image-preview:large, max-video-preview:-1\" \/>\n<link rel=\"canonical\" href=\"https:\/\/cactussenygrafic.com\/es\/estudio\/\" \/>\n<meta property=\"og:locale\" content=\"es_ES\" \/>\n<meta property=\"og:type\" content=\"article\" \/>\n<meta property=\"og:title\" content=\"Estudio de dise\u00f1o gr\u00e1fico y web - Cactus Seny Gr\u00e0fic\" \/>\n<meta property=\"og:description\" content=\"Tu estudio 360\u00b0 de dise\u00f1o gr\u00e1fico y web. Con m\u00e1s de 15 a\u00f1os de experiencia te ayudamos a llevar tu marca m\u00e1s all\u00e1.\" \/>\n<meta property=\"og:url\" content=\"https:\/\/cactussenygrafic.com\/es\/estudio\/\" \/>\n<meta property=\"og:site_name\" content=\"Cactus Seny Gr\u00e0fic\" \/>\n<meta property=\"article:modified_time\" content=\"2024-09-19T09:17:00+00:00\" \/>\n<meta name=\"twitter:card\" content=\"summary_large_image\" \/>\n<meta name=\"twitter:label1\" content=\"Tiempo de lectura\" \/>\n\t<meta name=\"twitter:data1\" content=\"3 minutos\" \/>\n<script type=\"application\/ld+json\" class=\"yoast-schema-graph\">{\"@context\":\"https:\\\/\\\/schema.org\",\"@graph\":[{\"@type\":\"WebPage\",\"@id\":\"https:\\\/\\\/cactussenygrafic.com\\\/es\\\/estudio\\\/\",\"url\":\"https:\\\/\\\/cactussenygrafic.com\\\/es\\\/estudio\\\/\",\"name\":\"Estudio de dise\u00f1o gr\u00e1fico y web - Cactus Seny Gr\u00e0fic\",\"isPartOf\":{\"@id\":\"https:\\\/\\\/cactussenygrafic.com\\\/es\\\/#website\"},\"datePublished\":\"2020-08-05T10:55:34+00:00\",\"dateModified\":\"2024-09-19T09:17:00+00:00\",\"description\":\"Tu estudio 360\u00b0 de dise\u00f1o gr\u00e1fico y web. Con m\u00e1s de 15 a\u00f1os de experiencia te ayudamos a llevar tu marca m\u00e1s all\u00e1.\",\"breadcrumb\":{\"@id\":\"https:\\\/\\\/cactussenygrafic.com\\\/es\\\/estudio\\\/#breadcrumb\"},\"inLanguage\":\"es\",\"potentialAction\":[{\"@type\":\"ReadAction\",\"target\":[\"https:\\\/\\\/cactussenygrafic.com\\\/es\\\/estudio\\\/\"]}]},{\"@type\":\"BreadcrumbList\",\"@id\":\"https:\\\/\\\/cactussenygrafic.com\\\/es\\\/estudio\\\/#breadcrumb\",\"itemListElement\":[{\"@type\":\"ListItem\",\"position\":1,\"name\":\"Portada\",\"item\":\"https:\\\/\\\/cactussenygrafic.com\\\/es\\\/\"},{\"@type\":\"ListItem\",\"position\":2,\"name\":\"Estudio\"}]},{\"@type\":\"WebSite\",\"@id\":\"https:\\\/\\\/cactussenygrafic.com\\\/es\\\/#website\",\"url\":\"https:\\\/\\\/cactussenygrafic.com\\\/es\\\/\",\"name\":\"Cactus Seny Gr\u00e0fic\",\"description\":\"Estudi de disseny gr\u00e0fic i web a Barcelona i Sabadell\",\"potentialAction\":[{\"@type\":\"SearchAction\",\"target\":{\"@type\":\"EntryPoint\",\"urlTemplate\":\"https:\\\/\\\/cactussenygrafic.com\\\/es\\\/?s={search_term_string}\"},\"query-input\":{\"@type\":\"PropertyValueSpecification\",\"valueRequired\":true,\"valueName\":\"search_term_string\"}}],\"inLanguage\":\"es\"}]}<\/script>\n<!-- \/ Yoast SEO plugin. -->","yoast_head_json":{"title":"Estudio de dise\u00f1o gr\u00e1fico y web - Cactus Seny Gr\u00e0fic","description":"Tu estudio 360\u00b0 de dise\u00f1o gr\u00e1fico y web. Con m\u00e1s de 15 a\u00f1os de experiencia te ayudamos a llevar tu marca m\u00e1s all\u00e1.","robots":{"index":"index","follow":"follow","max-snippet":"max-snippet:-1","max-image-preview":"max-image-preview:large","max-video-preview":"max-video-preview:-1"},"canonical":"https:\/\/cactussenygrafic.com\/es\/estudio\/","og_locale":"es_ES","og_type":"article","og_title":"Estudio de dise\u00f1o gr\u00e1fico y web - Cactus Seny Gr\u00e0fic","og_description":"Tu estudio 360\u00b0 de dise\u00f1o gr\u00e1fico y web. Con m\u00e1s de 15 a\u00f1os de experiencia te ayudamos a llevar tu marca m\u00e1s all\u00e1.","og_url":"https:\/\/cactussenygrafic.com\/es\/estudio\/","og_site_name":"Cactus Seny Gr\u00e0fic","article_modified_time":"2024-09-19T09:17:00+00:00","twitter_card":"summary_large_image","twitter_misc":{"Tiempo de lectura":"3 minutos"},"schema":{"@context":"https:\/\/schema.org","@graph":[{"@type":"WebPage","@id":"https:\/\/cactussenygrafic.com\/es\/estudio\/","url":"https:\/\/cactussenygrafic.com\/es\/estudio\/","name":"Estudio de dise\u00f1o gr\u00e1fico y web - Cactus Seny Gr\u00e0fic","isPartOf":{"@id":"https:\/\/cactussenygrafic.com\/es\/#website"},"datePublished":"2020-08-05T10:55:34+00:00","dateModified":"2024-09-19T09:17:00+00:00","description":"Tu estudio 360\u00b0 de dise\u00f1o gr\u00e1fico y web. Con m\u00e1s de 15 a\u00f1os de experiencia te ayudamos a llevar tu marca m\u00e1s all\u00e1.","breadcrumb":{"@id":"https:\/\/cactussenygrafic.com\/es\/estudio\/#breadcrumb"},"inLanguage":"es","potentialAction":[{"@type":"ReadAction","target":["https:\/\/cactussenygrafic.com\/es\/estudio\/"]}]},{"@type":"BreadcrumbList","@id":"https:\/\/cactussenygrafic.com\/es\/estudio\/#breadcrumb","itemListElement":[{"@type":"ListItem","position":1,"name":"Portada","item":"https:\/\/cactussenygrafic.com\/es\/"},{"@type":"ListItem","position":2,"name":"Estudio"}]},{"@type":"WebSite","@id":"https:\/\/cactussenygrafic.com\/es\/#website","url":"https:\/\/cactussenygrafic.com\/es\/","name":"Cactus Seny Gr\u00e0fic","description":"Estudi de disseny gr\u00e0fic i web a Barcelona i Sabadell","potentialAction":[{"@type":"SearchAction","target":{"@type":"EntryPoint","urlTemplate":"https:\/\/cactussenygrafic.com\/es\/?s={search_term_string}"},"query-input":{"@type":"PropertyValueSpecification","valueRequired":true,"valueName":"search_term_string"}}],"inLanguage":"es"}]}},"_links":{"self":[{"href":"https:\/\/cactussenygrafic.com\/es\/wp-json\/wp\/v2\/pages\/1614","targetHints":{"allow":["GET"]}}],"collection":[{"href":"https:\/\/cactussenygrafic.com\/es\/wp-json\/wp\/v2\/pages"}],"about":[{"href":"https:\/\/cactussenygrafic.com\/es\/wp-json\/wp\/v2\/types\/page"}],"author":[{"embeddable":true,"href":"https:\/\/cactussenygrafic.com\/es\/wp-json\/wp\/v2\/users\/1"}],"replies":[{"embeddable":true,"href":"https:\/\/cactussenygrafic.com\/es\/wp-json\/wp\/v2\/comments?post=1614"}],"version-history":[{"count":2,"href":"https:\/\/cactussenygrafic.com\/es\/wp-json\/wp\/v2\/pages\/1614\/revisions"}],"predecessor-version":[{"id":5326,"href":"https:\/\/cactussenygrafic.com\/es\/wp-json\/wp\/v2\/pages\/1614\/revisions\/5326"}],"wp:attachment":[{"href":"https:\/\/cactussenygrafic.com\/es\/wp-json\/wp\/v2\/media?parent=1614"}],"curies":[{"name":"wp","href":"https:\/\/api.w.org\/{rel}","templated":true}]}}