{"id":1619,"date":"2020-12-23T10:17:49","date_gmt":"2020-12-23T10:17:49","guid":{"rendered":"https:\/\/cactussenygrafic.com\/disseny-responsable\/"},"modified":"2022-12-16T08:50:31","modified_gmt":"2022-12-16T08:50:31","slug":"diseno-responsable","status":"publish","type":"page","link":"https:\/\/cactussenygrafic.com\/es\/diseno-responsable\/","title":{"rendered":"Dise\u00f1o responsable"},"content":{"rendered":"<p>El dise\u00f1o tambi\u00e9n se puede utilizar para una buena causa, nos permite comunicar valores \u00e9ticos y tambi\u00e9n aplicarlos con coherencia. En Cactus creemos que las empresas, haciendo uso del dise\u00f1o responsable, pueden aportar un gran valor a\u00f1adido al conjunto de la sociedad.<\/p>\n","protected":false},"excerpt":{"rendered":"<p>El dise\u00f1o tambi\u00e9n se puede utilizar para una buena causa, nos permite comunicar valores \u00e9ticos y tambi\u00e9n aplicarlos con coherencia. En Cactus creemos que las empresas, haciendo uso del dise\u00f1o responsable, pueden aportar un gran valor a\u00f1adido al conjunto de la sociedad.<\/p>\n","protected":false},"author":1,"featured_media":0,"parent":0,"menu_order":0,"comment_status":"closed","ping_status":"closed","template":"page-templates\/page-servei.php","meta":{"_acf_changed":false,"inline_featured_image":false,"footnotes":""},"class_list":["post-1619","page","type-page","status-publish","hentry"],"acf":[],"yoast_head":"<!-- This site is optimized with the Yoast SEO plugin v27.3 - https:\/\/yoast.com\/product\/yoast-seo-wordpress\/ -->\n<title>Dise\u00f1o responsable - Cactus Seny Gr\u00e0fic<\/title>\n<meta name=\"robots\" content=\"index, follow, max-snippet:-1, max-image-preview:large, max-video-preview:-1\" \/>\n<link rel=\"canonical\" href=\"https:\/\/cactussenygrafic.com\/es\/diseno-responsable\/\" \/>\n<meta property=\"og:locale\" content=\"es_ES\" \/>\n<meta property=\"og:type\" content=\"article\" \/>\n<meta property=\"og:title\" content=\"Dise\u00f1o responsable - Cactus Seny Gr\u00e0fic\" \/>\n<meta property=\"og:description\" content=\"El dise\u00f1o tambi\u00e9n se puede utilizar para una buena causa, nos permite comunicar valores \u00e9ticos y tambi\u00e9n aplicarlos con coherencia. En Cactus creemos que las empresas, haciendo uso del dise\u00f1o responsable, pueden aportar un gran valor a\u00f1adido al conjunto de la sociedad.\" \/>\n<meta property=\"og:url\" content=\"https:\/\/cactussenygrafic.com\/es\/diseno-responsable\/\" \/>\n<meta property=\"og:site_name\" content=\"Cactus Seny Gr\u00e0fic\" \/>\n<meta property=\"article:modified_time\" content=\"2022-12-16T08:50:31+00:00\" \/>\n<meta name=\"twitter:card\" content=\"summary_large_image\" \/>\n<meta name=\"twitter:label1\" content=\"Tiempo de lectura\" \/>\n\t<meta name=\"twitter:data1\" content=\"1 minuto\" \/>\n<script type=\"application\/ld+json\" class=\"yoast-schema-graph\">{\"@context\":\"https:\\\/\\\/schema.org\",\"@graph\":[{\"@type\":\"WebPage\",\"@id\":\"https:\\\/\\\/cactussenygrafic.com\\\/es\\\/diseno-responsable\\\/\",\"url\":\"https:\\\/\\\/cactussenygrafic.com\\\/es\\\/diseno-responsable\\\/\",\"name\":\"Dise\u00f1o responsable - Cactus Seny Gr\u00e0fic\",\"isPartOf\":{\"@id\":\"https:\\\/\\\/cactussenygrafic.com\\\/es\\\/#website\"},\"datePublished\":\"2020-12-23T10:17:49+00:00\",\"dateModified\":\"2022-12-16T08:50:31+00:00\",\"breadcrumb\":{\"@id\":\"https:\\\/\\\/cactussenygrafic.com\\\/es\\\/diseno-responsable\\\/#breadcrumb\"},\"inLanguage\":\"es\",\"potentialAction\":[{\"@type\":\"ReadAction\",\"target\":[\"https:\\\/\\\/cactussenygrafic.com\\\/es\\\/diseno-responsable\\\/\"]}]},{\"@type\":\"BreadcrumbList\",\"@id\":\"https:\\\/\\\/cactussenygrafic.com\\\/es\\\/diseno-responsable\\\/#breadcrumb\",\"itemListElement\":[{\"@type\":\"ListItem\",\"position\":1,\"name\":\"Portada\",\"item\":\"https:\\\/\\\/cactussenygrafic.com\\\/es\\\/\"},{\"@type\":\"ListItem\",\"position\":2,\"name\":\"Dise\u00f1o responsable\"}]},{\"@type\":\"WebSite\",\"@id\":\"https:\\\/\\\/cactussenygrafic.com\\\/es\\\/#website\",\"url\":\"https:\\\/\\\/cactussenygrafic.com\\\/es\\\/\",\"name\":\"Cactus Seny Gr\u00e0fic\",\"description\":\"Estudi de disseny gr\u00e0fic i web a Barcelona i Sabadell\",\"potentialAction\":[{\"@type\":\"SearchAction\",\"target\":{\"@type\":\"EntryPoint\",\"urlTemplate\":\"https:\\\/\\\/cactussenygrafic.com\\\/es\\\/?s={search_term_string}\"},\"query-input\":{\"@type\":\"PropertyValueSpecification\",\"valueRequired\":true,\"valueName\":\"search_term_string\"}}],\"inLanguage\":\"es\"}]}<\/script>\n<!-- \/ Yoast SEO plugin. -->","yoast_head_json":{"title":"Dise\u00f1o responsable - Cactus Seny Gr\u00e0fic","robots":{"index":"index","follow":"follow","max-snippet":"max-snippet:-1","max-image-preview":"max-image-preview:large","max-video-preview":"max-video-preview:-1"},"canonical":"https:\/\/cactussenygrafic.com\/es\/diseno-responsable\/","og_locale":"es_ES","og_type":"article","og_title":"Dise\u00f1o responsable - Cactus Seny Gr\u00e0fic","og_description":"El dise\u00f1o tambi\u00e9n se puede utilizar para una buena causa, nos permite comunicar valores \u00e9ticos y tambi\u00e9n aplicarlos con coherencia. En Cactus creemos que las empresas, haciendo uso del dise\u00f1o responsable, pueden aportar un gran valor a\u00f1adido al conjunto de la sociedad.","og_url":"https:\/\/cactussenygrafic.com\/es\/diseno-responsable\/","og_site_name":"Cactus Seny Gr\u00e0fic","article_modified_time":"2022-12-16T08:50:31+00:00","twitter_card":"summary_large_image","twitter_misc":{"Tiempo de lectura":"1 minuto"},"schema":{"@context":"https:\/\/schema.org","@graph":[{"@type":"WebPage","@id":"https:\/\/cactussenygrafic.com\/es\/diseno-responsable\/","url":"https:\/\/cactussenygrafic.com\/es\/diseno-responsable\/","name":"Dise\u00f1o responsable - Cactus Seny Gr\u00e0fic","isPartOf":{"@id":"https:\/\/cactussenygrafic.com\/es\/#website"},"datePublished":"2020-12-23T10:17:49+00:00","dateModified":"2022-12-16T08:50:31+00:00","breadcrumb":{"@id":"https:\/\/cactussenygrafic.com\/es\/diseno-responsable\/#breadcrumb"},"inLanguage":"es","potentialAction":[{"@type":"ReadAction","target":["https:\/\/cactussenygrafic.com\/es\/diseno-responsable\/"]}]},{"@type":"BreadcrumbList","@id":"https:\/\/cactussenygrafic.com\/es\/diseno-responsable\/#breadcrumb","itemListElement":[{"@type":"ListItem","position":1,"name":"Portada","item":"https:\/\/cactussenygrafic.com\/es\/"},{"@type":"ListItem","position":2,"name":"Dise\u00f1o responsable"}]},{"@type":"WebSite","@id":"https:\/\/cactussenygrafic.com\/es\/#website","url":"https:\/\/cactussenygrafic.com\/es\/","name":"Cactus Seny Gr\u00e0fic","description":"Estudi de disseny gr\u00e0fic i web a Barcelona i Sabadell","potentialAction":[{"@type":"SearchAction","target":{"@type":"EntryPoint","urlTemplate":"https:\/\/cactussenygrafic.com\/es\/?s={search_term_string}"},"query-input":{"@type":"PropertyValueSpecification","valueRequired":true,"valueName":"search_term_string"}}],"inLanguage":"es"}]}},"_links":{"self":[{"href":"https:\/\/cactussenygrafic.com\/es\/wp-json\/wp\/v2\/pages\/1619","targetHints":{"allow":["GET"]}}],"collection":[{"href":"https:\/\/cactussenygrafic.com\/es\/wp-json\/wp\/v2\/pages"}],"about":[{"href":"https:\/\/cactussenygrafic.com\/es\/wp-json\/wp\/v2\/types\/page"}],"author":[{"embeddable":true,"href":"https:\/\/cactussenygrafic.com\/es\/wp-json\/wp\/v2\/users\/1"}],"replies":[{"embeddable":true,"href":"https:\/\/cactussenygrafic.com\/es\/wp-json\/wp\/v2\/comments?post=1619"}],"version-history":[{"count":1,"href":"https:\/\/cactussenygrafic.com\/es\/wp-json\/wp\/v2\/pages\/1619\/revisions"}],"predecessor-version":[{"id":4856,"href":"https:\/\/cactussenygrafic.com\/es\/wp-json\/wp\/v2\/pages\/1619\/revisions\/4856"}],"wp:attachment":[{"href":"https:\/\/cactussenygrafic.com\/es\/wp-json\/wp\/v2\/media?parent=1619"}],"curies":[{"name":"wp","href":"https:\/\/api.w.org\/{rel}","templated":true}]}}