{"id":1692,"date":"2021-02-15T18:16:30","date_gmt":"2021-02-15T18:16:30","guid":{"rendered":"https:\/\/cactussenygrafic.com\/?page_id=1692"},"modified":"2021-03-17T13:25:08","modified_gmt":"2021-03-17T13:25:08","slug":"politica-de-cookies","status":"publish","type":"page","link":"https:\/\/cactussenygrafic.com\/es\/politica-de-cookies\/","title":{"rendered":"Pol\u00edtica de cookies"},"content":{"rendered":"<p>&nbsp;<\/p>\n<p><b>\u00bfQu\u00e9 son las cookies?<\/b><\/p>\n<p><span style=\"font-weight: 400;\">Las cookies son peque\u00f1os archivos de datos que llegan al terminal desde el sitio web visitado y se usan para registrar ciertas interacciones de la navegaci\u00f3n en un sitio web almacenando datos que podr\u00e1n ser actualizados y recuperados. Estos archivos se almacenan en el ordenador del usuario y contiene datos an\u00f3nimos que no son perjudiciales para su equipo. Se utilizan para recordar las preferencias del usuario, como por ejemplo el idioma seleccionado, los datos de acceso o la personalizaci\u00f3n de la p\u00e1gina.<\/span><\/p>\n<p><span style=\"font-weight: 400;\">Las cookies tambi\u00e9n pueden ser utilizadas para registrar informaci\u00f3n an\u00f3nima sobre c\u00f3mo utiliza el lugar el visitante. Por ejemplo, desde qu\u00e9 p\u00e1gina web ha accedido o si ha utilizado un banner publicitario para llegar.<\/span><\/p>\n<p>&nbsp;<\/p>\n<p><b>Cactus Seny Gr\u00e0fic usa\u2026<\/b><\/p>\n<p><b>Cookies t\u00e9cnicas:<\/b><span style=\"font-weight: 400;\"> aquellas imprescindibles y estrictamente necesarias para el funcionamiento correcto de un sitio web y la utilizaci\u00f3n de las diferentes opciones y servicios que ofrece. Por ejemplo, las que sirven para el mantenimiento de la sesi\u00f3n, gesti\u00f3n del tiempo de respuesta, rendimiento o validaci\u00f3n de opciones, uso de elementos de seguridad, compartici\u00f3n de contenido con redes sociales, etc.<\/span><\/p>\n<p><b>Cookies anal\u00edticas: <\/b><span style=\"font-weight: 400;\">Las cookies anal\u00edticas son las utilizadas por nuestro sitio web para elaborar perfiles de navegaci\u00f3n y poder conocer las preferencias de los usuarios con el fin de mejorar la oferta de productos y servicios. Por ejemplo, mediante una cookie anal\u00edtica se controlar\u00e1n las \u00e1reas geogr\u00e1ficas de m\u00e1s inter\u00e9s de un usuario, cu\u00e1l es el producto de m\u00e1s aceptaci\u00f3n, etc.<\/span><\/p>\n<p>&nbsp;<\/p>\n<p><b>\u00bfY si no quiero tener estas cookies<\/b><b>?<\/b><\/p>\n<p><span style=\"font-weight: 400;\">Para cumplir con la legislaci\u00f3n vigente, tenemos que pedirle permiso para gestionar cookies. Si decide no autorizar el tratamiento indic\u00e1ndonos que no\u00a0 est\u00e1 de acuerdo, solo utilizar\u00edamos las cookies t\u00e9cnicas, puesto que son imprescindibles para navegar por nuestra web. En este caso, no almacenamos ninguna cookie. Si contin\u00faa navegando por nuestro sitio web sin denegar la autorizaci\u00f3n, esto implica que\u00a0 acepta el uso.<\/span><\/p>\n<p><a style=\"text-decoration: underline;\" href=\"https:\/\/support.microsoft.com\/es-es\/topic\/eliminar-y-administrar-cookies-168dab11-0753-043d-7c16-ede5947fc64d\" target=\"_blank\" rel=\"noopener\">Configuraci\u00f3n de cookies de Internet Explorer<\/a><br \/>\n<a style=\"text-decoration: underline;\" href=\"https:\/\/support.mozilla.org\/ca\/kb\/activa-i-desactiva-les-galetes-que-les-pagines-web\" target=\"_blank\" rel=\"noopener\">Configuraci\u00f3n de cookies de Firefox<\/a><br \/>\n<a style=\"text-decoration: underline;\" href=\"https:\/\/support.google.com\/chrome\/answer\/95647?hl=es\" target=\"_blank\" rel=\"noopener\">Configuraci\u00f3n de cookies de Google Chrome<\/a><br \/>\n<a style=\"text-decoration: underline;\" href=\"https:\/\/support.apple.com\/es-es\/HT201265\" target=\"_blank\" rel=\"noopener\">Configuraci\u00f3n de cookies de Safari<\/a><\/p>\n<p><span style=\"font-weight: 400;\">Estos navegadores est\u00e1n sometidos a actualizaciones o modificaciones, por lo cual no podemos garantizar que se ajusten completamente a la versi\u00f3n de su navegador. Tambi\u00e9n puede ser que utilice otro navegador no contemplado en estos enlaces como Konqueror, Arora, Flock, etc. Para evitar estos desajustes, puede acceder directamente desde las opciones de su navegador que se encuentra generalmente en el men\u00fa de Opciones, a la secci\u00f3n de \u201cPrivacidad\u201d. (Por favor, consulte la ayuda de su navegador para m\u00e1s informaci\u00f3n.)<\/span><\/p>\n","protected":false},"excerpt":{"rendered":"<p>&nbsp; \u00bfQu\u00e9 son las cookies? Las cookies son peque\u00f1os archivos de datos que llegan al terminal desde el sitio web visitado y se usan para registrar ciertas interacciones de la navegaci\u00f3n en un sitio web almacenando datos que podr\u00e1n ser actualizados y recuperados. Estos archivos se almacenan en el ordenador del usuario y contiene datos [&hellip;]<\/p>\n","protected":false},"author":1,"featured_media":0,"parent":0,"menu_order":0,"comment_status":"closed","ping_status":"closed","template":"","meta":{"_acf_changed":false,"inline_featured_image":false,"footnotes":""},"class_list":["post-1692","page","type-page","status-publish","hentry"],"acf":[],"yoast_head":"<!-- This site is optimized with the Yoast SEO plugin v27.3 - https:\/\/yoast.com\/product\/yoast-seo-wordpress\/ -->\n<title>Pol\u00edtica de cookies - Cactus Seny Gr\u00e0fic<\/title>\n<meta name=\"robots\" content=\"index, follow, max-snippet:-1, max-image-preview:large, max-video-preview:-1\" \/>\n<link rel=\"canonical\" href=\"https:\/\/cactussenygrafic.com\/es\/politica-de-cookies\/\" \/>\n<meta property=\"og:locale\" content=\"es_ES\" \/>\n<meta property=\"og:type\" content=\"article\" \/>\n<meta property=\"og:title\" content=\"Pol\u00edtica de cookies - Cactus Seny Gr\u00e0fic\" \/>\n<meta property=\"og:description\" content=\"&nbsp; \u00bfQu\u00e9 son las cookies? Las cookies son peque\u00f1os archivos de datos que llegan al terminal desde el sitio web visitado y se usan para registrar ciertas interacciones de la navegaci\u00f3n en un sitio web almacenando datos que podr\u00e1n ser actualizados y recuperados. Estos archivos se almacenan en el ordenador del usuario y contiene datos [&hellip;]\" \/>\n<meta property=\"og:url\" content=\"https:\/\/cactussenygrafic.com\/es\/politica-de-cookies\/\" \/>\n<meta property=\"og:site_name\" content=\"Cactus Seny Gr\u00e0fic\" \/>\n<meta property=\"article:modified_time\" content=\"2021-03-17T13:25:08+00:00\" \/>\n<meta name=\"twitter:card\" content=\"summary_large_image\" \/>\n<meta name=\"twitter:label1\" content=\"Tiempo de lectura\" \/>\n\t<meta name=\"twitter:data1\" content=\"2 minutos\" \/>\n<script type=\"application\/ld+json\" class=\"yoast-schema-graph\">{\"@context\":\"https:\\\/\\\/schema.org\",\"@graph\":[{\"@type\":\"WebPage\",\"@id\":\"https:\\\/\\\/cactussenygrafic.com\\\/es\\\/politica-de-cookies\\\/\",\"url\":\"https:\\\/\\\/cactussenygrafic.com\\\/es\\\/politica-de-cookies\\\/\",\"name\":\"Pol\u00edtica de cookies - Cactus Seny Gr\u00e0fic\",\"isPartOf\":{\"@id\":\"https:\\\/\\\/cactussenygrafic.com\\\/es\\\/#website\"},\"datePublished\":\"2021-02-15T18:16:30+00:00\",\"dateModified\":\"2021-03-17T13:25:08+00:00\",\"breadcrumb\":{\"@id\":\"https:\\\/\\\/cactussenygrafic.com\\\/es\\\/politica-de-cookies\\\/#breadcrumb\"},\"inLanguage\":\"es\",\"potentialAction\":[{\"@type\":\"ReadAction\",\"target\":[\"https:\\\/\\\/cactussenygrafic.com\\\/es\\\/politica-de-cookies\\\/\"]}]},{\"@type\":\"BreadcrumbList\",\"@id\":\"https:\\\/\\\/cactussenygrafic.com\\\/es\\\/politica-de-cookies\\\/#breadcrumb\",\"itemListElement\":[{\"@type\":\"ListItem\",\"position\":1,\"name\":\"Portada\",\"item\":\"https:\\\/\\\/cactussenygrafic.com\\\/es\\\/\"},{\"@type\":\"ListItem\",\"position\":2,\"name\":\"Pol\u00edtica de cookies\"}]},{\"@type\":\"WebSite\",\"@id\":\"https:\\\/\\\/cactussenygrafic.com\\\/es\\\/#website\",\"url\":\"https:\\\/\\\/cactussenygrafic.com\\\/es\\\/\",\"name\":\"Cactus Seny Gr\u00e0fic\",\"description\":\"Estudi de disseny gr\u00e0fic i web a Barcelona i Sabadell\",\"potentialAction\":[{\"@type\":\"SearchAction\",\"target\":{\"@type\":\"EntryPoint\",\"urlTemplate\":\"https:\\\/\\\/cactussenygrafic.com\\\/es\\\/?s={search_term_string}\"},\"query-input\":{\"@type\":\"PropertyValueSpecification\",\"valueRequired\":true,\"valueName\":\"search_term_string\"}}],\"inLanguage\":\"es\"}]}<\/script>\n<!-- \/ Yoast SEO plugin. -->","yoast_head_json":{"title":"Pol\u00edtica de cookies - Cactus Seny Gr\u00e0fic","robots":{"index":"index","follow":"follow","max-snippet":"max-snippet:-1","max-image-preview":"max-image-preview:large","max-video-preview":"max-video-preview:-1"},"canonical":"https:\/\/cactussenygrafic.com\/es\/politica-de-cookies\/","og_locale":"es_ES","og_type":"article","og_title":"Pol\u00edtica de cookies - Cactus Seny Gr\u00e0fic","og_description":"&nbsp; \u00bfQu\u00e9 son las cookies? Las cookies son peque\u00f1os archivos de datos que llegan al terminal desde el sitio web visitado y se usan para registrar ciertas interacciones de la navegaci\u00f3n en un sitio web almacenando datos que podr\u00e1n ser actualizados y recuperados. Estos archivos se almacenan en el ordenador del usuario y contiene datos [&hellip;]","og_url":"https:\/\/cactussenygrafic.com\/es\/politica-de-cookies\/","og_site_name":"Cactus Seny Gr\u00e0fic","article_modified_time":"2021-03-17T13:25:08+00:00","twitter_card":"summary_large_image","twitter_misc":{"Tiempo de lectura":"2 minutos"},"schema":{"@context":"https:\/\/schema.org","@graph":[{"@type":"WebPage","@id":"https:\/\/cactussenygrafic.com\/es\/politica-de-cookies\/","url":"https:\/\/cactussenygrafic.com\/es\/politica-de-cookies\/","name":"Pol\u00edtica de cookies - Cactus Seny Gr\u00e0fic","isPartOf":{"@id":"https:\/\/cactussenygrafic.com\/es\/#website"},"datePublished":"2021-02-15T18:16:30+00:00","dateModified":"2021-03-17T13:25:08+00:00","breadcrumb":{"@id":"https:\/\/cactussenygrafic.com\/es\/politica-de-cookies\/#breadcrumb"},"inLanguage":"es","potentialAction":[{"@type":"ReadAction","target":["https:\/\/cactussenygrafic.com\/es\/politica-de-cookies\/"]}]},{"@type":"BreadcrumbList","@id":"https:\/\/cactussenygrafic.com\/es\/politica-de-cookies\/#breadcrumb","itemListElement":[{"@type":"ListItem","position":1,"name":"Portada","item":"https:\/\/cactussenygrafic.com\/es\/"},{"@type":"ListItem","position":2,"name":"Pol\u00edtica de cookies"}]},{"@type":"WebSite","@id":"https:\/\/cactussenygrafic.com\/es\/#website","url":"https:\/\/cactussenygrafic.com\/es\/","name":"Cactus Seny Gr\u00e0fic","description":"Estudi de disseny gr\u00e0fic i web a Barcelona i Sabadell","potentialAction":[{"@type":"SearchAction","target":{"@type":"EntryPoint","urlTemplate":"https:\/\/cactussenygrafic.com\/es\/?s={search_term_string}"},"query-input":{"@type":"PropertyValueSpecification","valueRequired":true,"valueName":"search_term_string"}}],"inLanguage":"es"}]}},"_links":{"self":[{"href":"https:\/\/cactussenygrafic.com\/es\/wp-json\/wp\/v2\/pages\/1692","targetHints":{"allow":["GET"]}}],"collection":[{"href":"https:\/\/cactussenygrafic.com\/es\/wp-json\/wp\/v2\/pages"}],"about":[{"href":"https:\/\/cactussenygrafic.com\/es\/wp-json\/wp\/v2\/types\/page"}],"author":[{"embeddable":true,"href":"https:\/\/cactussenygrafic.com\/es\/wp-json\/wp\/v2\/users\/1"}],"replies":[{"embeddable":true,"href":"https:\/\/cactussenygrafic.com\/es\/wp-json\/wp\/v2\/comments?post=1692"}],"version-history":[{"count":0,"href":"https:\/\/cactussenygrafic.com\/es\/wp-json\/wp\/v2\/pages\/1692\/revisions"}],"wp:attachment":[{"href":"https:\/\/cactussenygrafic.com\/es\/wp-json\/wp\/v2\/media?parent=1692"}],"curies":[{"name":"wp","href":"https:\/\/api.w.org\/{rel}","templated":true}]}}