{"id":1694,"date":"2021-02-15T18:17:55","date_gmt":"2021-02-15T18:17:55","guid":{"rendered":"https:\/\/cactussenygrafic.com\/?page_id=1694"},"modified":"2026-01-14T10:06:30","modified_gmt":"2026-01-14T10:06:30","slug":"aviso-legal","status":"publish","type":"page","link":"https:\/\/cactussenygrafic.com\/es\/aviso-legal\/","title":{"rendered":"Aviso legal"},"content":{"rendered":"<p>&nbsp;<\/p>\n<p>Este aviso es de visualizaci\u00f3n obligada y regula las condiciones de uso que tienen que ser observadas y respetadas por los usuarios de esta p\u00e1gina web. Es importante leerlo atentamente, puesto que el hecho de acceder a los materiales que se incluyen y utilizarlos implica que el usuario ha le\u00eddo y acepta, sin reservas, las condiciones que siguen.<\/p>\n<p>En cumplimiento de la Ley de servicios de la sociedad de la informaci\u00f3n y comercio electr\u00f3nico, y otra legislaci\u00f3n complementaria, se informa que el titular del sitio web www.cactussenygrafic.com y la marca Cactus Seny Gr\u00e0fic es propiedad de CACTUS SENY GRAFIC S.L., con domicilio fiscal en c\/Bosch i Cardellach 55, 08202, Sabadell con CIF B24932048 (de ahora en adelante &#8216;Cactus Seny Gr\u00e0fic).<\/p>\n<p>Cactus Seny Gr\u00e0fic podr\u00e1 realizar, en cualquier momento y sin necesidad de previo aviso, modificaciones y actualizaciones respecto a la informaci\u00f3n contenida en su web, o en su configuraci\u00f3n o presentaci\u00f3n.<\/p>\n<p>Cactus Seny Gr\u00e0fic realiza todos los esfuerzos posibles para que la informaci\u00f3n suministrada a trav\u00e9s de su p\u00e1gina web sea clara, comprensible y adecuada, as\u00ed como para evitar errores en lo posible y, si procede, repararlos o actualizarlos. Sin embargo, Cactus Seny Gr\u00e0fic no puede garantizar la inexistencia de errores ni que el contenido de la informaci\u00f3n se encuentre permanentemente actualizado.<\/p>\n<p>Los derechos de propiedad intelectual de los contenidos, textos, gu\u00edas, distintivos corporativos e im\u00e1genes de este sitio web son propiedad de Cactus Seny Gr\u00e0fic y, cuando corresponda, de las restantes asociaciones y entidades mencionadas en esta p\u00e1gina, estando protegidos por el ordenamiento jur\u00eddico espa\u00f1ol y por las normas comunitarias e internacionales que resulten de aplicaci\u00f3n.<\/p>\n<p>La reproducci\u00f3n, distribuci\u00f3n, comercializaci\u00f3n o transformaci\u00f3n no autorizadas de estos contenidos -excepto en los supuestos permitidos legalmente para uso personal y privado-, constituyen una infracci\u00f3n de los derechos de propiedad intelectual de Cactus Seny Gr\u00e0fic o de aquel que sea titular.<\/p>\n<p>Queda prohibida la reproducci\u00f3n, total o parcial, distribuci\u00f3n, comercializaci\u00f3n o transformaci\u00f3n de cualquier de los contenidos de la p\u00e1gina web sin la previa autorizaci\u00f3n escrita de Cactus Seny Gr\u00e0fic.<\/p>\n<p>Se autoriza la impresi\u00f3n y descarga de extractos de los contenidos de la p\u00e1gina web de Cactus Seny Gr\u00e0fic \u00fanicamente cuando se realicen para uso personal y privado. Las solicitudes a estos efectos podr\u00e1n dirigirse a estudi@cactussenygrafic.com. Para ejercer el derecho de cita, tendr\u00e1 que mencionarse como titular de los extractos de los contenidos o documentos aludidos, as\u00ed como la p\u00e1gina web www.cactussenygrafic.com como fuente de la informaci\u00f3n cuando corresponda.<\/p>\n<p>En aquellos casos en que los extractos de los contenidos o documentos incluidos en la p\u00e1gina web sean titularidad de un tercero, tendr\u00e1 que indicarse \u201c\u00a9 (nombre del titular) seg\u00fan aparece publicado en la p\u00e1gina web de Cactus Seny Gr\u00e0fic. En cualquier caso, tendr\u00e1 que informarse por correo electr\u00f3nico a la direcci\u00f3n estudi@cactussenygrafic.com.<\/p>\n<p>Cactus Seny Gr\u00e0fic no se responsabiliza del posible uso inadecuado que terceros realicen de esta p\u00e1gina web, ni de la informaci\u00f3n que a trav\u00e9s de ella transmitan a terceros. Los contenidos proporcionados a trav\u00e9s de esta p\u00e1gina web tienen car\u00e1cter meramente informativo, por lo que el uso que de estos pueda hacer el usuario y las eventuales consecuencias, da\u00f1os o perjuicios que pudieran derivarse, son de la exclusiva responsabilidad del usuario.<\/p>\n<p>Cactus Seny Gr\u00e0fic se reserva el derecho de ejercitar las acciones legales que considere oportunas derivadas de cualquier uso il\u00edcito por parte de terceros de los contenidos de su p\u00e1gina web.<\/p>\n<p>Todos los datos de car\u00e1cter personal que se solicitan en la p\u00e1gina web, son recaudados para la correcta gesti\u00f3n de las actividades de Cactus Seny Gr\u00e0fic.<\/p>\n<p>En ning\u00fan caso ser\u00e1n utilizados para fines distintos o cedidos a terceros. Cactus Seny Gr\u00e0fic est\u00e1 claramente posicionada en contra del \u201cspam\u201d, por lo que en ning\u00fan caso utilizar\u00e1 los datos personales para el env\u00edo de comunicaciones comerciales no solicitadas sin su autorizaci\u00f3n.<\/p>\n<p>Los datos de car\u00e1cter personal que puedan solicitarse en formularios en la p\u00e1gina web, son incorporados a los ficheros de tratamiento de datos que Cactus Seny Gr\u00e0fic tiene convenientemente asegurados en su poder.<\/p>\n<p>Esta p\u00e1gina web utiliza tecnolog\u00eda \u201ccookies\u201d asociadas y almacena informaci\u00f3n en el equipo desde el cual se accede. Tambi\u00e9n utiliza un dispositivo que recopila informaci\u00f3n personalizada sobre la navegaci\u00f3n de los usuarios.<\/p>\n<p>Cactus Seny Gr\u00e0fic es el \u00f3rgano responsable del tratamiento de los datos. Los derechos de acceso, rectificaci\u00f3n, cancelaci\u00f3n y oposici\u00f3n reconocidos en la Ley Org\u00e1nica 15\/1999, de 13 de diciembre, de Protecci\u00f3n de Datos Personales tendr\u00edan que ejercerse dirigiendo un escrito al Departamento de Atenci\u00f3n al Cliente de Cactus Seny Gr\u00e0fic mediante su correo electr\u00f3nico a la direcci\u00f3n estudi@cactussenygrafic.com o por correo postal a c\/ Ram\u00f3n Turr\u00f3, 100 1-4 Barcelona, a la atenci\u00f3n del Departamento de Atenci\u00f3n al Cliente de Cactus Seny Gr\u00e0fic.<\/p>\n","protected":false},"excerpt":{"rendered":"<p>&nbsp; Este aviso es de visualizaci\u00f3n obligada y regula las condiciones de uso que tienen que ser observadas y respetadas por los usuarios de esta p\u00e1gina web. Es importante leerlo atentamente, puesto que el hecho de acceder a los materiales que se incluyen y utilizarlos implica que el usuario ha le\u00eddo y acepta, sin reservas, [&hellip;]<\/p>\n","protected":false},"author":1,"featured_media":0,"parent":0,"menu_order":0,"comment_status":"closed","ping_status":"closed","template":"","meta":{"_acf_changed":false,"inline_featured_image":false,"footnotes":""},"class_list":["post-1694","page","type-page","status-publish","hentry"],"acf":[],"yoast_head":"<!-- This site is optimized with the Yoast SEO plugin v27.3 - https:\/\/yoast.com\/product\/yoast-seo-wordpress\/ -->\n<title>Aviso legal - Cactus Seny Gr\u00e0fic<\/title>\n<meta name=\"robots\" content=\"noindex, nofollow\" \/>\n<meta property=\"og:locale\" content=\"es_ES\" \/>\n<meta property=\"og:type\" content=\"article\" \/>\n<meta property=\"og:title\" content=\"Aviso legal - Cactus Seny Gr\u00e0fic\" \/>\n<meta property=\"og:description\" content=\"&nbsp; Este aviso es de visualizaci\u00f3n obligada y regula las condiciones de uso que tienen que ser observadas y respetadas por los usuarios de esta p\u00e1gina web. Es importante leerlo atentamente, puesto que el hecho de acceder a los materiales que se incluyen y utilizarlos implica que el usuario ha le\u00eddo y acepta, sin reservas, [&hellip;]\" \/>\n<meta property=\"og:url\" content=\"https:\/\/cactussenygrafic.com\/es\/aviso-legal\/\" \/>\n<meta property=\"og:site_name\" content=\"Cactus Seny Gr\u00e0fic\" \/>\n<meta property=\"article:modified_time\" content=\"2026-01-14T10:06:30+00:00\" \/>\n<meta name=\"twitter:card\" content=\"summary_large_image\" \/>\n<meta name=\"twitter:label1\" content=\"Tiempo de lectura\" \/>\n\t<meta name=\"twitter:data1\" content=\"5 minutos\" \/>\n<script type=\"application\/ld+json\" class=\"yoast-schema-graph\">{\"@context\":\"https:\\\/\\\/schema.org\",\"@graph\":[{\"@type\":\"WebPage\",\"@id\":\"https:\\\/\\\/cactussenygrafic.com\\\/es\\\/aviso-legal\\\/\",\"url\":\"https:\\\/\\\/cactussenygrafic.com\\\/es\\\/aviso-legal\\\/\",\"name\":\"Aviso legal - Cactus Seny Gr\u00e0fic\",\"isPartOf\":{\"@id\":\"https:\\\/\\\/cactussenygrafic.com\\\/es\\\/#website\"},\"datePublished\":\"2021-02-15T18:17:55+00:00\",\"dateModified\":\"2026-01-14T10:06:30+00:00\",\"breadcrumb\":{\"@id\":\"https:\\\/\\\/cactussenygrafic.com\\\/es\\\/aviso-legal\\\/#breadcrumb\"},\"inLanguage\":\"es\",\"potentialAction\":[{\"@type\":\"ReadAction\",\"target\":[\"https:\\\/\\\/cactussenygrafic.com\\\/es\\\/aviso-legal\\\/\"]}]},{\"@type\":\"BreadcrumbList\",\"@id\":\"https:\\\/\\\/cactussenygrafic.com\\\/es\\\/aviso-legal\\\/#breadcrumb\",\"itemListElement\":[{\"@type\":\"ListItem\",\"position\":1,\"name\":\"Portada\",\"item\":\"https:\\\/\\\/cactussenygrafic.com\\\/es\\\/\"},{\"@type\":\"ListItem\",\"position\":2,\"name\":\"Aviso legal\"}]},{\"@type\":\"WebSite\",\"@id\":\"https:\\\/\\\/cactussenygrafic.com\\\/es\\\/#website\",\"url\":\"https:\\\/\\\/cactussenygrafic.com\\\/es\\\/\",\"name\":\"Cactus Seny Gr\u00e0fic\",\"description\":\"Estudi de disseny gr\u00e0fic i web a Barcelona i Sabadell\",\"potentialAction\":[{\"@type\":\"SearchAction\",\"target\":{\"@type\":\"EntryPoint\",\"urlTemplate\":\"https:\\\/\\\/cactussenygrafic.com\\\/es\\\/?s={search_term_string}\"},\"query-input\":{\"@type\":\"PropertyValueSpecification\",\"valueRequired\":true,\"valueName\":\"search_term_string\"}}],\"inLanguage\":\"es\"}]}<\/script>\n<!-- \/ Yoast SEO plugin. -->","yoast_head_json":{"title":"Aviso legal - Cactus Seny Gr\u00e0fic","robots":{"index":"noindex","follow":"nofollow"},"og_locale":"es_ES","og_type":"article","og_title":"Aviso legal - Cactus Seny Gr\u00e0fic","og_description":"&nbsp; Este aviso es de visualizaci\u00f3n obligada y regula las condiciones de uso que tienen que ser observadas y respetadas por los usuarios de esta p\u00e1gina web. Es importante leerlo atentamente, puesto que el hecho de acceder a los materiales que se incluyen y utilizarlos implica que el usuario ha le\u00eddo y acepta, sin reservas, [&hellip;]","og_url":"https:\/\/cactussenygrafic.com\/es\/aviso-legal\/","og_site_name":"Cactus Seny Gr\u00e0fic","article_modified_time":"2026-01-14T10:06:30+00:00","twitter_card":"summary_large_image","twitter_misc":{"Tiempo de lectura":"5 minutos"},"schema":{"@context":"https:\/\/schema.org","@graph":[{"@type":"WebPage","@id":"https:\/\/cactussenygrafic.com\/es\/aviso-legal\/","url":"https:\/\/cactussenygrafic.com\/es\/aviso-legal\/","name":"Aviso legal - Cactus Seny Gr\u00e0fic","isPartOf":{"@id":"https:\/\/cactussenygrafic.com\/es\/#website"},"datePublished":"2021-02-15T18:17:55+00:00","dateModified":"2026-01-14T10:06:30+00:00","breadcrumb":{"@id":"https:\/\/cactussenygrafic.com\/es\/aviso-legal\/#breadcrumb"},"inLanguage":"es","potentialAction":[{"@type":"ReadAction","target":["https:\/\/cactussenygrafic.com\/es\/aviso-legal\/"]}]},{"@type":"BreadcrumbList","@id":"https:\/\/cactussenygrafic.com\/es\/aviso-legal\/#breadcrumb","itemListElement":[{"@type":"ListItem","position":1,"name":"Portada","item":"https:\/\/cactussenygrafic.com\/es\/"},{"@type":"ListItem","position":2,"name":"Aviso legal"}]},{"@type":"WebSite","@id":"https:\/\/cactussenygrafic.com\/es\/#website","url":"https:\/\/cactussenygrafic.com\/es\/","name":"Cactus Seny Gr\u00e0fic","description":"Estudi de disseny gr\u00e0fic i web a Barcelona i Sabadell","potentialAction":[{"@type":"SearchAction","target":{"@type":"EntryPoint","urlTemplate":"https:\/\/cactussenygrafic.com\/es\/?s={search_term_string}"},"query-input":{"@type":"PropertyValueSpecification","valueRequired":true,"valueName":"search_term_string"}}],"inLanguage":"es"}]}},"_links":{"self":[{"href":"https:\/\/cactussenygrafic.com\/es\/wp-json\/wp\/v2\/pages\/1694","targetHints":{"allow":["GET"]}}],"collection":[{"href":"https:\/\/cactussenygrafic.com\/es\/wp-json\/wp\/v2\/pages"}],"about":[{"href":"https:\/\/cactussenygrafic.com\/es\/wp-json\/wp\/v2\/types\/page"}],"author":[{"embeddable":true,"href":"https:\/\/cactussenygrafic.com\/es\/wp-json\/wp\/v2\/users\/1"}],"replies":[{"embeddable":true,"href":"https:\/\/cactussenygrafic.com\/es\/wp-json\/wp\/v2\/comments?post=1694"}],"version-history":[{"count":1,"href":"https:\/\/cactussenygrafic.com\/es\/wp-json\/wp\/v2\/pages\/1694\/revisions"}],"predecessor-version":[{"id":5413,"href":"https:\/\/cactussenygrafic.com\/es\/wp-json\/wp\/v2\/pages\/1694\/revisions\/5413"}],"wp:attachment":[{"href":"https:\/\/cactussenygrafic.com\/es\/wp-json\/wp\/v2\/media?parent=1694"}],"curies":[{"name":"wp","href":"https:\/\/api.w.org\/{rel}","templated":true}]}}