{"id":3213,"date":"2022-04-13T17:52:23","date_gmt":"2022-04-13T17:52:23","guid":{"rendered":"https:\/\/cactussenygrafic.com\/kit-digital\/"},"modified":"2022-12-03T11:05:12","modified_gmt":"2022-12-03T11:05:12","slug":"kit-digital","status":"publish","type":"page","link":"https:\/\/cactussenygrafic.com\/es\/kit-digital\/","title":{"rendered":"Kit Digital"},"content":{"rendered":"<h1>Acelera PYME<\/h1>\n<p>El Kit Digital es una iniciativa del Gobierno de Espa\u00f1a, que tiene como objetivo subvencionar la implantaci\u00f3n de soluciones digitales disponibles en el mercado para conseguir un avance significativo en el nivel de madurez digital.<\/p>\n","protected":false},"excerpt":{"rendered":"<p>Acelera PYME El Kit Digital es una iniciativa del Gobierno de Espa\u00f1a, que tiene como objetivo subvencionar la implantaci\u00f3n de soluciones digitales disponibles en el mercado para conseguir un avance significativo en el nivel de madurez digital.<\/p>\n","protected":false},"author":1,"featured_media":3179,"parent":0,"menu_order":0,"comment_status":"closed","ping_status":"closed","template":"page-templates\/page-row.php","meta":{"_acf_changed":false,"inline_featured_image":false,"footnotes":""},"class_list":["post-3213","page","type-page","status-publish","has-post-thumbnail","hentry"],"acf":[],"yoast_head":"<!-- This site is optimized with the Yoast SEO plugin v27.3 - https:\/\/yoast.com\/product\/yoast-seo-wordpress\/ -->\n<title>Kit Digital - Cactus Seny Gr\u00e0fic<\/title>\n<meta name=\"robots\" content=\"index, follow, max-snippet:-1, max-image-preview:large, max-video-preview:-1\" \/>\n<link rel=\"canonical\" href=\"https:\/\/cactussenygrafic.com\/es\/kit-digital\/\" \/>\n<meta property=\"og:locale\" content=\"es_ES\" \/>\n<meta property=\"og:type\" content=\"article\" \/>\n<meta property=\"og:title\" content=\"Kit Digital - Cactus Seny Gr\u00e0fic\" \/>\n<meta property=\"og:description\" content=\"Acelera PYME El Kit Digital es una iniciativa del Gobierno de Espa\u00f1a, que tiene como objetivo subvencionar la implantaci\u00f3n de soluciones digitales disponibles en el mercado para conseguir un avance significativo en el nivel de madurez digital.\" \/>\n<meta property=\"og:url\" content=\"https:\/\/cactussenygrafic.com\/es\/kit-digital\/\" \/>\n<meta property=\"og:site_name\" content=\"Cactus Seny Gr\u00e0fic\" \/>\n<meta property=\"article:modified_time\" content=\"2022-12-03T11:05:12+00:00\" \/>\n<meta property=\"og:image\" content=\"https:\/\/cactussenygrafic.com\/wp-content\/uploads\/2022\/04\/kit-digital.jpg\" \/>\n\t<meta property=\"og:image:width\" content=\"2000\" \/>\n\t<meta property=\"og:image:height\" content=\"1236\" \/>\n\t<meta property=\"og:image:type\" content=\"image\/jpeg\" \/>\n<meta name=\"twitter:card\" content=\"summary_large_image\" \/>\n<meta name=\"twitter:label1\" content=\"Tiempo de lectura\" \/>\n\t<meta name=\"twitter:data1\" content=\"1 minuto\" \/>\n<script type=\"application\/ld+json\" class=\"yoast-schema-graph\">{\"@context\":\"https:\\\/\\\/schema.org\",\"@graph\":[{\"@type\":\"WebPage\",\"@id\":\"https:\\\/\\\/cactussenygrafic.com\\\/es\\\/kit-digital\\\/\",\"url\":\"https:\\\/\\\/cactussenygrafic.com\\\/es\\\/kit-digital\\\/\",\"name\":\"Kit Digital - Cactus Seny Gr\u00e0fic\",\"isPartOf\":{\"@id\":\"https:\\\/\\\/cactussenygrafic.com\\\/es\\\/#website\"},\"primaryImageOfPage\":{\"@id\":\"https:\\\/\\\/cactussenygrafic.com\\\/es\\\/kit-digital\\\/#primaryimage\"},\"image\":{\"@id\":\"https:\\\/\\\/cactussenygrafic.com\\\/es\\\/kit-digital\\\/#primaryimage\"},\"thumbnailUrl\":\"https:\\\/\\\/cactussenygrafic.com\\\/wp-content\\\/uploads\\\/2022\\\/04\\\/kit-digital.jpg\",\"datePublished\":\"2022-04-13T17:52:23+00:00\",\"dateModified\":\"2022-12-03T11:05:12+00:00\",\"breadcrumb\":{\"@id\":\"https:\\\/\\\/cactussenygrafic.com\\\/es\\\/kit-digital\\\/#breadcrumb\"},\"inLanguage\":\"es\",\"potentialAction\":[{\"@type\":\"ReadAction\",\"target\":[\"https:\\\/\\\/cactussenygrafic.com\\\/es\\\/kit-digital\\\/\"]}]},{\"@type\":\"ImageObject\",\"inLanguage\":\"es\",\"@id\":\"https:\\\/\\\/cactussenygrafic.com\\\/es\\\/kit-digital\\\/#primaryimage\",\"url\":\"https:\\\/\\\/cactussenygrafic.com\\\/wp-content\\\/uploads\\\/2022\\\/04\\\/kit-digital.jpg\",\"contentUrl\":\"https:\\\/\\\/cactussenygrafic.com\\\/wp-content\\\/uploads\\\/2022\\\/04\\\/kit-digital.jpg\",\"width\":2000,\"height\":1236},{\"@type\":\"BreadcrumbList\",\"@id\":\"https:\\\/\\\/cactussenygrafic.com\\\/es\\\/kit-digital\\\/#breadcrumb\",\"itemListElement\":[{\"@type\":\"ListItem\",\"position\":1,\"name\":\"Portada\",\"item\":\"https:\\\/\\\/cactussenygrafic.com\\\/es\\\/\"},{\"@type\":\"ListItem\",\"position\":2,\"name\":\"Kit Digital\"}]},{\"@type\":\"WebSite\",\"@id\":\"https:\\\/\\\/cactussenygrafic.com\\\/es\\\/#website\",\"url\":\"https:\\\/\\\/cactussenygrafic.com\\\/es\\\/\",\"name\":\"Cactus Seny Gr\u00e0fic\",\"description\":\"Estudi de disseny gr\u00e0fic i web a Barcelona i Sabadell\",\"potentialAction\":[{\"@type\":\"SearchAction\",\"target\":{\"@type\":\"EntryPoint\",\"urlTemplate\":\"https:\\\/\\\/cactussenygrafic.com\\\/es\\\/?s={search_term_string}\"},\"query-input\":{\"@type\":\"PropertyValueSpecification\",\"valueRequired\":true,\"valueName\":\"search_term_string\"}}],\"inLanguage\":\"es\"}]}<\/script>\n<!-- \/ Yoast SEO plugin. -->","yoast_head_json":{"title":"Kit Digital - Cactus Seny Gr\u00e0fic","robots":{"index":"index","follow":"follow","max-snippet":"max-snippet:-1","max-image-preview":"max-image-preview:large","max-video-preview":"max-video-preview:-1"},"canonical":"https:\/\/cactussenygrafic.com\/es\/kit-digital\/","og_locale":"es_ES","og_type":"article","og_title":"Kit Digital - Cactus Seny Gr\u00e0fic","og_description":"Acelera PYME El Kit Digital es una iniciativa del Gobierno de Espa\u00f1a, que tiene como objetivo subvencionar la implantaci\u00f3n de soluciones digitales disponibles en el mercado para conseguir un avance significativo en el nivel de madurez digital.","og_url":"https:\/\/cactussenygrafic.com\/es\/kit-digital\/","og_site_name":"Cactus Seny Gr\u00e0fic","article_modified_time":"2022-12-03T11:05:12+00:00","og_image":[{"width":2000,"height":1236,"url":"https:\/\/cactussenygrafic.com\/wp-content\/uploads\/2022\/04\/kit-digital.jpg","type":"image\/jpeg"}],"twitter_card":"summary_large_image","twitter_misc":{"Tiempo de lectura":"1 minuto"},"schema":{"@context":"https:\/\/schema.org","@graph":[{"@type":"WebPage","@id":"https:\/\/cactussenygrafic.com\/es\/kit-digital\/","url":"https:\/\/cactussenygrafic.com\/es\/kit-digital\/","name":"Kit Digital - Cactus Seny Gr\u00e0fic","isPartOf":{"@id":"https:\/\/cactussenygrafic.com\/es\/#website"},"primaryImageOfPage":{"@id":"https:\/\/cactussenygrafic.com\/es\/kit-digital\/#primaryimage"},"image":{"@id":"https:\/\/cactussenygrafic.com\/es\/kit-digital\/#primaryimage"},"thumbnailUrl":"https:\/\/cactussenygrafic.com\/wp-content\/uploads\/2022\/04\/kit-digital.jpg","datePublished":"2022-04-13T17:52:23+00:00","dateModified":"2022-12-03T11:05:12+00:00","breadcrumb":{"@id":"https:\/\/cactussenygrafic.com\/es\/kit-digital\/#breadcrumb"},"inLanguage":"es","potentialAction":[{"@type":"ReadAction","target":["https:\/\/cactussenygrafic.com\/es\/kit-digital\/"]}]},{"@type":"ImageObject","inLanguage":"es","@id":"https:\/\/cactussenygrafic.com\/es\/kit-digital\/#primaryimage","url":"https:\/\/cactussenygrafic.com\/wp-content\/uploads\/2022\/04\/kit-digital.jpg","contentUrl":"https:\/\/cactussenygrafic.com\/wp-content\/uploads\/2022\/04\/kit-digital.jpg","width":2000,"height":1236},{"@type":"BreadcrumbList","@id":"https:\/\/cactussenygrafic.com\/es\/kit-digital\/#breadcrumb","itemListElement":[{"@type":"ListItem","position":1,"name":"Portada","item":"https:\/\/cactussenygrafic.com\/es\/"},{"@type":"ListItem","position":2,"name":"Kit Digital"}]},{"@type":"WebSite","@id":"https:\/\/cactussenygrafic.com\/es\/#website","url":"https:\/\/cactussenygrafic.com\/es\/","name":"Cactus Seny Gr\u00e0fic","description":"Estudi de disseny gr\u00e0fic i web a Barcelona i Sabadell","potentialAction":[{"@type":"SearchAction","target":{"@type":"EntryPoint","urlTemplate":"https:\/\/cactussenygrafic.com\/es\/?s={search_term_string}"},"query-input":{"@type":"PropertyValueSpecification","valueRequired":true,"valueName":"search_term_string"}}],"inLanguage":"es"}]}},"_links":{"self":[{"href":"https:\/\/cactussenygrafic.com\/es\/wp-json\/wp\/v2\/pages\/3213","targetHints":{"allow":["GET"]}}],"collection":[{"href":"https:\/\/cactussenygrafic.com\/es\/wp-json\/wp\/v2\/pages"}],"about":[{"href":"https:\/\/cactussenygrafic.com\/es\/wp-json\/wp\/v2\/types\/page"}],"author":[{"embeddable":true,"href":"https:\/\/cactussenygrafic.com\/es\/wp-json\/wp\/v2\/users\/1"}],"replies":[{"embeddable":true,"href":"https:\/\/cactussenygrafic.com\/es\/wp-json\/wp\/v2\/comments?post=3213"}],"version-history":[{"count":2,"href":"https:\/\/cactussenygrafic.com\/es\/wp-json\/wp\/v2\/pages\/3213\/revisions"}],"predecessor-version":[{"id":4707,"href":"https:\/\/cactussenygrafic.com\/es\/wp-json\/wp\/v2\/pages\/3213\/revisions\/4707"}],"wp:featuredmedia":[{"embeddable":true,"href":"https:\/\/cactussenygrafic.com\/es\/wp-json\/wp\/v2\/media\/3179"}],"wp:attachment":[{"href":"https:\/\/cactussenygrafic.com\/es\/wp-json\/wp\/v2\/media?parent=3213"}],"curies":[{"name":"wp","href":"https:\/\/api.w.org\/{rel}","templated":true}]}}