{"id":4322,"date":"2022-05-25T06:20:08","date_gmt":"2022-05-25T06:20:08","guid":{"rendered":"https:\/\/cactussenygrafic.com\/subscripcio-confirmada\/"},"modified":"2022-06-10T07:38:49","modified_gmt":"2022-06-10T07:38:49","slug":"subscripcion-confirmada","status":"publish","type":"page","link":"https:\/\/cactussenygrafic.com\/es\/subscripcion-confirmada\/","title":{"rendered":"Subscripci\u00f3n confirmada"},"content":{"rendered":"<p>Gracias para formar parte de la comunidad de Cactus Seny Gr\u00e0fic. Te queremos conocer algo mejor, nos ayudas?<\/p>\n","protected":false},"excerpt":{"rendered":"<p>Gracias para formar parte de la comunidad de Cactus Seny Gr\u00e0fic. Te queremos conocer algo mejor, nos ayudas?<\/p>\n","protected":false},"author":1,"featured_media":0,"parent":0,"menu_order":0,"comment_status":"closed","ping_status":"closed","template":"page-templates\/page-subscribe.php","meta":{"_acf_changed":false,"inline_featured_image":false,"footnotes":""},"class_list":["post-4322","page","type-page","status-publish","hentry"],"acf":[],"yoast_head":"<!-- This site is optimized with the Yoast SEO plugin v27.5 - https:\/\/yoast.com\/product\/yoast-seo-wordpress\/ -->\n<title>Subscripci\u00f3n confirmada - Cactus Seny Gr\u00e0fic<\/title>\n<meta name=\"robots\" content=\"index, follow, max-snippet:-1, max-image-preview:large, max-video-preview:-1\" \/>\n<link rel=\"canonical\" href=\"https:\/\/cactussenygrafic.com\/es\/subscripcion-confirmada\/\" \/>\n<meta property=\"og:locale\" content=\"es_ES\" \/>\n<meta property=\"og:type\" content=\"article\" \/>\n<meta property=\"og:title\" content=\"Subscripci\u00f3n confirmada - Cactus Seny Gr\u00e0fic\" \/>\n<meta property=\"og:description\" content=\"Gracias para formar parte de la comunidad de Cactus Seny Gr\u00e0fic. Te queremos conocer algo mejor, nos ayudas?\" \/>\n<meta property=\"og:url\" content=\"https:\/\/cactussenygrafic.com\/es\/subscripcion-confirmada\/\" \/>\n<meta property=\"og:site_name\" content=\"Cactus Seny Gr\u00e0fic\" \/>\n<meta property=\"article:modified_time\" content=\"2022-06-10T07:38:49+00:00\" \/>\n<meta name=\"twitter:card\" content=\"summary_large_image\" \/>\n<script type=\"application\/ld+json\" class=\"yoast-schema-graph\">{\"@context\":\"https:\\\/\\\/schema.org\",\"@graph\":[{\"@type\":\"WebPage\",\"@id\":\"https:\\\/\\\/cactussenygrafic.com\\\/es\\\/subscripcion-confirmada\\\/\",\"url\":\"https:\\\/\\\/cactussenygrafic.com\\\/es\\\/subscripcion-confirmada\\\/\",\"name\":\"Subscripci\u00f3n confirmada - Cactus Seny Gr\u00e0fic\",\"isPartOf\":{\"@id\":\"https:\\\/\\\/cactussenygrafic.com\\\/es\\\/#website\"},\"datePublished\":\"2022-05-25T06:20:08+00:00\",\"dateModified\":\"2022-06-10T07:38:49+00:00\",\"breadcrumb\":{\"@id\":\"https:\\\/\\\/cactussenygrafic.com\\\/es\\\/subscripcion-confirmada\\\/#breadcrumb\"},\"inLanguage\":\"es\",\"potentialAction\":[{\"@type\":\"ReadAction\",\"target\":[\"https:\\\/\\\/cactussenygrafic.com\\\/es\\\/subscripcion-confirmada\\\/\"]}]},{\"@type\":\"BreadcrumbList\",\"@id\":\"https:\\\/\\\/cactussenygrafic.com\\\/es\\\/subscripcion-confirmada\\\/#breadcrumb\",\"itemListElement\":[{\"@type\":\"ListItem\",\"position\":1,\"name\":\"Portada\",\"item\":\"https:\\\/\\\/cactussenygrafic.com\\\/es\\\/\"},{\"@type\":\"ListItem\",\"position\":2,\"name\":\"Subscripci\u00f3n confirmada\"}]},{\"@type\":\"WebSite\",\"@id\":\"https:\\\/\\\/cactussenygrafic.com\\\/es\\\/#website\",\"url\":\"https:\\\/\\\/cactussenygrafic.com\\\/es\\\/\",\"name\":\"Cactus Seny Gr\u00e0fic\",\"description\":\"Estudi de disseny gr\u00e0fic i web a Barcelona i Sabadell\",\"potentialAction\":[{\"@type\":\"SearchAction\",\"target\":{\"@type\":\"EntryPoint\",\"urlTemplate\":\"https:\\\/\\\/cactussenygrafic.com\\\/es\\\/?s={search_term_string}\"},\"query-input\":{\"@type\":\"PropertyValueSpecification\",\"valueRequired\":true,\"valueName\":\"search_term_string\"}}],\"inLanguage\":\"es\"}]}<\/script>\n<!-- \/ Yoast SEO plugin. -->","yoast_head_json":{"title":"Subscripci\u00f3n confirmada - Cactus Seny Gr\u00e0fic","robots":{"index":"index","follow":"follow","max-snippet":"max-snippet:-1","max-image-preview":"max-image-preview:large","max-video-preview":"max-video-preview:-1"},"canonical":"https:\/\/cactussenygrafic.com\/es\/subscripcion-confirmada\/","og_locale":"es_ES","og_type":"article","og_title":"Subscripci\u00f3n confirmada - Cactus Seny Gr\u00e0fic","og_description":"Gracias para formar parte de la comunidad de Cactus Seny Gr\u00e0fic. Te queremos conocer algo mejor, nos ayudas?","og_url":"https:\/\/cactussenygrafic.com\/es\/subscripcion-confirmada\/","og_site_name":"Cactus Seny Gr\u00e0fic","article_modified_time":"2022-06-10T07:38:49+00:00","twitter_card":"summary_large_image","schema":{"@context":"https:\/\/schema.org","@graph":[{"@type":"WebPage","@id":"https:\/\/cactussenygrafic.com\/es\/subscripcion-confirmada\/","url":"https:\/\/cactussenygrafic.com\/es\/subscripcion-confirmada\/","name":"Subscripci\u00f3n confirmada - Cactus Seny Gr\u00e0fic","isPartOf":{"@id":"https:\/\/cactussenygrafic.com\/es\/#website"},"datePublished":"2022-05-25T06:20:08+00:00","dateModified":"2022-06-10T07:38:49+00:00","breadcrumb":{"@id":"https:\/\/cactussenygrafic.com\/es\/subscripcion-confirmada\/#breadcrumb"},"inLanguage":"es","potentialAction":[{"@type":"ReadAction","target":["https:\/\/cactussenygrafic.com\/es\/subscripcion-confirmada\/"]}]},{"@type":"BreadcrumbList","@id":"https:\/\/cactussenygrafic.com\/es\/subscripcion-confirmada\/#breadcrumb","itemListElement":[{"@type":"ListItem","position":1,"name":"Portada","item":"https:\/\/cactussenygrafic.com\/es\/"},{"@type":"ListItem","position":2,"name":"Subscripci\u00f3n confirmada"}]},{"@type":"WebSite","@id":"https:\/\/cactussenygrafic.com\/es\/#website","url":"https:\/\/cactussenygrafic.com\/es\/","name":"Cactus Seny Gr\u00e0fic","description":"Estudi de disseny gr\u00e0fic i web a Barcelona i Sabadell","potentialAction":[{"@type":"SearchAction","target":{"@type":"EntryPoint","urlTemplate":"https:\/\/cactussenygrafic.com\/es\/?s={search_term_string}"},"query-input":{"@type":"PropertyValueSpecification","valueRequired":true,"valueName":"search_term_string"}}],"inLanguage":"es"}]}},"_links":{"self":[{"href":"https:\/\/cactussenygrafic.com\/es\/wp-json\/wp\/v2\/pages\/4322","targetHints":{"allow":["GET"]}}],"collection":[{"href":"https:\/\/cactussenygrafic.com\/es\/wp-json\/wp\/v2\/pages"}],"about":[{"href":"https:\/\/cactussenygrafic.com\/es\/wp-json\/wp\/v2\/types\/page"}],"author":[{"embeddable":true,"href":"https:\/\/cactussenygrafic.com\/es\/wp-json\/wp\/v2\/users\/1"}],"replies":[{"embeddable":true,"href":"https:\/\/cactussenygrafic.com\/es\/wp-json\/wp\/v2\/comments?post=4322"}],"version-history":[{"count":0,"href":"https:\/\/cactussenygrafic.com\/es\/wp-json\/wp\/v2\/pages\/4322\/revisions"}],"wp:attachment":[{"href":"https:\/\/cactussenygrafic.com\/es\/wp-json\/wp\/v2\/media?parent=4322"}],"curies":[{"name":"wp","href":"https:\/\/api.w.org\/{rel}","templated":true}]}}