{"id":3397,"date":"2020-08-05T07:49:02","date_gmt":"2020-08-05T07:49:02","guid":{"rendered":"https:\/\/cactussenygrafic.com\/politica-de-privacidad\/"},"modified":"2026-01-14T10:10:15","modified_gmt":"2026-01-14T10:10:15","slug":"politique-confidentialite","status":"publish","type":"page","link":"https:\/\/cactussenygrafic.com\/fr\/politique-confidentialite\/","title":{"rendered":"Politique de confidentialit\u00e9"},"content":{"rendered":"<p>Cactus Seny Gr\u00e0fic est l&rsquo;organisme responsable du traitement des donn\u00e9es. Les droits d&rsquo;acc\u00e8s, de rectification, d&rsquo;annulation et d&rsquo;opposition reconnus dans la Loi Organique 15\/1999, du 13 d\u00e9cembre, sur la Protection des Donn\u00e9es \u00e0 Caract\u00e8re Personnel, pourront \u00eatre exerc\u00e9s en \u00e9crivant au Service Client\u00e8le de Cactus Seny Gr\u00e0fic par courrier \u00e9lectronique \u00e0 l&rsquo;adresse estudi@cactussenygrafic.com ou par courrier postal \u00e0 l&rsquo;adresse c\/ Dr. Puig 14, 08202, Sabadell, Barcelone, \u00e0 l&rsquo;attention du Service Client\u00e8le de Cactus Seny Gr\u00e0fic.<\/p>\n<p><strong>Responsable du traitement des donn\u00e9es<\/strong><br \/>\nCACTUS SENY GRAFIC SL, dont le si\u00e8ge social est situ\u00e9 c\/ Bosch i Cardellach 55, \u00e0 Sabadell, avec le CIF ESB24932048.<\/p>\n<p><strong>Finalit\u00e9s du traitement<\/strong><br \/>\nLa gestion de la relation commerciale ainsi que la gestion de l&rsquo;envoi d&rsquo;informations et de la prospection commerciale sur les produits et services de Cactus Seny Gr\u00e0fic, en garantissant l&rsquo;envoi des factures, bons de livraison ou autres informations priv\u00e9es associ\u00e9es \u00e0 l&rsquo;utilisateur ou au client.<\/p>\n<p><strong>L\u00e9gitimation<\/strong><br \/>\nConsentement implicite de la partie int\u00e9ress\u00e9e.<\/p>\n<p><strong>L\u00e9galit\u00e9 du traitement<\/strong><br \/>\nLe traitement est n\u00e9cessaire \u00e0 l&rsquo;ex\u00e9cution d&rsquo;un contrat ou \u00e0 l&rsquo;int\u00e9r\u00eat l\u00e9gitime de Cactus Seny Gr\u00e0fic dans le cas de coordonn\u00e9es de personnes physiques fournissant des services \u00e0 une entit\u00e9 juridique.<\/p>\n<p><strong>Destinataires de vos donn\u00e9es<\/strong><br \/>\nVos donn\u00e9es personnelles peuvent \u00eatre transf\u00e9r\u00e9es aux membres de la marque Cactus Seny Gr\u00e0fic et \u00e0 des prestataires de services marketing tiers tels que MailChimp, Google Analytics ou des soci\u00e9t\u00e9s similaires.<\/p>\n<p><strong>Vos droits<\/strong><br \/>\nVous pouvez \u00e0 tout moment exercer vos droits d&rsquo;acc\u00e8s, de rectification, de suppression et d&rsquo;opposition et autres droits l\u00e9galement \u00e9tablis en envoyant un email et en expliquant votre cas \u00e0 studio@cactussenygrafic.com. Si vous avez besoin de pr\u00e9cisions sur les informations fournies dans cette d\u00e9claration, vous pouvez contacter studio@cactussenygrafic.com.<\/p>\n","protected":false},"excerpt":{"rendered":"<p>Cactus Seny Gr\u00e0fic est l&rsquo;organisme responsable du traitement des donn\u00e9es. Les droits d&rsquo;acc\u00e8s, de rectification, d&rsquo;annulation et d&rsquo;opposition reconnus dans la Loi Organique 15\/1999, du 13 d\u00e9cembre, sur la Protection des Donn\u00e9es \u00e0 Caract\u00e8re Personnel, pourront \u00eatre exerc\u00e9s en \u00e9crivant au Service Client\u00e8le de Cactus Seny Gr\u00e0fic par courrier \u00e9lectronique \u00e0 l&rsquo;adresse estudi@cactussenygrafic.com ou par [&hellip;]<\/p>\n","protected":false},"author":1,"featured_media":0,"parent":0,"menu_order":0,"comment_status":"closed","ping_status":"closed","template":"","meta":{"_acf_changed":false,"inline_featured_image":false,"footnotes":""},"class_list":["post-3397","page","type-page","status-publish","hentry"],"acf":[],"yoast_head":"<!-- This site is optimized with the Yoast SEO plugin v27.3 - https:\/\/yoast.com\/product\/yoast-seo-wordpress\/ -->\n<title>Politique de confidentialit\u00e9 - Cactus Seny Gr\u00e0fic<\/title>\n<meta name=\"robots\" content=\"index, follow, max-snippet:-1, max-image-preview:large, max-video-preview:-1\" \/>\n<link rel=\"canonical\" href=\"https:\/\/cactussenygrafic.com\/fr\/politique-confidentialite\/\" \/>\n<meta property=\"og:locale\" content=\"fr_FR\" \/>\n<meta property=\"og:type\" content=\"article\" \/>\n<meta property=\"og:title\" content=\"Politique de confidentialit\u00e9 - Cactus Seny Gr\u00e0fic\" \/>\n<meta property=\"og:description\" content=\"Cactus Seny Gr\u00e0fic est l&rsquo;organisme responsable du traitement des donn\u00e9es. Les droits d&rsquo;acc\u00e8s, de rectification, d&rsquo;annulation et d&rsquo;opposition reconnus dans la Loi Organique 15\/1999, du 13 d\u00e9cembre, sur la Protection des Donn\u00e9es \u00e0 Caract\u00e8re Personnel, pourront \u00eatre exerc\u00e9s en \u00e9crivant au Service Client\u00e8le de Cactus Seny Gr\u00e0fic par courrier \u00e9lectronique \u00e0 l&rsquo;adresse estudi@cactussenygrafic.com ou par [&hellip;]\" \/>\n<meta property=\"og:url\" content=\"https:\/\/cactussenygrafic.com\/fr\/politique-confidentialite\/\" \/>\n<meta property=\"og:site_name\" content=\"Cactus Seny Gr\u00e0fic\" \/>\n<meta property=\"article:modified_time\" content=\"2026-01-14T10:10:15+00:00\" \/>\n<meta name=\"twitter:card\" content=\"summary_large_image\" \/>\n<meta name=\"twitter:label1\" content=\"Dur\u00e9e de lecture estim\u00e9e\" \/>\n\t<meta name=\"twitter:data1\" content=\"2 minutes\" \/>\n<script type=\"application\/ld+json\" class=\"yoast-schema-graph\">{\"@context\":\"https:\\\/\\\/schema.org\",\"@graph\":[{\"@type\":\"WebPage\",\"@id\":\"https:\\\/\\\/cactussenygrafic.com\\\/fr\\\/politique-confidentialite\\\/\",\"url\":\"https:\\\/\\\/cactussenygrafic.com\\\/fr\\\/politique-confidentialite\\\/\",\"name\":\"Politique de confidentialit\u00e9 - Cactus Seny Gr\u00e0fic\",\"isPartOf\":{\"@id\":\"https:\\\/\\\/cactussenygrafic.com\\\/fr\\\/#website\"},\"datePublished\":\"2020-08-05T07:49:02+00:00\",\"dateModified\":\"2026-01-14T10:10:15+00:00\",\"breadcrumb\":{\"@id\":\"https:\\\/\\\/cactussenygrafic.com\\\/fr\\\/politique-confidentialite\\\/#breadcrumb\"},\"inLanguage\":\"fr-FR\",\"potentialAction\":[{\"@type\":\"ReadAction\",\"target\":[\"https:\\\/\\\/cactussenygrafic.com\\\/fr\\\/politique-confidentialite\\\/\"]}]},{\"@type\":\"BreadcrumbList\",\"@id\":\"https:\\\/\\\/cactussenygrafic.com\\\/fr\\\/politique-confidentialite\\\/#breadcrumb\",\"itemListElement\":[{\"@type\":\"ListItem\",\"position\":1,\"name\":\"Portada\",\"item\":\"https:\\\/\\\/cactussenygrafic.com\\\/fr\\\/\"},{\"@type\":\"ListItem\",\"position\":2,\"name\":\"Politique de confidentialit\u00e9\"}]},{\"@type\":\"WebSite\",\"@id\":\"https:\\\/\\\/cactussenygrafic.com\\\/fr\\\/#website\",\"url\":\"https:\\\/\\\/cactussenygrafic.com\\\/fr\\\/\",\"name\":\"Cactus Seny Gr\u00e0fic\",\"description\":\"Estudi de disseny gr\u00e0fic i web a Barcelona i Sabadell\",\"potentialAction\":[{\"@type\":\"SearchAction\",\"target\":{\"@type\":\"EntryPoint\",\"urlTemplate\":\"https:\\\/\\\/cactussenygrafic.com\\\/fr\\\/?s={search_term_string}\"},\"query-input\":{\"@type\":\"PropertyValueSpecification\",\"valueRequired\":true,\"valueName\":\"search_term_string\"}}],\"inLanguage\":\"fr-FR\"}]}<\/script>\n<!-- \/ Yoast SEO plugin. -->","yoast_head_json":{"title":"Politique de confidentialit\u00e9 - Cactus Seny Gr\u00e0fic","robots":{"index":"index","follow":"follow","max-snippet":"max-snippet:-1","max-image-preview":"max-image-preview:large","max-video-preview":"max-video-preview:-1"},"canonical":"https:\/\/cactussenygrafic.com\/fr\/politique-confidentialite\/","og_locale":"fr_FR","og_type":"article","og_title":"Politique de confidentialit\u00e9 - Cactus Seny Gr\u00e0fic","og_description":"Cactus Seny Gr\u00e0fic est l&rsquo;organisme responsable du traitement des donn\u00e9es. Les droits d&rsquo;acc\u00e8s, de rectification, d&rsquo;annulation et d&rsquo;opposition reconnus dans la Loi Organique 15\/1999, du 13 d\u00e9cembre, sur la Protection des Donn\u00e9es \u00e0 Caract\u00e8re Personnel, pourront \u00eatre exerc\u00e9s en \u00e9crivant au Service Client\u00e8le de Cactus Seny Gr\u00e0fic par courrier \u00e9lectronique \u00e0 l&rsquo;adresse estudi@cactussenygrafic.com ou par [&hellip;]","og_url":"https:\/\/cactussenygrafic.com\/fr\/politique-confidentialite\/","og_site_name":"Cactus Seny Gr\u00e0fic","article_modified_time":"2026-01-14T10:10:15+00:00","twitter_card":"summary_large_image","twitter_misc":{"Dur\u00e9e de lecture estim\u00e9e":"2 minutes"},"schema":{"@context":"https:\/\/schema.org","@graph":[{"@type":"WebPage","@id":"https:\/\/cactussenygrafic.com\/fr\/politique-confidentialite\/","url":"https:\/\/cactussenygrafic.com\/fr\/politique-confidentialite\/","name":"Politique de confidentialit\u00e9 - Cactus Seny Gr\u00e0fic","isPartOf":{"@id":"https:\/\/cactussenygrafic.com\/fr\/#website"},"datePublished":"2020-08-05T07:49:02+00:00","dateModified":"2026-01-14T10:10:15+00:00","breadcrumb":{"@id":"https:\/\/cactussenygrafic.com\/fr\/politique-confidentialite\/#breadcrumb"},"inLanguage":"fr-FR","potentialAction":[{"@type":"ReadAction","target":["https:\/\/cactussenygrafic.com\/fr\/politique-confidentialite\/"]}]},{"@type":"BreadcrumbList","@id":"https:\/\/cactussenygrafic.com\/fr\/politique-confidentialite\/#breadcrumb","itemListElement":[{"@type":"ListItem","position":1,"name":"Portada","item":"https:\/\/cactussenygrafic.com\/fr\/"},{"@type":"ListItem","position":2,"name":"Politique de confidentialit\u00e9"}]},{"@type":"WebSite","@id":"https:\/\/cactussenygrafic.com\/fr\/#website","url":"https:\/\/cactussenygrafic.com\/fr\/","name":"Cactus Seny Gr\u00e0fic","description":"Estudi de disseny gr\u00e0fic i web a Barcelona i Sabadell","potentialAction":[{"@type":"SearchAction","target":{"@type":"EntryPoint","urlTemplate":"https:\/\/cactussenygrafic.com\/fr\/?s={search_term_string}"},"query-input":{"@type":"PropertyValueSpecification","valueRequired":true,"valueName":"search_term_string"}}],"inLanguage":"fr-FR"}]}},"_links":{"self":[{"href":"https:\/\/cactussenygrafic.com\/fr\/wp-json\/wp\/v2\/pages\/3397","targetHints":{"allow":["GET"]}}],"collection":[{"href":"https:\/\/cactussenygrafic.com\/fr\/wp-json\/wp\/v2\/pages"}],"about":[{"href":"https:\/\/cactussenygrafic.com\/fr\/wp-json\/wp\/v2\/types\/page"}],"author":[{"embeddable":true,"href":"https:\/\/cactussenygrafic.com\/fr\/wp-json\/wp\/v2\/users\/1"}],"replies":[{"embeddable":true,"href":"https:\/\/cactussenygrafic.com\/fr\/wp-json\/wp\/v2\/comments?post=3397"}],"version-history":[{"count":2,"href":"https:\/\/cactussenygrafic.com\/fr\/wp-json\/wp\/v2\/pages\/3397\/revisions"}],"predecessor-version":[{"id":5419,"href":"https:\/\/cactussenygrafic.com\/fr\/wp-json\/wp\/v2\/pages\/3397\/revisions\/5419"}],"wp:attachment":[{"href":"https:\/\/cactussenygrafic.com\/fr\/wp-json\/wp\/v2\/media?parent=3397"}],"curies":[{"name":"wp","href":"https:\/\/api.w.org\/{rel}","templated":true}]}}