{"id":3403,"date":"2020-08-05T10:55:34","date_gmt":"2020-08-05T10:55:34","guid":{"rendered":"https:\/\/cactussenygrafic.com\/estudio\/"},"modified":"2024-09-19T09:16:51","modified_gmt":"2024-09-19T09:16:51","slug":"studio","status":"publish","type":"page","link":"https:\/\/cactussenygrafic.com\/fr\/studio\/","title":{"rendered":"Studio"},"content":{"rendered":"<p>Nous sommes un studio de conception graphique et multim\u00e9dia \u00e0 Barcelone et \u00e0 Nice qui, gr\u00e2ce \u00e0 des id\u00e9es cr\u00e9atives, vous aide \u00e0 dynamiser votre entreprise en adaptant votre image aux nouvelles tendances et aux nouvelles technologies.<\/p>\n","protected":false},"excerpt":{"rendered":"<p>Nous sommes un studio de conception graphique et multim\u00e9dia \u00e0 Barcelone et \u00e0 Nice qui, gr\u00e2ce \u00e0 des id\u00e9es cr\u00e9atives, vous aide \u00e0 dynamiser votre entreprise en adaptant votre image aux nouvelles tendances et aux nouvelles technologies.<\/p>\n","protected":false},"author":1,"featured_media":0,"parent":0,"menu_order":0,"comment_status":"closed","ping_status":"closed","template":"page-templates\/page-estudio.php","meta":{"_acf_changed":false,"inline_featured_image":false,"footnotes":""},"class_list":["post-3403","page","type-page","status-publish","hentry"],"acf":[],"yoast_head":"<!-- This site is optimized with the Yoast SEO plugin v27.3 - https:\/\/yoast.com\/product\/yoast-seo-wordpress\/ -->\n<title>Studio de design graphique et web - Cactus Seny Gr\u00e0fic<\/title>\n<meta name=\"description\" content=\"Nous sommes un studio de conception graphique et multim\u00e9dia \u00e0 Barcelone et \u00e0 Nice qui, gr\u00e2ce \u00e0 des id\u00e9es cr\u00e9atives, vous aide \u00e0 dynamiser votre entreprise en adaptant votre image aux nouvelles tendances et aux nouvelles technologies.\" \/>\n<meta name=\"robots\" content=\"index, follow, max-snippet:-1, max-image-preview:large, max-video-preview:-1\" \/>\n<link rel=\"canonical\" href=\"https:\/\/cactussenygrafic.com\/fr\/studio\/\" \/>\n<meta property=\"og:locale\" content=\"fr_FR\" \/>\n<meta property=\"og:type\" content=\"article\" \/>\n<meta property=\"og:title\" content=\"Studio de design graphique et web - Cactus Seny Gr\u00e0fic\" \/>\n<meta property=\"og:description\" content=\"Nous sommes un studio de conception graphique et multim\u00e9dia \u00e0 Barcelone et \u00e0 Nice qui, gr\u00e2ce \u00e0 des id\u00e9es cr\u00e9atives, vous aide \u00e0 dynamiser votre entreprise en adaptant votre image aux nouvelles tendances et aux nouvelles technologies.\" \/>\n<meta property=\"og:url\" content=\"https:\/\/cactussenygrafic.com\/fr\/studio\/\" \/>\n<meta property=\"og:site_name\" content=\"Cactus Seny Gr\u00e0fic\" \/>\n<meta property=\"article:modified_time\" content=\"2024-09-19T09:16:51+00:00\" \/>\n<meta name=\"twitter:card\" content=\"summary_large_image\" \/>\n<meta name=\"twitter:label1\" content=\"Dur\u00e9e de lecture estim\u00e9e\" \/>\n\t<meta name=\"twitter:data1\" content=\"3 minutes\" \/>\n<script type=\"application\/ld+json\" class=\"yoast-schema-graph\">{\"@context\":\"https:\\\/\\\/schema.org\",\"@graph\":[{\"@type\":\"WebPage\",\"@id\":\"https:\\\/\\\/cactussenygrafic.com\\\/fr\\\/studio\\\/\",\"url\":\"https:\\\/\\\/cactussenygrafic.com\\\/fr\\\/studio\\\/\",\"name\":\"Studio de design graphique et web - Cactus Seny Gr\u00e0fic\",\"isPartOf\":{\"@id\":\"https:\\\/\\\/cactussenygrafic.com\\\/fr\\\/#website\"},\"datePublished\":\"2020-08-05T10:55:34+00:00\",\"dateModified\":\"2024-09-19T09:16:51+00:00\",\"description\":\"Nous sommes un studio de conception graphique et multim\u00e9dia \u00e0 Barcelone et \u00e0 Nice qui, gr\u00e2ce \u00e0 des id\u00e9es cr\u00e9atives, vous aide \u00e0 dynamiser votre entreprise en adaptant votre image aux nouvelles tendances et aux nouvelles technologies.\",\"breadcrumb\":{\"@id\":\"https:\\\/\\\/cactussenygrafic.com\\\/fr\\\/studio\\\/#breadcrumb\"},\"inLanguage\":\"fr-FR\",\"potentialAction\":[{\"@type\":\"ReadAction\",\"target\":[\"https:\\\/\\\/cactussenygrafic.com\\\/fr\\\/studio\\\/\"]}]},{\"@type\":\"BreadcrumbList\",\"@id\":\"https:\\\/\\\/cactussenygrafic.com\\\/fr\\\/studio\\\/#breadcrumb\",\"itemListElement\":[{\"@type\":\"ListItem\",\"position\":1,\"name\":\"Portada\",\"item\":\"https:\\\/\\\/cactussenygrafic.com\\\/fr\\\/\"},{\"@type\":\"ListItem\",\"position\":2,\"name\":\"Studio\"}]},{\"@type\":\"WebSite\",\"@id\":\"https:\\\/\\\/cactussenygrafic.com\\\/fr\\\/#website\",\"url\":\"https:\\\/\\\/cactussenygrafic.com\\\/fr\\\/\",\"name\":\"Cactus Seny Gr\u00e0fic\",\"description\":\"Estudi de disseny gr\u00e0fic i web a Barcelona i Sabadell\",\"potentialAction\":[{\"@type\":\"SearchAction\",\"target\":{\"@type\":\"EntryPoint\",\"urlTemplate\":\"https:\\\/\\\/cactussenygrafic.com\\\/fr\\\/?s={search_term_string}\"},\"query-input\":{\"@type\":\"PropertyValueSpecification\",\"valueRequired\":true,\"valueName\":\"search_term_string\"}}],\"inLanguage\":\"fr-FR\"}]}<\/script>\n<!-- \/ Yoast SEO plugin. -->","yoast_head_json":{"title":"Studio de design graphique et web - Cactus Seny Gr\u00e0fic","description":"Nous sommes un studio de conception graphique et multim\u00e9dia \u00e0 Barcelone et \u00e0 Nice qui, gr\u00e2ce \u00e0 des id\u00e9es cr\u00e9atives, vous aide \u00e0 dynamiser votre entreprise en adaptant votre image aux nouvelles tendances et aux nouvelles technologies.","robots":{"index":"index","follow":"follow","max-snippet":"max-snippet:-1","max-image-preview":"max-image-preview:large","max-video-preview":"max-video-preview:-1"},"canonical":"https:\/\/cactussenygrafic.com\/fr\/studio\/","og_locale":"fr_FR","og_type":"article","og_title":"Studio de design graphique et web - Cactus Seny Gr\u00e0fic","og_description":"Nous sommes un studio de conception graphique et multim\u00e9dia \u00e0 Barcelone et \u00e0 Nice qui, gr\u00e2ce \u00e0 des id\u00e9es cr\u00e9atives, vous aide \u00e0 dynamiser votre entreprise en adaptant votre image aux nouvelles tendances et aux nouvelles technologies.","og_url":"https:\/\/cactussenygrafic.com\/fr\/studio\/","og_site_name":"Cactus Seny Gr\u00e0fic","article_modified_time":"2024-09-19T09:16:51+00:00","twitter_card":"summary_large_image","twitter_misc":{"Dur\u00e9e de lecture estim\u00e9e":"3 minutes"},"schema":{"@context":"https:\/\/schema.org","@graph":[{"@type":"WebPage","@id":"https:\/\/cactussenygrafic.com\/fr\/studio\/","url":"https:\/\/cactussenygrafic.com\/fr\/studio\/","name":"Studio de design graphique et web - Cactus Seny Gr\u00e0fic","isPartOf":{"@id":"https:\/\/cactussenygrafic.com\/fr\/#website"},"datePublished":"2020-08-05T10:55:34+00:00","dateModified":"2024-09-19T09:16:51+00:00","description":"Nous sommes un studio de conception graphique et multim\u00e9dia \u00e0 Barcelone et \u00e0 Nice qui, gr\u00e2ce \u00e0 des id\u00e9es cr\u00e9atives, vous aide \u00e0 dynamiser votre entreprise en adaptant votre image aux nouvelles tendances et aux nouvelles technologies.","breadcrumb":{"@id":"https:\/\/cactussenygrafic.com\/fr\/studio\/#breadcrumb"},"inLanguage":"fr-FR","potentialAction":[{"@type":"ReadAction","target":["https:\/\/cactussenygrafic.com\/fr\/studio\/"]}]},{"@type":"BreadcrumbList","@id":"https:\/\/cactussenygrafic.com\/fr\/studio\/#breadcrumb","itemListElement":[{"@type":"ListItem","position":1,"name":"Portada","item":"https:\/\/cactussenygrafic.com\/fr\/"},{"@type":"ListItem","position":2,"name":"Studio"}]},{"@type":"WebSite","@id":"https:\/\/cactussenygrafic.com\/fr\/#website","url":"https:\/\/cactussenygrafic.com\/fr\/","name":"Cactus Seny Gr\u00e0fic","description":"Estudi de disseny gr\u00e0fic i web a Barcelona i Sabadell","potentialAction":[{"@type":"SearchAction","target":{"@type":"EntryPoint","urlTemplate":"https:\/\/cactussenygrafic.com\/fr\/?s={search_term_string}"},"query-input":{"@type":"PropertyValueSpecification","valueRequired":true,"valueName":"search_term_string"}}],"inLanguage":"fr-FR"}]}},"_links":{"self":[{"href":"https:\/\/cactussenygrafic.com\/fr\/wp-json\/wp\/v2\/pages\/3403","targetHints":{"allow":["GET"]}}],"collection":[{"href":"https:\/\/cactussenygrafic.com\/fr\/wp-json\/wp\/v2\/pages"}],"about":[{"href":"https:\/\/cactussenygrafic.com\/fr\/wp-json\/wp\/v2\/types\/page"}],"author":[{"embeddable":true,"href":"https:\/\/cactussenygrafic.com\/fr\/wp-json\/wp\/v2\/users\/1"}],"replies":[{"embeddable":true,"href":"https:\/\/cactussenygrafic.com\/fr\/wp-json\/wp\/v2\/comments?post=3403"}],"version-history":[{"count":1,"href":"https:\/\/cactussenygrafic.com\/fr\/wp-json\/wp\/v2\/pages\/3403\/revisions"}],"predecessor-version":[{"id":5325,"href":"https:\/\/cactussenygrafic.com\/fr\/wp-json\/wp\/v2\/pages\/3403\/revisions\/5325"}],"wp:attachment":[{"href":"https:\/\/cactussenygrafic.com\/fr\/wp-json\/wp\/v2\/media?parent=3403"}],"curies":[{"name":"wp","href":"https:\/\/api.w.org\/{rel}","templated":true}]}}