{"id":3418,"date":"2020-12-23T10:17:49","date_gmt":"2020-12-23T10:17:49","guid":{"rendered":"https:\/\/cactussenygrafic.com\/diseno-responsable\/"},"modified":"2022-04-20T09:44:16","modified_gmt":"2022-04-20T09:44:16","slug":"design-responsable","status":"publish","type":"page","link":"https:\/\/cactussenygrafic.com\/fr\/design-responsable\/","title":{"rendered":"Design responsable"},"content":{"rendered":"<p>Le design peut \u00e9galement \u00eatre utilis\u00e9 pour la bonne cause, il nous permet de communiquer des valeurs \u00e9thiques et aussi de les appliquer de mani\u00e8re coh\u00e9rente. Chez Cactus, nous pensons que les entreprises, en utilisant un design responsable, peuvent apporter une grande valeur ajout\u00e9e \u00e0 la soci\u00e9t\u00e9 dans son ensemble.<\/p>\n","protected":false},"excerpt":{"rendered":"<p>Le design peut \u00e9galement \u00eatre utilis\u00e9 pour la bonne cause, il nous permet de communiquer des valeurs \u00e9thiques et aussi de les appliquer de mani\u00e8re coh\u00e9rente. Chez Cactus, nous pensons que les entreprises, en utilisant un design responsable, peuvent apporter une grande valeur ajout\u00e9e \u00e0 la soci\u00e9t\u00e9 dans son ensemble.<\/p>\n","protected":false},"author":1,"featured_media":0,"parent":0,"menu_order":0,"comment_status":"closed","ping_status":"closed","template":"page-templates\/page-servei.php","meta":{"_acf_changed":false,"inline_featured_image":false,"footnotes":""},"class_list":["post-3418","page","type-page","status-publish","hentry"],"acf":[],"yoast_head":"<!-- This site is optimized with the Yoast SEO plugin v27.3 - https:\/\/yoast.com\/product\/yoast-seo-wordpress\/ -->\n<title>Design responsable - Cactus Seny Gr\u00e0fic<\/title>\n<meta name=\"robots\" content=\"index, follow, max-snippet:-1, max-image-preview:large, max-video-preview:-1\" \/>\n<link rel=\"canonical\" href=\"https:\/\/cactussenygrafic.com\/fr\/design-responsable\/\" \/>\n<meta property=\"og:locale\" content=\"fr_FR\" \/>\n<meta property=\"og:type\" content=\"article\" \/>\n<meta property=\"og:title\" content=\"Design responsable - Cactus Seny Gr\u00e0fic\" \/>\n<meta property=\"og:description\" content=\"Le design peut \u00e9galement \u00eatre utilis\u00e9 pour la bonne cause, il nous permet de communiquer des valeurs \u00e9thiques et aussi de les appliquer de mani\u00e8re coh\u00e9rente. Chez Cactus, nous pensons que les entreprises, en utilisant un design responsable, peuvent apporter une grande valeur ajout\u00e9e \u00e0 la soci\u00e9t\u00e9 dans son ensemble.\" \/>\n<meta property=\"og:url\" content=\"https:\/\/cactussenygrafic.com\/fr\/design-responsable\/\" \/>\n<meta property=\"og:site_name\" content=\"Cactus Seny Gr\u00e0fic\" \/>\n<meta property=\"article:modified_time\" content=\"2022-04-20T09:44:16+00:00\" \/>\n<meta name=\"twitter:card\" content=\"summary_large_image\" \/>\n<meta name=\"twitter:label1\" content=\"Dur\u00e9e de lecture estim\u00e9e\" \/>\n\t<meta name=\"twitter:data1\" content=\"1 minute\" \/>\n<script type=\"application\/ld+json\" class=\"yoast-schema-graph\">{\"@context\":\"https:\\\/\\\/schema.org\",\"@graph\":[{\"@type\":\"WebPage\",\"@id\":\"https:\\\/\\\/cactussenygrafic.com\\\/fr\\\/design-responsable\\\/\",\"url\":\"https:\\\/\\\/cactussenygrafic.com\\\/fr\\\/design-responsable\\\/\",\"name\":\"Design responsable - Cactus Seny Gr\u00e0fic\",\"isPartOf\":{\"@id\":\"https:\\\/\\\/cactussenygrafic.com\\\/fr\\\/#website\"},\"datePublished\":\"2020-12-23T10:17:49+00:00\",\"dateModified\":\"2022-04-20T09:44:16+00:00\",\"breadcrumb\":{\"@id\":\"https:\\\/\\\/cactussenygrafic.com\\\/fr\\\/design-responsable\\\/#breadcrumb\"},\"inLanguage\":\"fr-FR\",\"potentialAction\":[{\"@type\":\"ReadAction\",\"target\":[\"https:\\\/\\\/cactussenygrafic.com\\\/fr\\\/design-responsable\\\/\"]}]},{\"@type\":\"BreadcrumbList\",\"@id\":\"https:\\\/\\\/cactussenygrafic.com\\\/fr\\\/design-responsable\\\/#breadcrumb\",\"itemListElement\":[{\"@type\":\"ListItem\",\"position\":1,\"name\":\"Portada\",\"item\":\"https:\\\/\\\/cactussenygrafic.com\\\/fr\\\/\"},{\"@type\":\"ListItem\",\"position\":2,\"name\":\"Design responsable\"}]},{\"@type\":\"WebSite\",\"@id\":\"https:\\\/\\\/cactussenygrafic.com\\\/fr\\\/#website\",\"url\":\"https:\\\/\\\/cactussenygrafic.com\\\/fr\\\/\",\"name\":\"Cactus Seny Gr\u00e0fic\",\"description\":\"Estudi de disseny gr\u00e0fic i web a Barcelona i Sabadell\",\"potentialAction\":[{\"@type\":\"SearchAction\",\"target\":{\"@type\":\"EntryPoint\",\"urlTemplate\":\"https:\\\/\\\/cactussenygrafic.com\\\/fr\\\/?s={search_term_string}\"},\"query-input\":{\"@type\":\"PropertyValueSpecification\",\"valueRequired\":true,\"valueName\":\"search_term_string\"}}],\"inLanguage\":\"fr-FR\"}]}<\/script>\n<!-- \/ Yoast SEO plugin. -->","yoast_head_json":{"title":"Design responsable - Cactus Seny Gr\u00e0fic","robots":{"index":"index","follow":"follow","max-snippet":"max-snippet:-1","max-image-preview":"max-image-preview:large","max-video-preview":"max-video-preview:-1"},"canonical":"https:\/\/cactussenygrafic.com\/fr\/design-responsable\/","og_locale":"fr_FR","og_type":"article","og_title":"Design responsable - Cactus Seny Gr\u00e0fic","og_description":"Le design peut \u00e9galement \u00eatre utilis\u00e9 pour la bonne cause, il nous permet de communiquer des valeurs \u00e9thiques et aussi de les appliquer de mani\u00e8re coh\u00e9rente. Chez Cactus, nous pensons que les entreprises, en utilisant un design responsable, peuvent apporter une grande valeur ajout\u00e9e \u00e0 la soci\u00e9t\u00e9 dans son ensemble.","og_url":"https:\/\/cactussenygrafic.com\/fr\/design-responsable\/","og_site_name":"Cactus Seny Gr\u00e0fic","article_modified_time":"2022-04-20T09:44:16+00:00","twitter_card":"summary_large_image","twitter_misc":{"Dur\u00e9e de lecture estim\u00e9e":"1 minute"},"schema":{"@context":"https:\/\/schema.org","@graph":[{"@type":"WebPage","@id":"https:\/\/cactussenygrafic.com\/fr\/design-responsable\/","url":"https:\/\/cactussenygrafic.com\/fr\/design-responsable\/","name":"Design responsable - Cactus Seny Gr\u00e0fic","isPartOf":{"@id":"https:\/\/cactussenygrafic.com\/fr\/#website"},"datePublished":"2020-12-23T10:17:49+00:00","dateModified":"2022-04-20T09:44:16+00:00","breadcrumb":{"@id":"https:\/\/cactussenygrafic.com\/fr\/design-responsable\/#breadcrumb"},"inLanguage":"fr-FR","potentialAction":[{"@type":"ReadAction","target":["https:\/\/cactussenygrafic.com\/fr\/design-responsable\/"]}]},{"@type":"BreadcrumbList","@id":"https:\/\/cactussenygrafic.com\/fr\/design-responsable\/#breadcrumb","itemListElement":[{"@type":"ListItem","position":1,"name":"Portada","item":"https:\/\/cactussenygrafic.com\/fr\/"},{"@type":"ListItem","position":2,"name":"Design responsable"}]},{"@type":"WebSite","@id":"https:\/\/cactussenygrafic.com\/fr\/#website","url":"https:\/\/cactussenygrafic.com\/fr\/","name":"Cactus Seny Gr\u00e0fic","description":"Estudi de disseny gr\u00e0fic i web a Barcelona i Sabadell","potentialAction":[{"@type":"SearchAction","target":{"@type":"EntryPoint","urlTemplate":"https:\/\/cactussenygrafic.com\/fr\/?s={search_term_string}"},"query-input":{"@type":"PropertyValueSpecification","valueRequired":true,"valueName":"search_term_string"}}],"inLanguage":"fr-FR"}]}},"_links":{"self":[{"href":"https:\/\/cactussenygrafic.com\/fr\/wp-json\/wp\/v2\/pages\/3418","targetHints":{"allow":["GET"]}}],"collection":[{"href":"https:\/\/cactussenygrafic.com\/fr\/wp-json\/wp\/v2\/pages"}],"about":[{"href":"https:\/\/cactussenygrafic.com\/fr\/wp-json\/wp\/v2\/types\/page"}],"author":[{"embeddable":true,"href":"https:\/\/cactussenygrafic.com\/fr\/wp-json\/wp\/v2\/users\/1"}],"replies":[{"embeddable":true,"href":"https:\/\/cactussenygrafic.com\/fr\/wp-json\/wp\/v2\/comments?post=3418"}],"version-history":[{"count":0,"href":"https:\/\/cactussenygrafic.com\/fr\/wp-json\/wp\/v2\/pages\/3418\/revisions"}],"wp:attachment":[{"href":"https:\/\/cactussenygrafic.com\/fr\/wp-json\/wp\/v2\/media?parent=3418"}],"curies":[{"name":"wp","href":"https:\/\/api.w.org\/{rel}","templated":true}]}}