{"id":3419,"date":"2020-12-22T16:23:03","date_gmt":"2020-12-22T16:23:03","guid":{"rendered":"https:\/\/cactussenygrafic.com\/e-commerce\/"},"modified":"2022-04-20T09:51:35","modified_gmt":"2022-04-20T09:51:35","slug":"e-commerce","status":"publish","type":"page","link":"https:\/\/cactussenygrafic.com\/fr\/e-commerce\/","title":{"rendered":"E-commerce"},"content":{"rendered":"<p>Sp\u00e9cialistes du d\u00e9veloppement de boutiques en ligne, nous vous aidons \u00e0 r\u00e9aliser votre projet. Nous travaillons ind\u00e9pendamment sur chaque cas. Quel que soit le produit ou le service, nos solutions de commerce \u00e9lectronique s&rsquo;adaptent \u00e0 vos besoins, qu&rsquo;il s&rsquo;agisse de gros ou de petits volumes.<\/p>\n","protected":false},"excerpt":{"rendered":"<p>Sp\u00e9cialistes du d\u00e9veloppement de boutiques en ligne, nous vous aidons \u00e0 r\u00e9aliser votre projet. Nous travaillons ind\u00e9pendamment sur chaque cas. Quel que soit le produit ou le service, nos solutions de commerce \u00e9lectronique s&rsquo;adaptent \u00e0 vos besoins, qu&rsquo;il s&rsquo;agisse de gros ou de petits volumes.<\/p>\n","protected":false},"author":1,"featured_media":0,"parent":0,"menu_order":0,"comment_status":"closed","ping_status":"closed","template":"page-templates\/page-servei.php","meta":{"_acf_changed":false,"inline_featured_image":false,"footnotes":""},"class_list":["post-3419","page","type-page","status-publish","hentry"],"acf":[],"yoast_head":"<!-- This site is optimized with the Yoast SEO plugin v27.5 - https:\/\/yoast.com\/product\/yoast-seo-wordpress\/ -->\n<title>E-commerce - Cactus Seny Gr\u00e0fic<\/title>\n<meta name=\"robots\" content=\"index, follow, max-snippet:-1, max-image-preview:large, max-video-preview:-1\" \/>\n<link rel=\"canonical\" href=\"https:\/\/cactussenygrafic.com\/fr\/e-commerce\/\" \/>\n<meta property=\"og:locale\" content=\"fr_FR\" \/>\n<meta property=\"og:type\" content=\"article\" \/>\n<meta property=\"og:title\" content=\"E-commerce - Cactus Seny Gr\u00e0fic\" \/>\n<meta property=\"og:description\" content=\"Sp\u00e9cialistes du d\u00e9veloppement de boutiques en ligne, nous vous aidons \u00e0 r\u00e9aliser votre projet. Nous travaillons ind\u00e9pendamment sur chaque cas. Quel que soit le produit ou le service, nos solutions de commerce \u00e9lectronique s&rsquo;adaptent \u00e0 vos besoins, qu&rsquo;il s&rsquo;agisse de gros ou de petits volumes.\" \/>\n<meta property=\"og:url\" content=\"https:\/\/cactussenygrafic.com\/fr\/e-commerce\/\" \/>\n<meta property=\"og:site_name\" content=\"Cactus Seny Gr\u00e0fic\" \/>\n<meta property=\"article:modified_time\" content=\"2022-04-20T09:51:35+00:00\" \/>\n<meta name=\"twitter:card\" content=\"summary_large_image\" \/>\n<meta name=\"twitter:label1\" content=\"Dur\u00e9e de lecture estim\u00e9e\" \/>\n\t<meta name=\"twitter:data1\" content=\"1 minute\" \/>\n<script type=\"application\/ld+json\" class=\"yoast-schema-graph\">{\"@context\":\"https:\\\/\\\/schema.org\",\"@graph\":[{\"@type\":\"WebPage\",\"@id\":\"https:\\\/\\\/cactussenygrafic.com\\\/fr\\\/e-commerce\\\/\",\"url\":\"https:\\\/\\\/cactussenygrafic.com\\\/fr\\\/e-commerce\\\/\",\"name\":\"E-commerce - Cactus Seny Gr\u00e0fic\",\"isPartOf\":{\"@id\":\"https:\\\/\\\/cactussenygrafic.com\\\/fr\\\/#website\"},\"datePublished\":\"2020-12-22T16:23:03+00:00\",\"dateModified\":\"2022-04-20T09:51:35+00:00\",\"breadcrumb\":{\"@id\":\"https:\\\/\\\/cactussenygrafic.com\\\/fr\\\/e-commerce\\\/#breadcrumb\"},\"inLanguage\":\"fr-FR\",\"potentialAction\":[{\"@type\":\"ReadAction\",\"target\":[\"https:\\\/\\\/cactussenygrafic.com\\\/fr\\\/e-commerce\\\/\"]}]},{\"@type\":\"BreadcrumbList\",\"@id\":\"https:\\\/\\\/cactussenygrafic.com\\\/fr\\\/e-commerce\\\/#breadcrumb\",\"itemListElement\":[{\"@type\":\"ListItem\",\"position\":1,\"name\":\"Portada\",\"item\":\"https:\\\/\\\/cactussenygrafic.com\\\/fr\\\/\"},{\"@type\":\"ListItem\",\"position\":2,\"name\":\"E-commerce\"}]},{\"@type\":\"WebSite\",\"@id\":\"https:\\\/\\\/cactussenygrafic.com\\\/fr\\\/#website\",\"url\":\"https:\\\/\\\/cactussenygrafic.com\\\/fr\\\/\",\"name\":\"Cactus Seny Gr\u00e0fic\",\"description\":\"Estudi de disseny gr\u00e0fic i web a Barcelona i Sabadell\",\"potentialAction\":[{\"@type\":\"SearchAction\",\"target\":{\"@type\":\"EntryPoint\",\"urlTemplate\":\"https:\\\/\\\/cactussenygrafic.com\\\/fr\\\/?s={search_term_string}\"},\"query-input\":{\"@type\":\"PropertyValueSpecification\",\"valueRequired\":true,\"valueName\":\"search_term_string\"}}],\"inLanguage\":\"fr-FR\"}]}<\/script>\n<!-- \/ Yoast SEO plugin. -->","yoast_head_json":{"title":"E-commerce - Cactus Seny Gr\u00e0fic","robots":{"index":"index","follow":"follow","max-snippet":"max-snippet:-1","max-image-preview":"max-image-preview:large","max-video-preview":"max-video-preview:-1"},"canonical":"https:\/\/cactussenygrafic.com\/fr\/e-commerce\/","og_locale":"fr_FR","og_type":"article","og_title":"E-commerce - Cactus Seny Gr\u00e0fic","og_description":"Sp\u00e9cialistes du d\u00e9veloppement de boutiques en ligne, nous vous aidons \u00e0 r\u00e9aliser votre projet. Nous travaillons ind\u00e9pendamment sur chaque cas. Quel que soit le produit ou le service, nos solutions de commerce \u00e9lectronique s&rsquo;adaptent \u00e0 vos besoins, qu&rsquo;il s&rsquo;agisse de gros ou de petits volumes.","og_url":"https:\/\/cactussenygrafic.com\/fr\/e-commerce\/","og_site_name":"Cactus Seny Gr\u00e0fic","article_modified_time":"2022-04-20T09:51:35+00:00","twitter_card":"summary_large_image","twitter_misc":{"Dur\u00e9e de lecture estim\u00e9e":"1 minute"},"schema":{"@context":"https:\/\/schema.org","@graph":[{"@type":"WebPage","@id":"https:\/\/cactussenygrafic.com\/fr\/e-commerce\/","url":"https:\/\/cactussenygrafic.com\/fr\/e-commerce\/","name":"E-commerce - Cactus Seny Gr\u00e0fic","isPartOf":{"@id":"https:\/\/cactussenygrafic.com\/fr\/#website"},"datePublished":"2020-12-22T16:23:03+00:00","dateModified":"2022-04-20T09:51:35+00:00","breadcrumb":{"@id":"https:\/\/cactussenygrafic.com\/fr\/e-commerce\/#breadcrumb"},"inLanguage":"fr-FR","potentialAction":[{"@type":"ReadAction","target":["https:\/\/cactussenygrafic.com\/fr\/e-commerce\/"]}]},{"@type":"BreadcrumbList","@id":"https:\/\/cactussenygrafic.com\/fr\/e-commerce\/#breadcrumb","itemListElement":[{"@type":"ListItem","position":1,"name":"Portada","item":"https:\/\/cactussenygrafic.com\/fr\/"},{"@type":"ListItem","position":2,"name":"E-commerce"}]},{"@type":"WebSite","@id":"https:\/\/cactussenygrafic.com\/fr\/#website","url":"https:\/\/cactussenygrafic.com\/fr\/","name":"Cactus Seny Gr\u00e0fic","description":"Estudi de disseny gr\u00e0fic i web a Barcelona i Sabadell","potentialAction":[{"@type":"SearchAction","target":{"@type":"EntryPoint","urlTemplate":"https:\/\/cactussenygrafic.com\/fr\/?s={search_term_string}"},"query-input":{"@type":"PropertyValueSpecification","valueRequired":true,"valueName":"search_term_string"}}],"inLanguage":"fr-FR"}]}},"_links":{"self":[{"href":"https:\/\/cactussenygrafic.com\/fr\/wp-json\/wp\/v2\/pages\/3419","targetHints":{"allow":["GET"]}}],"collection":[{"href":"https:\/\/cactussenygrafic.com\/fr\/wp-json\/wp\/v2\/pages"}],"about":[{"href":"https:\/\/cactussenygrafic.com\/fr\/wp-json\/wp\/v2\/types\/page"}],"author":[{"embeddable":true,"href":"https:\/\/cactussenygrafic.com\/fr\/wp-json\/wp\/v2\/users\/1"}],"replies":[{"embeddable":true,"href":"https:\/\/cactussenygrafic.com\/fr\/wp-json\/wp\/v2\/comments?post=3419"}],"version-history":[{"count":0,"href":"https:\/\/cactussenygrafic.com\/fr\/wp-json\/wp\/v2\/pages\/3419\/revisions"}],"wp:attachment":[{"href":"https:\/\/cactussenygrafic.com\/fr\/wp-json\/wp\/v2\/media?parent=3419"}],"curies":[{"name":"wp","href":"https:\/\/api.w.org\/{rel}","templated":true}]}}