{"id":3420,"date":"2020-12-22T16:22:22","date_gmt":"2020-12-22T16:22:22","guid":{"rendered":"https:\/\/cactussenygrafic.com\/services\/branding\/"},"modified":"2022-05-10T09:59:55","modified_gmt":"2022-05-10T09:59:55","slug":"branding","status":"publish","type":"page","link":"https:\/\/cactussenygrafic.com\/fr\/services\/branding\/","title":{"rendered":"Branding"},"content":{"rendered":"<p>Nous aidons votre marque \u00e0 acqu\u00e9rir une identit\u00e9 forte, pertinente et percutante qui refl\u00e8te votre personnalit\u00e9, vos valeurs et vos id\u00e9es dans tous les aspects de la vie r\u00e9elle et virtuelle. Nous cr\u00e9ons des expressions visuelles coh\u00e9rentes avec un valeur ajout\u00e9e pour votre marque.<\/p>\n","protected":false},"excerpt":{"rendered":"<p>Nous aidons votre marque \u00e0 acqu\u00e9rir une identit\u00e9 forte, pertinente et percutante qui refl\u00e8te votre personnalit\u00e9, vos valeurs et vos id\u00e9es dans tous les aspects de la vie r\u00e9elle et virtuelle. Nous cr\u00e9ons des expressions visuelles coh\u00e9rentes avec un valeur ajout\u00e9e pour votre marque.<\/p>\n","protected":false},"author":1,"featured_media":2354,"parent":3415,"menu_order":0,"comment_status":"closed","ping_status":"closed","template":"page-templates\/page-servei.php","meta":{"_acf_changed":false,"inline_featured_image":false,"footnotes":""},"class_list":["post-3420","page","type-page","status-publish","has-post-thumbnail","hentry"],"acf":[],"yoast_head":"<!-- This site is optimized with the Yoast SEO plugin v27.3 - https:\/\/yoast.com\/product\/yoast-seo-wordpress\/ -->\n<title>Branding, identit\u00e9 visuelle et communication - Cactus Seny Gr\u00e0fic<\/title>\n<meta name=\"description\" content=\"Nous aidons votre marque \u00e0 se doter d&#039;une identit\u00e9 forte, pertinente et percutante qui refl\u00e8te votre personnalit\u00e9, vos valeurs et vos id\u00e9es.\" \/>\n<meta name=\"robots\" content=\"index, follow, max-snippet:-1, max-image-preview:large, max-video-preview:-1\" \/>\n<link rel=\"canonical\" href=\"https:\/\/cactussenygrafic.com\/fr\/services\/branding\/\" \/>\n<meta property=\"og:locale\" content=\"fr_FR\" \/>\n<meta property=\"og:type\" content=\"article\" \/>\n<meta property=\"og:title\" content=\"Branding, identit\u00e9 visuelle et communication - Cactus Seny Gr\u00e0fic\" \/>\n<meta property=\"og:description\" content=\"Nous aidons votre marque \u00e0 se doter d&#039;une identit\u00e9 forte, pertinente et percutante qui refl\u00e8te votre personnalit\u00e9, vos valeurs et vos id\u00e9es.\" \/>\n<meta property=\"og:url\" content=\"https:\/\/cactussenygrafic.com\/fr\/services\/branding\/\" \/>\n<meta property=\"og:site_name\" content=\"Cactus Seny Gr\u00e0fic\" \/>\n<meta property=\"article:modified_time\" content=\"2022-05-10T09:59:55+00:00\" \/>\n<meta name=\"twitter:card\" content=\"summary_large_image\" \/>\n<meta name=\"twitter:label1\" content=\"Dur\u00e9e de lecture estim\u00e9e\" \/>\n\t<meta name=\"twitter:data1\" content=\"1 minute\" \/>\n<script type=\"application\/ld+json\" class=\"yoast-schema-graph\">{\"@context\":\"https:\\\/\\\/schema.org\",\"@graph\":[{\"@type\":\"WebPage\",\"@id\":\"https:\\\/\\\/cactussenygrafic.com\\\/fr\\\/services\\\/branding\\\/\",\"url\":\"https:\\\/\\\/cactussenygrafic.com\\\/fr\\\/services\\\/branding\\\/\",\"name\":\"Branding, identit\u00e9 visuelle et communication - Cactus Seny Gr\u00e0fic\",\"isPartOf\":{\"@id\":\"https:\\\/\\\/cactussenygrafic.com\\\/fr\\\/#website\"},\"primaryImageOfPage\":{\"@id\":\"https:\\\/\\\/cactussenygrafic.com\\\/fr\\\/services\\\/branding\\\/#primaryimage\"},\"image\":{\"@id\":\"https:\\\/\\\/cactussenygrafic.com\\\/fr\\\/services\\\/branding\\\/#primaryimage\"},\"thumbnailUrl\":\"https:\\\/\\\/cactussenygrafic.com\\\/wp-content\\\/uploads\\\/2020\\\/12\\\/logotip-dolsallibreta-1.jpg\",\"datePublished\":\"2020-12-22T16:22:22+00:00\",\"dateModified\":\"2022-05-10T09:59:55+00:00\",\"description\":\"Nous aidons votre marque \u00e0 se doter d'une identit\u00e9 forte, pertinente et percutante qui refl\u00e8te votre personnalit\u00e9, vos valeurs et vos id\u00e9es.\",\"breadcrumb\":{\"@id\":\"https:\\\/\\\/cactussenygrafic.com\\\/fr\\\/services\\\/branding\\\/#breadcrumb\"},\"inLanguage\":\"fr-FR\",\"potentialAction\":[{\"@type\":\"ReadAction\",\"target\":[\"https:\\\/\\\/cactussenygrafic.com\\\/fr\\\/services\\\/branding\\\/\"]}]},{\"@type\":\"ImageObject\",\"inLanguage\":\"fr-FR\",\"@id\":\"https:\\\/\\\/cactussenygrafic.com\\\/fr\\\/services\\\/branding\\\/#primaryimage\",\"url\":\"https:\\\/\\\/cactussenygrafic.com\\\/wp-content\\\/uploads\\\/2020\\\/12\\\/logotip-dolsallibreta-1.jpg\",\"contentUrl\":\"https:\\\/\\\/cactussenygrafic.com\\\/wp-content\\\/uploads\\\/2020\\\/12\\\/logotip-dolsallibreta-1.jpg\",\"width\":2500,\"height\":1641,\"caption\":\"Branding i disseny corporatiu a Sabadell i Barcelona\"},{\"@type\":\"BreadcrumbList\",\"@id\":\"https:\\\/\\\/cactussenygrafic.com\\\/fr\\\/services\\\/branding\\\/#breadcrumb\",\"itemListElement\":[{\"@type\":\"ListItem\",\"position\":1,\"name\":\"Portada\",\"item\":\"https:\\\/\\\/cactussenygrafic.com\\\/fr\\\/\"},{\"@type\":\"ListItem\",\"position\":2,\"name\":\"Services\",\"item\":\"https:\\\/\\\/cactussenygrafic.com\\\/fr\\\/services\\\/\"},{\"@type\":\"ListItem\",\"position\":3,\"name\":\"Branding\"}]},{\"@type\":\"WebSite\",\"@id\":\"https:\\\/\\\/cactussenygrafic.com\\\/fr\\\/#website\",\"url\":\"https:\\\/\\\/cactussenygrafic.com\\\/fr\\\/\",\"name\":\"Cactus Seny Gr\u00e0fic\",\"description\":\"Estudi de disseny gr\u00e0fic i web a Barcelona i Sabadell\",\"potentialAction\":[{\"@type\":\"SearchAction\",\"target\":{\"@type\":\"EntryPoint\",\"urlTemplate\":\"https:\\\/\\\/cactussenygrafic.com\\\/fr\\\/?s={search_term_string}\"},\"query-input\":{\"@type\":\"PropertyValueSpecification\",\"valueRequired\":true,\"valueName\":\"search_term_string\"}}],\"inLanguage\":\"fr-FR\"}]}<\/script>\n<!-- \/ Yoast SEO plugin. -->","yoast_head_json":{"title":"Branding, identit\u00e9 visuelle et communication - Cactus Seny Gr\u00e0fic","description":"Nous aidons votre marque \u00e0 se doter d'une identit\u00e9 forte, pertinente et percutante qui refl\u00e8te votre personnalit\u00e9, vos valeurs et vos id\u00e9es.","robots":{"index":"index","follow":"follow","max-snippet":"max-snippet:-1","max-image-preview":"max-image-preview:large","max-video-preview":"max-video-preview:-1"},"canonical":"https:\/\/cactussenygrafic.com\/fr\/services\/branding\/","og_locale":"fr_FR","og_type":"article","og_title":"Branding, identit\u00e9 visuelle et communication - Cactus Seny Gr\u00e0fic","og_description":"Nous aidons votre marque \u00e0 se doter d'une identit\u00e9 forte, pertinente et percutante qui refl\u00e8te votre personnalit\u00e9, vos valeurs et vos id\u00e9es.","og_url":"https:\/\/cactussenygrafic.com\/fr\/services\/branding\/","og_site_name":"Cactus Seny Gr\u00e0fic","article_modified_time":"2022-05-10T09:59:55+00:00","twitter_card":"summary_large_image","twitter_misc":{"Dur\u00e9e de lecture estim\u00e9e":"1 minute"},"schema":{"@context":"https:\/\/schema.org","@graph":[{"@type":"WebPage","@id":"https:\/\/cactussenygrafic.com\/fr\/services\/branding\/","url":"https:\/\/cactussenygrafic.com\/fr\/services\/branding\/","name":"Branding, identit\u00e9 visuelle et communication - Cactus Seny Gr\u00e0fic","isPartOf":{"@id":"https:\/\/cactussenygrafic.com\/fr\/#website"},"primaryImageOfPage":{"@id":"https:\/\/cactussenygrafic.com\/fr\/services\/branding\/#primaryimage"},"image":{"@id":"https:\/\/cactussenygrafic.com\/fr\/services\/branding\/#primaryimage"},"thumbnailUrl":"https:\/\/cactussenygrafic.com\/wp-content\/uploads\/2020\/12\/logotip-dolsallibreta-1.jpg","datePublished":"2020-12-22T16:22:22+00:00","dateModified":"2022-05-10T09:59:55+00:00","description":"Nous aidons votre marque \u00e0 se doter d'une identit\u00e9 forte, pertinente et percutante qui refl\u00e8te votre personnalit\u00e9, vos valeurs et vos id\u00e9es.","breadcrumb":{"@id":"https:\/\/cactussenygrafic.com\/fr\/services\/branding\/#breadcrumb"},"inLanguage":"fr-FR","potentialAction":[{"@type":"ReadAction","target":["https:\/\/cactussenygrafic.com\/fr\/services\/branding\/"]}]},{"@type":"ImageObject","inLanguage":"fr-FR","@id":"https:\/\/cactussenygrafic.com\/fr\/services\/branding\/#primaryimage","url":"https:\/\/cactussenygrafic.com\/wp-content\/uploads\/2020\/12\/logotip-dolsallibreta-1.jpg","contentUrl":"https:\/\/cactussenygrafic.com\/wp-content\/uploads\/2020\/12\/logotip-dolsallibreta-1.jpg","width":2500,"height":1641,"caption":"Branding i disseny corporatiu a Sabadell i Barcelona"},{"@type":"BreadcrumbList","@id":"https:\/\/cactussenygrafic.com\/fr\/services\/branding\/#breadcrumb","itemListElement":[{"@type":"ListItem","position":1,"name":"Portada","item":"https:\/\/cactussenygrafic.com\/fr\/"},{"@type":"ListItem","position":2,"name":"Services","item":"https:\/\/cactussenygrafic.com\/fr\/services\/"},{"@type":"ListItem","position":3,"name":"Branding"}]},{"@type":"WebSite","@id":"https:\/\/cactussenygrafic.com\/fr\/#website","url":"https:\/\/cactussenygrafic.com\/fr\/","name":"Cactus Seny Gr\u00e0fic","description":"Estudi de disseny gr\u00e0fic i web a Barcelona i Sabadell","potentialAction":[{"@type":"SearchAction","target":{"@type":"EntryPoint","urlTemplate":"https:\/\/cactussenygrafic.com\/fr\/?s={search_term_string}"},"query-input":{"@type":"PropertyValueSpecification","valueRequired":true,"valueName":"search_term_string"}}],"inLanguage":"fr-FR"}]}},"_links":{"self":[{"href":"https:\/\/cactussenygrafic.com\/fr\/wp-json\/wp\/v2\/pages\/3420","targetHints":{"allow":["GET"]}}],"collection":[{"href":"https:\/\/cactussenygrafic.com\/fr\/wp-json\/wp\/v2\/pages"}],"about":[{"href":"https:\/\/cactussenygrafic.com\/fr\/wp-json\/wp\/v2\/types\/page"}],"author":[{"embeddable":true,"href":"https:\/\/cactussenygrafic.com\/fr\/wp-json\/wp\/v2\/users\/1"}],"replies":[{"embeddable":true,"href":"https:\/\/cactussenygrafic.com\/fr\/wp-json\/wp\/v2\/comments?post=3420"}],"version-history":[{"count":0,"href":"https:\/\/cactussenygrafic.com\/fr\/wp-json\/wp\/v2\/pages\/3420\/revisions"}],"up":[{"embeddable":true,"href":"https:\/\/cactussenygrafic.com\/fr\/wp-json\/wp\/v2\/pages\/3415"}],"wp:featuredmedia":[{"embeddable":true,"href":"https:\/\/cactussenygrafic.com\/fr\/wp-json\/wp\/v2\/media\/2354"}],"wp:attachment":[{"href":"https:\/\/cactussenygrafic.com\/fr\/wp-json\/wp\/v2\/media?parent=3420"}],"curies":[{"name":"wp","href":"https:\/\/api.w.org\/{rel}","templated":true}]}}