{"id":3421,"date":"2020-12-22T16:23:15","date_gmt":"2020-12-22T16:23:15","guid":{"rendered":"https:\/\/cactussenygrafic.com\/services\/diseno-grafico\/"},"modified":"2022-04-25T11:16:05","modified_gmt":"2022-04-25T11:16:05","slug":"communication","status":"publish","type":"page","link":"https:\/\/cactussenygrafic.com\/fr\/services\/communication\/","title":{"rendered":"Communication"},"content":{"rendered":"<p>Nous donnons \u00e0 votre marque la pr\u00e9sence qu&rsquo;elle m\u00e9rite. Nous plongeons dans votre identit\u00e9, votre caract\u00e8re et votre histoire pour aller plus loin, en soignant les d\u00e9tails et en adaptant la m\u00e9thodologie et les techniques en fonction de chaque projet.<\/p>\n","protected":false},"excerpt":{"rendered":"<p>Nous donnons \u00e0 votre marque la pr\u00e9sence qu&rsquo;elle m\u00e9rite. Nous plongeons dans votre identit\u00e9, votre caract\u00e8re et votre histoire pour aller plus loin, en soignant les d\u00e9tails et en adaptant la m\u00e9thodologie et les techniques en fonction de chaque projet.<\/p>\n","protected":false},"author":1,"featured_media":3736,"parent":3415,"menu_order":0,"comment_status":"closed","ping_status":"closed","template":"page-templates\/page-servei.php","meta":{"_acf_changed":false,"inline_featured_image":false,"footnotes":""},"class_list":["post-3421","page","type-page","status-publish","has-post-thumbnail","hentry"],"acf":[],"yoast_head":"<!-- This site is optimized with the Yoast SEO plugin v27.4 - https:\/\/yoast.com\/product\/yoast-seo-wordpress\/ -->\n<title>Communication, mis en page, publicit\u00e9 et plus - Cactus Seny Gr\u00e0fic<\/title>\n<meta name=\"description\" content=\"Nous donnons \u00e0 votre marque la pr\u00e9sence qu&#039;elle m\u00e9rite. Nous plongeons dans votre identit\u00e9. Mis en page, publicit\u00e9...\" \/>\n<meta name=\"robots\" content=\"index, follow, max-snippet:-1, max-image-preview:large, max-video-preview:-1\" \/>\n<link rel=\"canonical\" href=\"https:\/\/cactussenygrafic.com\/fr\/services\/communication\/\" \/>\n<meta property=\"og:locale\" content=\"fr_FR\" \/>\n<meta property=\"og:type\" content=\"article\" \/>\n<meta property=\"og:title\" content=\"Communication, mis en page, publicit\u00e9 et plus - Cactus Seny Gr\u00e0fic\" \/>\n<meta property=\"og:description\" content=\"Nous donnons \u00e0 votre marque la pr\u00e9sence qu&#039;elle m\u00e9rite. Nous plongeons dans votre identit\u00e9. Mis en page, publicit\u00e9...\" \/>\n<meta property=\"og:url\" content=\"https:\/\/cactussenygrafic.com\/fr\/services\/communication\/\" \/>\n<meta property=\"og:site_name\" content=\"Cactus Seny Gr\u00e0fic\" \/>\n<meta property=\"article:modified_time\" content=\"2022-04-25T11:16:05+00:00\" \/>\n<meta name=\"twitter:card\" content=\"summary_large_image\" \/>\n<meta name=\"twitter:label1\" content=\"Dur\u00e9e de lecture estim\u00e9e\" \/>\n\t<meta name=\"twitter:data1\" content=\"1 minute\" \/>\n<script type=\"application\/ld+json\" class=\"yoast-schema-graph\">{\"@context\":\"https:\\\/\\\/schema.org\",\"@graph\":[{\"@type\":\"WebPage\",\"@id\":\"https:\\\/\\\/cactussenygrafic.com\\\/fr\\\/services\\\/communication\\\/\",\"url\":\"https:\\\/\\\/cactussenygrafic.com\\\/fr\\\/services\\\/communication\\\/\",\"name\":\"Communication, mis en page, publicit\u00e9 et plus - Cactus Seny Gr\u00e0fic\",\"isPartOf\":{\"@id\":\"https:\\\/\\\/cactussenygrafic.com\\\/fr\\\/#website\"},\"primaryImageOfPage\":{\"@id\":\"https:\\\/\\\/cactussenygrafic.com\\\/fr\\\/services\\\/communication\\\/#primaryimage\"},\"image\":{\"@id\":\"https:\\\/\\\/cactussenygrafic.com\\\/fr\\\/services\\\/communication\\\/#primaryimage\"},\"thumbnailUrl\":\"https:\\\/\\\/cactussenygrafic.com\\\/wp-content\\\/uploads\\\/2022\\\/04\\\/Mupi-Benestar-Animal-1.jpg\",\"datePublished\":\"2020-12-22T16:23:15+00:00\",\"dateModified\":\"2022-04-25T11:16:05+00:00\",\"description\":\"Nous donnons \u00e0 votre marque la pr\u00e9sence qu'elle m\u00e9rite. Nous plongeons dans votre identit\u00e9. Mis en page, publicit\u00e9...\",\"breadcrumb\":{\"@id\":\"https:\\\/\\\/cactussenygrafic.com\\\/fr\\\/services\\\/communication\\\/#breadcrumb\"},\"inLanguage\":\"fr-FR\",\"potentialAction\":[{\"@type\":\"ReadAction\",\"target\":[\"https:\\\/\\\/cactussenygrafic.com\\\/fr\\\/services\\\/communication\\\/\"]}]},{\"@type\":\"ImageObject\",\"inLanguage\":\"fr-FR\",\"@id\":\"https:\\\/\\\/cactussenygrafic.com\\\/fr\\\/services\\\/communication\\\/#primaryimage\",\"url\":\"https:\\\/\\\/cactussenygrafic.com\\\/wp-content\\\/uploads\\\/2022\\\/04\\\/Mupi-Benestar-Animal-1.jpg\",\"contentUrl\":\"https:\\\/\\\/cactussenygrafic.com\\\/wp-content\\\/uploads\\\/2022\\\/04\\\/Mupi-Benestar-Animal-1.jpg\",\"width\":1500,\"height\":1500},{\"@type\":\"BreadcrumbList\",\"@id\":\"https:\\\/\\\/cactussenygrafic.com\\\/fr\\\/services\\\/communication\\\/#breadcrumb\",\"itemListElement\":[{\"@type\":\"ListItem\",\"position\":1,\"name\":\"Portada\",\"item\":\"https:\\\/\\\/cactussenygrafic.com\\\/fr\\\/\"},{\"@type\":\"ListItem\",\"position\":2,\"name\":\"Services\",\"item\":\"https:\\\/\\\/cactussenygrafic.com\\\/fr\\\/services\\\/\"},{\"@type\":\"ListItem\",\"position\":3,\"name\":\"Communication\"}]},{\"@type\":\"WebSite\",\"@id\":\"https:\\\/\\\/cactussenygrafic.com\\\/fr\\\/#website\",\"url\":\"https:\\\/\\\/cactussenygrafic.com\\\/fr\\\/\",\"name\":\"Cactus Seny Gr\u00e0fic\",\"description\":\"Estudi de disseny gr\u00e0fic i web a Barcelona i Sabadell\",\"potentialAction\":[{\"@type\":\"SearchAction\",\"target\":{\"@type\":\"EntryPoint\",\"urlTemplate\":\"https:\\\/\\\/cactussenygrafic.com\\\/fr\\\/?s={search_term_string}\"},\"query-input\":{\"@type\":\"PropertyValueSpecification\",\"valueRequired\":true,\"valueName\":\"search_term_string\"}}],\"inLanguage\":\"fr-FR\"}]}<\/script>\n<!-- \/ Yoast SEO plugin. -->","yoast_head_json":{"title":"Communication, mis en page, publicit\u00e9 et plus - Cactus Seny Gr\u00e0fic","description":"Nous donnons \u00e0 votre marque la pr\u00e9sence qu'elle m\u00e9rite. Nous plongeons dans votre identit\u00e9. Mis en page, publicit\u00e9...","robots":{"index":"index","follow":"follow","max-snippet":"max-snippet:-1","max-image-preview":"max-image-preview:large","max-video-preview":"max-video-preview:-1"},"canonical":"https:\/\/cactussenygrafic.com\/fr\/services\/communication\/","og_locale":"fr_FR","og_type":"article","og_title":"Communication, mis en page, publicit\u00e9 et plus - Cactus Seny Gr\u00e0fic","og_description":"Nous donnons \u00e0 votre marque la pr\u00e9sence qu'elle m\u00e9rite. Nous plongeons dans votre identit\u00e9. Mis en page, publicit\u00e9...","og_url":"https:\/\/cactussenygrafic.com\/fr\/services\/communication\/","og_site_name":"Cactus Seny Gr\u00e0fic","article_modified_time":"2022-04-25T11:16:05+00:00","twitter_card":"summary_large_image","twitter_misc":{"Dur\u00e9e de lecture estim\u00e9e":"1 minute"},"schema":{"@context":"https:\/\/schema.org","@graph":[{"@type":"WebPage","@id":"https:\/\/cactussenygrafic.com\/fr\/services\/communication\/","url":"https:\/\/cactussenygrafic.com\/fr\/services\/communication\/","name":"Communication, mis en page, publicit\u00e9 et plus - Cactus Seny Gr\u00e0fic","isPartOf":{"@id":"https:\/\/cactussenygrafic.com\/fr\/#website"},"primaryImageOfPage":{"@id":"https:\/\/cactussenygrafic.com\/fr\/services\/communication\/#primaryimage"},"image":{"@id":"https:\/\/cactussenygrafic.com\/fr\/services\/communication\/#primaryimage"},"thumbnailUrl":"https:\/\/cactussenygrafic.com\/wp-content\/uploads\/2022\/04\/Mupi-Benestar-Animal-1.jpg","datePublished":"2020-12-22T16:23:15+00:00","dateModified":"2022-04-25T11:16:05+00:00","description":"Nous donnons \u00e0 votre marque la pr\u00e9sence qu'elle m\u00e9rite. Nous plongeons dans votre identit\u00e9. Mis en page, publicit\u00e9...","breadcrumb":{"@id":"https:\/\/cactussenygrafic.com\/fr\/services\/communication\/#breadcrumb"},"inLanguage":"fr-FR","potentialAction":[{"@type":"ReadAction","target":["https:\/\/cactussenygrafic.com\/fr\/services\/communication\/"]}]},{"@type":"ImageObject","inLanguage":"fr-FR","@id":"https:\/\/cactussenygrafic.com\/fr\/services\/communication\/#primaryimage","url":"https:\/\/cactussenygrafic.com\/wp-content\/uploads\/2022\/04\/Mupi-Benestar-Animal-1.jpg","contentUrl":"https:\/\/cactussenygrafic.com\/wp-content\/uploads\/2022\/04\/Mupi-Benestar-Animal-1.jpg","width":1500,"height":1500},{"@type":"BreadcrumbList","@id":"https:\/\/cactussenygrafic.com\/fr\/services\/communication\/#breadcrumb","itemListElement":[{"@type":"ListItem","position":1,"name":"Portada","item":"https:\/\/cactussenygrafic.com\/fr\/"},{"@type":"ListItem","position":2,"name":"Services","item":"https:\/\/cactussenygrafic.com\/fr\/services\/"},{"@type":"ListItem","position":3,"name":"Communication"}]},{"@type":"WebSite","@id":"https:\/\/cactussenygrafic.com\/fr\/#website","url":"https:\/\/cactussenygrafic.com\/fr\/","name":"Cactus Seny Gr\u00e0fic","description":"Estudi de disseny gr\u00e0fic i web a Barcelona i Sabadell","potentialAction":[{"@type":"SearchAction","target":{"@type":"EntryPoint","urlTemplate":"https:\/\/cactussenygrafic.com\/fr\/?s={search_term_string}"},"query-input":{"@type":"PropertyValueSpecification","valueRequired":true,"valueName":"search_term_string"}}],"inLanguage":"fr-FR"}]}},"_links":{"self":[{"href":"https:\/\/cactussenygrafic.com\/fr\/wp-json\/wp\/v2\/pages\/3421","targetHints":{"allow":["GET"]}}],"collection":[{"href":"https:\/\/cactussenygrafic.com\/fr\/wp-json\/wp\/v2\/pages"}],"about":[{"href":"https:\/\/cactussenygrafic.com\/fr\/wp-json\/wp\/v2\/types\/page"}],"author":[{"embeddable":true,"href":"https:\/\/cactussenygrafic.com\/fr\/wp-json\/wp\/v2\/users\/1"}],"replies":[{"embeddable":true,"href":"https:\/\/cactussenygrafic.com\/fr\/wp-json\/wp\/v2\/comments?post=3421"}],"version-history":[{"count":0,"href":"https:\/\/cactussenygrafic.com\/fr\/wp-json\/wp\/v2\/pages\/3421\/revisions"}],"up":[{"embeddable":true,"href":"https:\/\/cactussenygrafic.com\/fr\/wp-json\/wp\/v2\/pages\/3415"}],"wp:featuredmedia":[{"embeddable":true,"href":"https:\/\/cactussenygrafic.com\/fr\/wp-json\/wp\/v2\/media\/3736"}],"wp:attachment":[{"href":"https:\/\/cactussenygrafic.com\/fr\/wp-json\/wp\/v2\/media?parent=3421"}],"curies":[{"name":"wp","href":"https:\/\/api.w.org\/{rel}","templated":true}]}}