{"id":3422,"date":"2020-12-22T16:24:35","date_gmt":"2020-12-22T16:24:35","guid":{"rendered":"https:\/\/cactussenygrafic.com\/services\/diseno-online\/"},"modified":"2022-04-25T11:20:55","modified_gmt":"2022-04-25T11:20:55","slug":"produits-online","status":"publish","type":"page","link":"https:\/\/cactussenygrafic.com\/fr\/services\/produits-online\/","title":{"rendered":"Produits online"},"content":{"rendered":"<p>Chez Cactus, nous sommes en mesure de transformer vos id\u00e9es pour tout produit online: sites web, e-commerce, newsletters, publications pour les r\u00e9seaux sociaux et campagnes de marketing num\u00e9rique. Nous \u00e9tudions chaque cas individuellement et travaillons sur tous les aspects num\u00e9riques depuis le studio m\u00eame, sans interm\u00e9diaire.<\/p>\n","protected":false},"excerpt":{"rendered":"<p>Chez Cactus, nous sommes en mesure de transformer vos id\u00e9es pour tout produit online: sites web, e-commerce, newsletters, publications pour les r\u00e9seaux sociaux et campagnes de marketing num\u00e9rique. Nous \u00e9tudions chaque cas individuellement et travaillons sur tous les aspects num\u00e9riques depuis le studio m\u00eame, sans interm\u00e9diaire.<\/p>\n","protected":false},"author":1,"featured_media":3287,"parent":3415,"menu_order":0,"comment_status":"closed","ping_status":"closed","template":"page-templates\/page-servei.php","meta":{"_acf_changed":false,"inline_featured_image":false,"footnotes":""},"class_list":["post-3422","page","type-page","status-publish","has-post-thumbnail","hentry"],"acf":[],"yoast_head":"<!-- This site is optimized with the Yoast SEO plugin v27.4 - https:\/\/yoast.com\/product\/yoast-seo-wordpress\/ -->\n<title>Produits online y cr\u00e9ation web - Cactus Seny Gr\u00e0fic<\/title>\n<meta name=\"description\" content=\"Cr\u00e9ation de sites web, e-commerce, newsletters, publications pour les r\u00e9seaux sociaux et campagnes de marketing.\" \/>\n<meta name=\"robots\" content=\"index, follow, max-snippet:-1, max-image-preview:large, max-video-preview:-1\" \/>\n<link rel=\"canonical\" href=\"https:\/\/cactussenygrafic.com\/fr\/services\/produits-online\/\" \/>\n<meta property=\"og:locale\" content=\"fr_FR\" \/>\n<meta property=\"og:type\" content=\"article\" \/>\n<meta property=\"og:title\" content=\"Produits online y cr\u00e9ation web - Cactus Seny Gr\u00e0fic\" \/>\n<meta property=\"og:description\" content=\"Cr\u00e9ation de sites web, e-commerce, newsletters, publications pour les r\u00e9seaux sociaux et campagnes de marketing.\" \/>\n<meta property=\"og:url\" content=\"https:\/\/cactussenygrafic.com\/fr\/services\/produits-online\/\" \/>\n<meta property=\"og:site_name\" content=\"Cactus Seny Gr\u00e0fic\" \/>\n<meta property=\"article:modified_time\" content=\"2022-04-25T11:20:55+00:00\" \/>\n<meta name=\"twitter:card\" content=\"summary_large_image\" \/>\n<meta name=\"twitter:label1\" content=\"Dur\u00e9e de lecture estim\u00e9e\" \/>\n\t<meta name=\"twitter:data1\" content=\"1 minute\" \/>\n<script type=\"application\/ld+json\" class=\"yoast-schema-graph\">{\"@context\":\"https:\\\/\\\/schema.org\",\"@graph\":[{\"@type\":\"WebPage\",\"@id\":\"https:\\\/\\\/cactussenygrafic.com\\\/fr\\\/services\\\/produits-online\\\/\",\"url\":\"https:\\\/\\\/cactussenygrafic.com\\\/fr\\\/services\\\/produits-online\\\/\",\"name\":\"Produits online y cr\u00e9ation web - Cactus Seny Gr\u00e0fic\",\"isPartOf\":{\"@id\":\"https:\\\/\\\/cactussenygrafic.com\\\/fr\\\/#website\"},\"primaryImageOfPage\":{\"@id\":\"https:\\\/\\\/cactussenygrafic.com\\\/fr\\\/services\\\/produits-online\\\/#primaryimage\"},\"image\":{\"@id\":\"https:\\\/\\\/cactussenygrafic.com\\\/fr\\\/services\\\/produits-online\\\/#primaryimage\"},\"thumbnailUrl\":\"https:\\\/\\\/cactussenygrafic.com\\\/wp-content\\\/uploads\\\/2022\\\/04\\\/renovandrent-mobile.jpg\",\"datePublished\":\"2020-12-22T16:24:35+00:00\",\"dateModified\":\"2022-04-25T11:20:55+00:00\",\"description\":\"Cr\u00e9ation de sites web, e-commerce, newsletters, publications pour les r\u00e9seaux sociaux et campagnes de marketing.\",\"breadcrumb\":{\"@id\":\"https:\\\/\\\/cactussenygrafic.com\\\/fr\\\/services\\\/produits-online\\\/#breadcrumb\"},\"inLanguage\":\"fr-FR\",\"potentialAction\":[{\"@type\":\"ReadAction\",\"target\":[\"https:\\\/\\\/cactussenygrafic.com\\\/fr\\\/services\\\/produits-online\\\/\"]}]},{\"@type\":\"ImageObject\",\"inLanguage\":\"fr-FR\",\"@id\":\"https:\\\/\\\/cactussenygrafic.com\\\/fr\\\/services\\\/produits-online\\\/#primaryimage\",\"url\":\"https:\\\/\\\/cactussenygrafic.com\\\/wp-content\\\/uploads\\\/2022\\\/04\\\/renovandrent-mobile.jpg\",\"contentUrl\":\"https:\\\/\\\/cactussenygrafic.com\\\/wp-content\\\/uploads\\\/2022\\\/04\\\/renovandrent-mobile.jpg\",\"width\":1920,\"height\":1440},{\"@type\":\"BreadcrumbList\",\"@id\":\"https:\\\/\\\/cactussenygrafic.com\\\/fr\\\/services\\\/produits-online\\\/#breadcrumb\",\"itemListElement\":[{\"@type\":\"ListItem\",\"position\":1,\"name\":\"Portada\",\"item\":\"https:\\\/\\\/cactussenygrafic.com\\\/fr\\\/\"},{\"@type\":\"ListItem\",\"position\":2,\"name\":\"Services\",\"item\":\"https:\\\/\\\/cactussenygrafic.com\\\/fr\\\/services\\\/\"},{\"@type\":\"ListItem\",\"position\":3,\"name\":\"Produits online\"}]},{\"@type\":\"WebSite\",\"@id\":\"https:\\\/\\\/cactussenygrafic.com\\\/fr\\\/#website\",\"url\":\"https:\\\/\\\/cactussenygrafic.com\\\/fr\\\/\",\"name\":\"Cactus Seny Gr\u00e0fic\",\"description\":\"Estudi de disseny gr\u00e0fic i web a Barcelona i Sabadell\",\"potentialAction\":[{\"@type\":\"SearchAction\",\"target\":{\"@type\":\"EntryPoint\",\"urlTemplate\":\"https:\\\/\\\/cactussenygrafic.com\\\/fr\\\/?s={search_term_string}\"},\"query-input\":{\"@type\":\"PropertyValueSpecification\",\"valueRequired\":true,\"valueName\":\"search_term_string\"}}],\"inLanguage\":\"fr-FR\"}]}<\/script>\n<!-- \/ Yoast SEO plugin. -->","yoast_head_json":{"title":"Produits online y cr\u00e9ation web - Cactus Seny Gr\u00e0fic","description":"Cr\u00e9ation de sites web, e-commerce, newsletters, publications pour les r\u00e9seaux sociaux et campagnes de marketing.","robots":{"index":"index","follow":"follow","max-snippet":"max-snippet:-1","max-image-preview":"max-image-preview:large","max-video-preview":"max-video-preview:-1"},"canonical":"https:\/\/cactussenygrafic.com\/fr\/services\/produits-online\/","og_locale":"fr_FR","og_type":"article","og_title":"Produits online y cr\u00e9ation web - Cactus Seny Gr\u00e0fic","og_description":"Cr\u00e9ation de sites web, e-commerce, newsletters, publications pour les r\u00e9seaux sociaux et campagnes de marketing.","og_url":"https:\/\/cactussenygrafic.com\/fr\/services\/produits-online\/","og_site_name":"Cactus Seny Gr\u00e0fic","article_modified_time":"2022-04-25T11:20:55+00:00","twitter_card":"summary_large_image","twitter_misc":{"Dur\u00e9e de lecture estim\u00e9e":"1 minute"},"schema":{"@context":"https:\/\/schema.org","@graph":[{"@type":"WebPage","@id":"https:\/\/cactussenygrafic.com\/fr\/services\/produits-online\/","url":"https:\/\/cactussenygrafic.com\/fr\/services\/produits-online\/","name":"Produits online y cr\u00e9ation web - Cactus Seny Gr\u00e0fic","isPartOf":{"@id":"https:\/\/cactussenygrafic.com\/fr\/#website"},"primaryImageOfPage":{"@id":"https:\/\/cactussenygrafic.com\/fr\/services\/produits-online\/#primaryimage"},"image":{"@id":"https:\/\/cactussenygrafic.com\/fr\/services\/produits-online\/#primaryimage"},"thumbnailUrl":"https:\/\/cactussenygrafic.com\/wp-content\/uploads\/2022\/04\/renovandrent-mobile.jpg","datePublished":"2020-12-22T16:24:35+00:00","dateModified":"2022-04-25T11:20:55+00:00","description":"Cr\u00e9ation de sites web, e-commerce, newsletters, publications pour les r\u00e9seaux sociaux et campagnes de marketing.","breadcrumb":{"@id":"https:\/\/cactussenygrafic.com\/fr\/services\/produits-online\/#breadcrumb"},"inLanguage":"fr-FR","potentialAction":[{"@type":"ReadAction","target":["https:\/\/cactussenygrafic.com\/fr\/services\/produits-online\/"]}]},{"@type":"ImageObject","inLanguage":"fr-FR","@id":"https:\/\/cactussenygrafic.com\/fr\/services\/produits-online\/#primaryimage","url":"https:\/\/cactussenygrafic.com\/wp-content\/uploads\/2022\/04\/renovandrent-mobile.jpg","contentUrl":"https:\/\/cactussenygrafic.com\/wp-content\/uploads\/2022\/04\/renovandrent-mobile.jpg","width":1920,"height":1440},{"@type":"BreadcrumbList","@id":"https:\/\/cactussenygrafic.com\/fr\/services\/produits-online\/#breadcrumb","itemListElement":[{"@type":"ListItem","position":1,"name":"Portada","item":"https:\/\/cactussenygrafic.com\/fr\/"},{"@type":"ListItem","position":2,"name":"Services","item":"https:\/\/cactussenygrafic.com\/fr\/services\/"},{"@type":"ListItem","position":3,"name":"Produits online"}]},{"@type":"WebSite","@id":"https:\/\/cactussenygrafic.com\/fr\/#website","url":"https:\/\/cactussenygrafic.com\/fr\/","name":"Cactus Seny Gr\u00e0fic","description":"Estudi de disseny gr\u00e0fic i web a Barcelona i Sabadell","potentialAction":[{"@type":"SearchAction","target":{"@type":"EntryPoint","urlTemplate":"https:\/\/cactussenygrafic.com\/fr\/?s={search_term_string}"},"query-input":{"@type":"PropertyValueSpecification","valueRequired":true,"valueName":"search_term_string"}}],"inLanguage":"fr-FR"}]}},"_links":{"self":[{"href":"https:\/\/cactussenygrafic.com\/fr\/wp-json\/wp\/v2\/pages\/3422","targetHints":{"allow":["GET"]}}],"collection":[{"href":"https:\/\/cactussenygrafic.com\/fr\/wp-json\/wp\/v2\/pages"}],"about":[{"href":"https:\/\/cactussenygrafic.com\/fr\/wp-json\/wp\/v2\/types\/page"}],"author":[{"embeddable":true,"href":"https:\/\/cactussenygrafic.com\/fr\/wp-json\/wp\/v2\/users\/1"}],"replies":[{"embeddable":true,"href":"https:\/\/cactussenygrafic.com\/fr\/wp-json\/wp\/v2\/comments?post=3422"}],"version-history":[{"count":0,"href":"https:\/\/cactussenygrafic.com\/fr\/wp-json\/wp\/v2\/pages\/3422\/revisions"}],"up":[{"embeddable":true,"href":"https:\/\/cactussenygrafic.com\/fr\/wp-json\/wp\/v2\/pages\/3415"}],"wp:featuredmedia":[{"embeddable":true,"href":"https:\/\/cactussenygrafic.com\/fr\/wp-json\/wp\/v2\/media\/3287"}],"wp:attachment":[{"href":"https:\/\/cactussenygrafic.com\/fr\/wp-json\/wp\/v2\/media?parent=3422"}],"curies":[{"name":"wp","href":"https:\/\/api.w.org\/{rel}","templated":true}]}}