{"id":3424,"date":"2020-12-22T16:25:50","date_gmt":"2020-12-22T16:25:50","guid":{"rendered":"https:\/\/cactussenygrafic.com\/services\/programacion\/"},"modified":"2022-04-25T11:33:19","modified_gmt":"2022-04-25T11:33:19","slug":"developpement-web","status":"publish","type":"page","link":"https:\/\/cactussenygrafic.com\/fr\/services\/developpement-web\/","title":{"rendered":"D\u00e9veloppement web"},"content":{"rendered":"<p>Nous travaillons avec les derni\u00e8res technologies pour cr\u00e9er des sites web et des e-commerce \u00e0 forte valeur ajout\u00e9e, en nous adaptant \u00e0 vos besoins. Nous sommes experts en WordPress, la technologie en ligne la plus utilis\u00e9e qui permet de mettre facilement \u00e0 jour le contenu d&rsquo;un site web.<\/p>\n","protected":false},"excerpt":{"rendered":"<p>Nous travaillons avec les derni\u00e8res technologies pour cr\u00e9er des sites web et des e-commerce \u00e0 forte valeur ajout\u00e9e, en nous adaptant \u00e0 vos besoins. Nous sommes experts en WordPress, la technologie en ligne la plus utilis\u00e9e qui permet de mettre facilement \u00e0 jour le contenu d&rsquo;un site web.<\/p>\n","protected":false},"author":1,"featured_media":3143,"parent":3415,"menu_order":0,"comment_status":"closed","ping_status":"closed","template":"page-templates\/page-servei.php","meta":{"_acf_changed":false,"inline_featured_image":false,"footnotes":""},"class_list":["post-3424","page","type-page","status-publish","has-post-thumbnail","hentry"],"acf":[],"yoast_head":"<!-- This site is optimized with the Yoast SEO plugin v27.4 - https:\/\/yoast.com\/product\/yoast-seo-wordpress\/ -->\n<title>D\u00e9veloppement web Wordpress expertise - Cactus Seny Gr\u00e0fic<\/title>\n<meta name=\"description\" content=\"Expertises en WordPress, la technologie en ligne la plus utilis\u00e9e qui permet de mettre facilement \u00e0 jour le contenu d&#039;un site web.\" \/>\n<meta name=\"robots\" content=\"index, follow, max-snippet:-1, max-image-preview:large, max-video-preview:-1\" \/>\n<link rel=\"canonical\" href=\"https:\/\/cactussenygrafic.com\/fr\/services\/developpement-web\/\" \/>\n<meta property=\"og:locale\" content=\"fr_FR\" \/>\n<meta property=\"og:type\" content=\"article\" \/>\n<meta property=\"og:title\" content=\"D\u00e9veloppement web Wordpress expertise - Cactus Seny Gr\u00e0fic\" \/>\n<meta property=\"og:description\" content=\"Expertises en WordPress, la technologie en ligne la plus utilis\u00e9e qui permet de mettre facilement \u00e0 jour le contenu d&#039;un site web.\" \/>\n<meta property=\"og:url\" content=\"https:\/\/cactussenygrafic.com\/fr\/services\/developpement-web\/\" \/>\n<meta property=\"og:site_name\" content=\"Cactus Seny Gr\u00e0fic\" \/>\n<meta property=\"article:modified_time\" content=\"2022-04-25T11:33:19+00:00\" \/>\n<meta name=\"twitter:card\" content=\"summary_large_image\" \/>\n<meta name=\"twitter:label1\" content=\"Dur\u00e9e de lecture estim\u00e9e\" \/>\n\t<meta name=\"twitter:data1\" content=\"1 minute\" \/>\n<script type=\"application\/ld+json\" class=\"yoast-schema-graph\">{\"@context\":\"https:\\\/\\\/schema.org\",\"@graph\":[{\"@type\":\"WebPage\",\"@id\":\"https:\\\/\\\/cactussenygrafic.com\\\/fr\\\/services\\\/developpement-web\\\/\",\"url\":\"https:\\\/\\\/cactussenygrafic.com\\\/fr\\\/services\\\/developpement-web\\\/\",\"name\":\"D\u00e9veloppement web Wordpress expertise - Cactus Seny Gr\u00e0fic\",\"isPartOf\":{\"@id\":\"https:\\\/\\\/cactussenygrafic.com\\\/fr\\\/#website\"},\"primaryImageOfPage\":{\"@id\":\"https:\\\/\\\/cactussenygrafic.com\\\/fr\\\/services\\\/developpement-web\\\/#primaryimage\"},\"image\":{\"@id\":\"https:\\\/\\\/cactussenygrafic.com\\\/fr\\\/services\\\/developpement-web\\\/#primaryimage\"},\"thumbnailUrl\":\"https:\\\/\\\/cactussenygrafic.com\\\/wp-content\\\/uploads\\\/2022\\\/04\\\/disseny-web-cactus-seny-cactus.jpg\",\"datePublished\":\"2020-12-22T16:25:50+00:00\",\"dateModified\":\"2022-04-25T11:33:19+00:00\",\"description\":\"Expertises en WordPress, la technologie en ligne la plus utilis\u00e9e qui permet de mettre facilement \u00e0 jour le contenu d'un site web.\",\"breadcrumb\":{\"@id\":\"https:\\\/\\\/cactussenygrafic.com\\\/fr\\\/services\\\/developpement-web\\\/#breadcrumb\"},\"inLanguage\":\"fr-FR\",\"potentialAction\":[{\"@type\":\"ReadAction\",\"target\":[\"https:\\\/\\\/cactussenygrafic.com\\\/fr\\\/services\\\/developpement-web\\\/\"]}]},{\"@type\":\"ImageObject\",\"inLanguage\":\"fr-FR\",\"@id\":\"https:\\\/\\\/cactussenygrafic.com\\\/fr\\\/services\\\/developpement-web\\\/#primaryimage\",\"url\":\"https:\\\/\\\/cactussenygrafic.com\\\/wp-content\\\/uploads\\\/2022\\\/04\\\/disseny-web-cactus-seny-cactus.jpg\",\"contentUrl\":\"https:\\\/\\\/cactussenygrafic.com\\\/wp-content\\\/uploads\\\/2022\\\/04\\\/disseny-web-cactus-seny-cactus.jpg\",\"width\":1800,\"height\":1350,\"caption\":\"Disseny i programaci\u00f3 web Worpress a Sabadell i Barcelona\"},{\"@type\":\"BreadcrumbList\",\"@id\":\"https:\\\/\\\/cactussenygrafic.com\\\/fr\\\/services\\\/developpement-web\\\/#breadcrumb\",\"itemListElement\":[{\"@type\":\"ListItem\",\"position\":1,\"name\":\"Portada\",\"item\":\"https:\\\/\\\/cactussenygrafic.com\\\/fr\\\/\"},{\"@type\":\"ListItem\",\"position\":2,\"name\":\"Services\",\"item\":\"https:\\\/\\\/cactussenygrafic.com\\\/fr\\\/services\\\/\"},{\"@type\":\"ListItem\",\"position\":3,\"name\":\"D\u00e9veloppement web\"}]},{\"@type\":\"WebSite\",\"@id\":\"https:\\\/\\\/cactussenygrafic.com\\\/fr\\\/#website\",\"url\":\"https:\\\/\\\/cactussenygrafic.com\\\/fr\\\/\",\"name\":\"Cactus Seny Gr\u00e0fic\",\"description\":\"Estudi de disseny gr\u00e0fic i web a Barcelona i Sabadell\",\"potentialAction\":[{\"@type\":\"SearchAction\",\"target\":{\"@type\":\"EntryPoint\",\"urlTemplate\":\"https:\\\/\\\/cactussenygrafic.com\\\/fr\\\/?s={search_term_string}\"},\"query-input\":{\"@type\":\"PropertyValueSpecification\",\"valueRequired\":true,\"valueName\":\"search_term_string\"}}],\"inLanguage\":\"fr-FR\"}]}<\/script>\n<!-- \/ Yoast SEO plugin. -->","yoast_head_json":{"title":"D\u00e9veloppement web Wordpress expertise - Cactus Seny Gr\u00e0fic","description":"Expertises en WordPress, la technologie en ligne la plus utilis\u00e9e qui permet de mettre facilement \u00e0 jour le contenu d'un site web.","robots":{"index":"index","follow":"follow","max-snippet":"max-snippet:-1","max-image-preview":"max-image-preview:large","max-video-preview":"max-video-preview:-1"},"canonical":"https:\/\/cactussenygrafic.com\/fr\/services\/developpement-web\/","og_locale":"fr_FR","og_type":"article","og_title":"D\u00e9veloppement web Wordpress expertise - Cactus Seny Gr\u00e0fic","og_description":"Expertises en WordPress, la technologie en ligne la plus utilis\u00e9e qui permet de mettre facilement \u00e0 jour le contenu d'un site web.","og_url":"https:\/\/cactussenygrafic.com\/fr\/services\/developpement-web\/","og_site_name":"Cactus Seny Gr\u00e0fic","article_modified_time":"2022-04-25T11:33:19+00:00","twitter_card":"summary_large_image","twitter_misc":{"Dur\u00e9e de lecture estim\u00e9e":"1 minute"},"schema":{"@context":"https:\/\/schema.org","@graph":[{"@type":"WebPage","@id":"https:\/\/cactussenygrafic.com\/fr\/services\/developpement-web\/","url":"https:\/\/cactussenygrafic.com\/fr\/services\/developpement-web\/","name":"D\u00e9veloppement web Wordpress expertise - Cactus Seny Gr\u00e0fic","isPartOf":{"@id":"https:\/\/cactussenygrafic.com\/fr\/#website"},"primaryImageOfPage":{"@id":"https:\/\/cactussenygrafic.com\/fr\/services\/developpement-web\/#primaryimage"},"image":{"@id":"https:\/\/cactussenygrafic.com\/fr\/services\/developpement-web\/#primaryimage"},"thumbnailUrl":"https:\/\/cactussenygrafic.com\/wp-content\/uploads\/2022\/04\/disseny-web-cactus-seny-cactus.jpg","datePublished":"2020-12-22T16:25:50+00:00","dateModified":"2022-04-25T11:33:19+00:00","description":"Expertises en WordPress, la technologie en ligne la plus utilis\u00e9e qui permet de mettre facilement \u00e0 jour le contenu d'un site web.","breadcrumb":{"@id":"https:\/\/cactussenygrafic.com\/fr\/services\/developpement-web\/#breadcrumb"},"inLanguage":"fr-FR","potentialAction":[{"@type":"ReadAction","target":["https:\/\/cactussenygrafic.com\/fr\/services\/developpement-web\/"]}]},{"@type":"ImageObject","inLanguage":"fr-FR","@id":"https:\/\/cactussenygrafic.com\/fr\/services\/developpement-web\/#primaryimage","url":"https:\/\/cactussenygrafic.com\/wp-content\/uploads\/2022\/04\/disseny-web-cactus-seny-cactus.jpg","contentUrl":"https:\/\/cactussenygrafic.com\/wp-content\/uploads\/2022\/04\/disseny-web-cactus-seny-cactus.jpg","width":1800,"height":1350,"caption":"Disseny i programaci\u00f3 web Worpress a Sabadell i Barcelona"},{"@type":"BreadcrumbList","@id":"https:\/\/cactussenygrafic.com\/fr\/services\/developpement-web\/#breadcrumb","itemListElement":[{"@type":"ListItem","position":1,"name":"Portada","item":"https:\/\/cactussenygrafic.com\/fr\/"},{"@type":"ListItem","position":2,"name":"Services","item":"https:\/\/cactussenygrafic.com\/fr\/services\/"},{"@type":"ListItem","position":3,"name":"D\u00e9veloppement web"}]},{"@type":"WebSite","@id":"https:\/\/cactussenygrafic.com\/fr\/#website","url":"https:\/\/cactussenygrafic.com\/fr\/","name":"Cactus Seny Gr\u00e0fic","description":"Estudi de disseny gr\u00e0fic i web a Barcelona i Sabadell","potentialAction":[{"@type":"SearchAction","target":{"@type":"EntryPoint","urlTemplate":"https:\/\/cactussenygrafic.com\/fr\/?s={search_term_string}"},"query-input":{"@type":"PropertyValueSpecification","valueRequired":true,"valueName":"search_term_string"}}],"inLanguage":"fr-FR"}]}},"_links":{"self":[{"href":"https:\/\/cactussenygrafic.com\/fr\/wp-json\/wp\/v2\/pages\/3424","targetHints":{"allow":["GET"]}}],"collection":[{"href":"https:\/\/cactussenygrafic.com\/fr\/wp-json\/wp\/v2\/pages"}],"about":[{"href":"https:\/\/cactussenygrafic.com\/fr\/wp-json\/wp\/v2\/types\/page"}],"author":[{"embeddable":true,"href":"https:\/\/cactussenygrafic.com\/fr\/wp-json\/wp\/v2\/users\/1"}],"replies":[{"embeddable":true,"href":"https:\/\/cactussenygrafic.com\/fr\/wp-json\/wp\/v2\/comments?post=3424"}],"version-history":[{"count":0,"href":"https:\/\/cactussenygrafic.com\/fr\/wp-json\/wp\/v2\/pages\/3424\/revisions"}],"up":[{"embeddable":true,"href":"https:\/\/cactussenygrafic.com\/fr\/wp-json\/wp\/v2\/pages\/3415"}],"wp:featuredmedia":[{"embeddable":true,"href":"https:\/\/cactussenygrafic.com\/fr\/wp-json\/wp\/v2\/media\/3143"}],"wp:attachment":[{"href":"https:\/\/cactussenygrafic.com\/fr\/wp-json\/wp\/v2\/media?parent=3424"}],"curies":[{"name":"wp","href":"https:\/\/api.w.org\/{rel}","templated":true}]}}