{"id":3439,"date":"2021-02-15T18:17:55","date_gmt":"2021-02-15T18:17:55","guid":{"rendered":"https:\/\/cactussenygrafic.com\/aviso-legal\/"},"modified":"2026-01-14T10:05:54","modified_gmt":"2026-01-14T10:05:54","slug":"mentions-legales","status":"publish","type":"page","link":"https:\/\/cactussenygrafic.com\/fr\/mentions-legales\/","title":{"rendered":"Mentions l\u00e9gales"},"content":{"rendered":"<p>Cet avis est de consultation obligatoire et r\u00e9git les conditions d&rsquo;utilisation qui doivent \u00eatre observ\u00e9es et respect\u00e9es par les utilisateurs de ce site web. Il est important de le lire attentivement, car le fait d&rsquo;acc\u00e9der et d&rsquo;utiliser le mat\u00e9riel inclus implique que l&rsquo;utilisateur a lu et accepte, sans r\u00e9serve, les conditions qui suivent.<\/p>\n<p>Conform\u00e9ment \u00e0 la loi sur les services de la soci\u00e9t\u00e9 de l&rsquo;information et le commerce \u00e9lectronique, et \u00e0 d&rsquo;autres lois compl\u00e9mentaires, nous vous informons que le propri\u00e9taire du site web www.cactussenygrafic.com et la marque Cactus Seny Gr\u00e0fic sont la propri\u00e9t\u00e9 de CACTUS SENY GRAFIC SL, domicili\u00e9s fiscalement \u00e0 c\/ Bosch i Cardellach 55, Sabadell, avec CIF ESB24932048 (ci-apr\u00e8s \u00ab\u00a0Cactus Seny Gr\u00e0fic\u00a0\u00bb).<\/p>\n<p>Cactus Seny Gr\u00e0fic pourra, \u00e0 tout moment et sans pr\u00e9avis, modifier et mettre \u00e0 jour les informations contenues sur son site web, ou sa configuration ou pr\u00e9sentation.<\/p>\n<p>Cactus Seny Gr\u00e0fic met tout en \u0153uvre pour que les informations fournies sur son site web soient claires, compr\u00e9hensibles et appropri\u00e9es, et pour \u00e9viter autant que possible les erreurs et, si n\u00e9cessaire, les r\u00e9parer ou les mettre \u00e0 jour. Toutefois, Cactus Seny Gr\u00e0fic ne peut garantir l&rsquo;absence d&rsquo;erreurs ou la mise \u00e0 jour permanente du contenu des informations.<\/p>\n<p>Les droits de propri\u00e9t\u00e9 intellectuelle des contenus, textes, guides, logos corporatifs et images de ce site web sont la propri\u00e9t\u00e9 de Cactus Seny Gr\u00e0fic et, le cas \u00e9ch\u00e9ant, des autres associations et entit\u00e9s mentionn\u00e9es sur cette page, et sont prot\u00e9g\u00e9s par la l\u00e9gislation espagnole et par la r\u00e9glementation communautaire et internationale applicable.<\/p>\n<p>La reproduction, la distribution, la commercialisation ou la transformation non autoris\u00e9e de ces contenus &#8211; sauf dans les cas l\u00e9galement autoris\u00e9s pour un usage personnel et priv\u00e9 &#8211; constitue une infraction aux droits de propri\u00e9t\u00e9 intellectuelle de Cactus Seny Gr\u00e0fic ou du propri\u00e9taire.<\/p>\n<p>La reproduction, la distribution, la commercialisation ou la transformation, totale ou partielle, de l&rsquo;un des contenus du site web est interdite sans l&rsquo;autorisation \u00e9crite pr\u00e9alable de Cactus Seny Gr\u00e0fic.<\/p>\n<p>L&rsquo;impression et le t\u00e9l\u00e9chargement d&rsquo;extraits du contenu du site web de Cactus Seny Gr\u00e0fic ne sont autoris\u00e9s que pour un usage personnel et priv\u00e9. Les demandes \u00e0 cet effet peuvent \u00eatre adress\u00e9es \u00e0 estudi@cactussenygrafic.com. Afin d&rsquo;exercer le droit de citation, il devra \u00eatre mentionn\u00e9 comme propri\u00e9taire des extraits des contenus ou documents mentionn\u00e9s, ainsi que la page web www.cactussenygrafic.com comme source de l&rsquo;information lorsqu&rsquo;elle correspond.<\/p>\n<p>Dans les cas o\u00f9 les extraits des contenus ou documents inclus dans la page web sont la propri\u00e9t\u00e9 d&rsquo;un tiers, il faudra indiquer \u00ab\u00a0\u00a9 (nom du propri\u00e9taire) tel que publi\u00e9 dans la page web de Cactus Seny Gr\u00e0fic. Dans tous les cas, vous devrez nous en informer par e-mail \u00e0 estudi@cactussenygrafic.com.<\/p>\n<p>Cactus Seny Gr\u00e0fic n&rsquo;assume aucune responsabilit\u00e9 quant \u00e0 l&rsquo;\u00e9ventuelle utilisation inappropri\u00e9e de ce site web par des tiers, ni quant aux informations qu&rsquo;ils transmettent \u00e0 des tiers par son interm\u00e9diaire. Les contenus fournis \u00e0 travers ce site web ont un caract\u00e8re purement informatif, et par cons\u00e9quent, l&rsquo;utilisation que l&rsquo;utilisateur peut en faire et les cons\u00e9quences ou dommages qui peuvent en d\u00e9couler sont de la seule responsabilit\u00e9 de l&rsquo;utilisateur.<\/p>\n<p>Cactus Seny Gr\u00e0fic se r\u00e9serve le droit d&rsquo;entreprendre toute action l\u00e9gale qu&rsquo;elle juge appropri\u00e9e en cas d&rsquo;utilisation illicite par des tiers des contenus de son site web.<\/p>\n<p>Toutes les donn\u00e9es personnelles demand\u00e9es sur le site sont collect\u00e9es pour la bonne gestion des activit\u00e9s de Cactus Seny Gr\u00e0fic.<\/p>\n<p>En aucun cas, elles ne seront utilis\u00e9es \u00e0 d&rsquo;autres fins ou transmises \u00e0 des tiers. Cactus Seny Gr\u00e0fic se positionne clairement contre le \u00ab\u00a0spam\u00a0\u00bb, ainsi en aucun cas les donn\u00e9es personnelles ne seront utilis\u00e9es pour envoyer des communications commerciales non sollicit\u00e9es sans votre autorisation.<\/p>\n<p>Les donn\u00e9es personnelles qui peuvent \u00eatre demand\u00e9es dans les formulaires du site web sont incorpor\u00e9es dans les fichiers de traitement des donn\u00e9es que Cactus Seny Gr\u00e0fic a convenablement s\u00e9curis\u00e9s en sa possession.<\/p>\n<p>Ce site web utilise la technologie des \u00ab\u00a0cookies\u00a0\u00bb et stocke des informations dans l&rsquo;\u00e9quipement \u00e0 partir duquel il est consult\u00e9. Il utilise \u00e9galement un dispositif qui collecte des informations personnalis\u00e9es sur la navigation de l&rsquo;utilisateur.<\/p>\n<p>Cactus Seny Gr\u00e0fic est l&rsquo;organisme responsable du traitement des donn\u00e9es. Les droits d&rsquo;acc\u00e8s, de rectification, d&rsquo;annulation et d&rsquo;opposition reconnus dans la Loi Organique 15\/1999, du 13 d\u00e9cembre, sur la Protection des Donn\u00e9es \u00e0 Caract\u00e8re Personnel, pourront \u00eatre exerc\u00e9s en \u00e9crivant au Service Client\u00e8le de Cactus Seny Gr\u00e0fic par courrier \u00e9lectronique \u00e0 l&rsquo;adresse estudi@cactussenygrafic.com ou par courrier postal \u00e0 l&rsquo;adresse c\/ Ram\u00f3n Turr\u00f3, 100 1-4 Barcelone, \u00e0 l&rsquo;attention du Service Client\u00e8le de Cactus Seny Gr\u00e0fic.<\/p>\n","protected":false},"excerpt":{"rendered":"<p>Cet avis est de consultation obligatoire et r\u00e9git les conditions d&rsquo;utilisation qui doivent \u00eatre observ\u00e9es et respect\u00e9es par les utilisateurs de ce site web. Il est important de le lire attentivement, car le fait d&rsquo;acc\u00e9der et d&rsquo;utiliser le mat\u00e9riel inclus implique que l&rsquo;utilisateur a lu et accepte, sans r\u00e9serve, les conditions qui suivent. Conform\u00e9ment \u00e0 [&hellip;]<\/p>\n","protected":false},"author":1,"featured_media":0,"parent":0,"menu_order":0,"comment_status":"closed","ping_status":"closed","template":"","meta":{"_acf_changed":false,"inline_featured_image":false,"footnotes":""},"class_list":["post-3439","page","type-page","status-publish","hentry"],"acf":[],"yoast_head":"<!-- This site is optimized with the Yoast SEO plugin v27.3 - https:\/\/yoast.com\/product\/yoast-seo-wordpress\/ -->\n<title>Mentions l\u00e9gales - Cactus Seny Gr\u00e0fic<\/title>\n<meta name=\"robots\" content=\"noindex, nofollow\" \/>\n<meta property=\"og:locale\" content=\"fr_FR\" \/>\n<meta property=\"og:type\" content=\"article\" \/>\n<meta property=\"og:title\" content=\"Mentions l\u00e9gales - Cactus Seny Gr\u00e0fic\" \/>\n<meta property=\"og:description\" content=\"Cet avis est de consultation obligatoire et r\u00e9git les conditions d&rsquo;utilisation qui doivent \u00eatre observ\u00e9es et respect\u00e9es par les utilisateurs de ce site web. Il est important de le lire attentivement, car le fait d&rsquo;acc\u00e9der et d&rsquo;utiliser le mat\u00e9riel inclus implique que l&rsquo;utilisateur a lu et accepte, sans r\u00e9serve, les conditions qui suivent. Conform\u00e9ment \u00e0 [&hellip;]\" \/>\n<meta property=\"og:url\" content=\"https:\/\/cactussenygrafic.com\/fr\/mentions-legales\/\" \/>\n<meta property=\"og:site_name\" content=\"Cactus Seny Gr\u00e0fic\" \/>\n<meta property=\"article:modified_time\" content=\"2026-01-14T10:05:54+00:00\" \/>\n<meta name=\"twitter:card\" content=\"summary_large_image\" \/>\n<meta name=\"twitter:label1\" content=\"Dur\u00e9e de lecture estim\u00e9e\" \/>\n\t<meta name=\"twitter:data1\" content=\"5 minutes\" \/>\n<script type=\"application\/ld+json\" class=\"yoast-schema-graph\">{\"@context\":\"https:\\\/\\\/schema.org\",\"@graph\":[{\"@type\":\"WebPage\",\"@id\":\"https:\\\/\\\/cactussenygrafic.com\\\/fr\\\/mentions-legales\\\/\",\"url\":\"https:\\\/\\\/cactussenygrafic.com\\\/fr\\\/mentions-legales\\\/\",\"name\":\"Mentions l\u00e9gales - Cactus Seny Gr\u00e0fic\",\"isPartOf\":{\"@id\":\"https:\\\/\\\/cactussenygrafic.com\\\/fr\\\/#website\"},\"datePublished\":\"2021-02-15T18:17:55+00:00\",\"dateModified\":\"2026-01-14T10:05:54+00:00\",\"breadcrumb\":{\"@id\":\"https:\\\/\\\/cactussenygrafic.com\\\/fr\\\/mentions-legales\\\/#breadcrumb\"},\"inLanguage\":\"fr-FR\",\"potentialAction\":[{\"@type\":\"ReadAction\",\"target\":[\"https:\\\/\\\/cactussenygrafic.com\\\/fr\\\/mentions-legales\\\/\"]}]},{\"@type\":\"BreadcrumbList\",\"@id\":\"https:\\\/\\\/cactussenygrafic.com\\\/fr\\\/mentions-legales\\\/#breadcrumb\",\"itemListElement\":[{\"@type\":\"ListItem\",\"position\":1,\"name\":\"Portada\",\"item\":\"https:\\\/\\\/cactussenygrafic.com\\\/fr\\\/\"},{\"@type\":\"ListItem\",\"position\":2,\"name\":\"Mentions l\u00e9gales\"}]},{\"@type\":\"WebSite\",\"@id\":\"https:\\\/\\\/cactussenygrafic.com\\\/fr\\\/#website\",\"url\":\"https:\\\/\\\/cactussenygrafic.com\\\/fr\\\/\",\"name\":\"Cactus Seny Gr\u00e0fic\",\"description\":\"Estudi de disseny gr\u00e0fic i web a Barcelona i Sabadell\",\"potentialAction\":[{\"@type\":\"SearchAction\",\"target\":{\"@type\":\"EntryPoint\",\"urlTemplate\":\"https:\\\/\\\/cactussenygrafic.com\\\/fr\\\/?s={search_term_string}\"},\"query-input\":{\"@type\":\"PropertyValueSpecification\",\"valueRequired\":true,\"valueName\":\"search_term_string\"}}],\"inLanguage\":\"fr-FR\"}]}<\/script>\n<!-- \/ Yoast SEO plugin. -->","yoast_head_json":{"title":"Mentions l\u00e9gales - Cactus Seny Gr\u00e0fic","robots":{"index":"noindex","follow":"nofollow"},"og_locale":"fr_FR","og_type":"article","og_title":"Mentions l\u00e9gales - Cactus Seny Gr\u00e0fic","og_description":"Cet avis est de consultation obligatoire et r\u00e9git les conditions d&rsquo;utilisation qui doivent \u00eatre observ\u00e9es et respect\u00e9es par les utilisateurs de ce site web. Il est important de le lire attentivement, car le fait d&rsquo;acc\u00e9der et d&rsquo;utiliser le mat\u00e9riel inclus implique que l&rsquo;utilisateur a lu et accepte, sans r\u00e9serve, les conditions qui suivent. Conform\u00e9ment \u00e0 [&hellip;]","og_url":"https:\/\/cactussenygrafic.com\/fr\/mentions-legales\/","og_site_name":"Cactus Seny Gr\u00e0fic","article_modified_time":"2026-01-14T10:05:54+00:00","twitter_card":"summary_large_image","twitter_misc":{"Dur\u00e9e de lecture estim\u00e9e":"5 minutes"},"schema":{"@context":"https:\/\/schema.org","@graph":[{"@type":"WebPage","@id":"https:\/\/cactussenygrafic.com\/fr\/mentions-legales\/","url":"https:\/\/cactussenygrafic.com\/fr\/mentions-legales\/","name":"Mentions l\u00e9gales - Cactus Seny Gr\u00e0fic","isPartOf":{"@id":"https:\/\/cactussenygrafic.com\/fr\/#website"},"datePublished":"2021-02-15T18:17:55+00:00","dateModified":"2026-01-14T10:05:54+00:00","breadcrumb":{"@id":"https:\/\/cactussenygrafic.com\/fr\/mentions-legales\/#breadcrumb"},"inLanguage":"fr-FR","potentialAction":[{"@type":"ReadAction","target":["https:\/\/cactussenygrafic.com\/fr\/mentions-legales\/"]}]},{"@type":"BreadcrumbList","@id":"https:\/\/cactussenygrafic.com\/fr\/mentions-legales\/#breadcrumb","itemListElement":[{"@type":"ListItem","position":1,"name":"Portada","item":"https:\/\/cactussenygrafic.com\/fr\/"},{"@type":"ListItem","position":2,"name":"Mentions l\u00e9gales"}]},{"@type":"WebSite","@id":"https:\/\/cactussenygrafic.com\/fr\/#website","url":"https:\/\/cactussenygrafic.com\/fr\/","name":"Cactus Seny Gr\u00e0fic","description":"Estudi de disseny gr\u00e0fic i web a Barcelona i Sabadell","potentialAction":[{"@type":"SearchAction","target":{"@type":"EntryPoint","urlTemplate":"https:\/\/cactussenygrafic.com\/fr\/?s={search_term_string}"},"query-input":{"@type":"PropertyValueSpecification","valueRequired":true,"valueName":"search_term_string"}}],"inLanguage":"fr-FR"}]}},"_links":{"self":[{"href":"https:\/\/cactussenygrafic.com\/fr\/wp-json\/wp\/v2\/pages\/3439","targetHints":{"allow":["GET"]}}],"collection":[{"href":"https:\/\/cactussenygrafic.com\/fr\/wp-json\/wp\/v2\/pages"}],"about":[{"href":"https:\/\/cactussenygrafic.com\/fr\/wp-json\/wp\/v2\/types\/page"}],"author":[{"embeddable":true,"href":"https:\/\/cactussenygrafic.com\/fr\/wp-json\/wp\/v2\/users\/1"}],"replies":[{"embeddable":true,"href":"https:\/\/cactussenygrafic.com\/fr\/wp-json\/wp\/v2\/comments?post=3439"}],"version-history":[{"count":1,"href":"https:\/\/cactussenygrafic.com\/fr\/wp-json\/wp\/v2\/pages\/3439\/revisions"}],"predecessor-version":[{"id":5412,"href":"https:\/\/cactussenygrafic.com\/fr\/wp-json\/wp\/v2\/pages\/3439\/revisions\/5412"}],"wp:attachment":[{"href":"https:\/\/cactussenygrafic.com\/fr\/wp-json\/wp\/v2\/media?parent=3439"}],"curies":[{"name":"wp","href":"https:\/\/api.w.org\/{rel}","templated":true}]}}