{"id":3440,"date":"2021-02-15T18:16:30","date_gmt":"2021-02-15T18:16:30","guid":{"rendered":"https:\/\/cactussenygrafic.com\/politica-de-cookies\/"},"modified":"2022-04-29T20:12:51","modified_gmt":"2022-04-29T20:12:51","slug":"politique-de-cookies","status":"publish","type":"page","link":"https:\/\/cactussenygrafic.com\/fr\/politique-de-cookies\/","title":{"rendered":"Politique de cookies"},"content":{"rendered":"<p><strong>Que sont les cookies ?<\/strong><\/p>\n<p>Les cookies sont de petits fichiers de donn\u00e9es qui arrivent sur le terminal \u00e0 partir du site web visit\u00e9 et sont utilis\u00e9s pour enregistrer certaines interactions de navigation sur un site web, en stockant des donn\u00e9es qui peuvent \u00eatre mises \u00e0 jour et r\u00e9cup\u00e9r\u00e9es. Ces fichiers sont stock\u00e9s sur l&rsquo;ordinateur de l&rsquo;utilisateur et contiennent des donn\u00e9es anonymes qui ne sont pas nuisibles \u00e0 votre ordinateur. Ils sont utilis\u00e9s pour m\u00e9moriser les pr\u00e9f\u00e9rences de l&rsquo;utilisateur, telles que la langue s\u00e9lectionn\u00e9e, les donn\u00e9es d&rsquo;acc\u00e8s ou la personnalisation de la page.<\/p>\n<p>Les cookies peuvent \u00e9galement \u00eatre utilis\u00e9s pour enregistrer des informations anonymes sur la fa\u00e7on dont le visiteur utilise le site. Par exemple, \u00e0 partir de quelle page web vous avez acc\u00e9d\u00e9 au site ou si vous avez utilis\u00e9 une banni\u00e8re publicitaire pour y parvenir.<\/p>\n<p>&nbsp;<\/p>\n<p><strong>Cactus Seny Gr\u00e0fic utilise&#8230;<\/strong><\/p>\n<p><strong>Cookies techniques:<\/strong> ceux qui sont essentiels et strictement n\u00e9cessaires au bon fonctionnement d&rsquo;un site web et \u00e0 l&rsquo;utilisation des diff\u00e9rentes options et services qu&rsquo;il propose. Par exemple, celles utilis\u00e9es pour le maintien de la session, la gestion du temps de r\u00e9ponse, l&rsquo;ex\u00e9cution ou la validation des options, l&rsquo;utilisation d&rsquo;\u00e9l\u00e9ments de s\u00e9curit\u00e9, le partage de contenu avec les r\u00e9seaux sociaux, etc.<\/p>\n<p><strong>Cookies analytiques:<\/strong> Les cookies analytiques sont ceux utilis\u00e9s par notre site web pour \u00e9tablir des profils de navigation et pour pouvoir conna\u00eetre les pr\u00e9f\u00e9rences des utilisateurs afin d&rsquo;am\u00e9liorer l&rsquo;offre de produits et de services. Par exemple, un cookie analytique sera utilis\u00e9 pour contr\u00f4ler les zones g\u00e9ographiques les plus int\u00e9ressantes pour un utilisateur, quel est le produit le plus populaire, etc.<\/p>\n<p>&nbsp;<\/p>\n<p><strong>Et si je ne veux pas ces cookies?<\/strong><\/p>\n<p>Pour respecter la l\u00e9gislation en vigueur, nous devons vous demander la permission de g\u00e9rer les cookies. Si vous d\u00e9cidez de ne pas autoriser le traitement en nous faisant part de votre d\u00e9saccord, nous n&rsquo;utiliserons que des cookies techniques, car ils sont indispensables \u00e0 la navigation sur notre site web. Dans ce cas, nous ne stockons pas de cookies. Si vous continuez \u00e0 naviguer sur notre site web sans refuser l&rsquo;autorisation, cela implique que vous acceptez l&rsquo;utilisation de cookies.<\/p>\n<p><a style=\"text-decoration: underline;\" href=\"https:\/\/support.microsoft.com\/es-es\/topic\/eliminar-y-administrar-cookies-168dab11-0753-043d-7c16-ede5947fc64d\" target=\"_blank\" rel=\"noopener\">Param\u00e8tres de cookies de Internet Explorer<\/a><br \/>\n<a style=\"text-decoration: underline;\" href=\"https:\/\/support.microsoft.com\/es-es\/topic\/eliminar-y-administrar-cookies-168dab11-0753-043d-7c16-ede5947fc64d\" target=\"_blank\" rel=\"noopener\">Param\u00e8tres<\/a><a style=\"text-decoration: underline;\" href=\"https:\/\/support.mozilla.org\/ca\/kb\/activa-i-desactiva-les-galetes-que-les-pagines-web\" target=\"_blank\" rel=\"noopener\"> de cookies de Firefox<\/a><br \/>\n<a style=\"text-decoration: underline;\" href=\"https:\/\/support.microsoft.com\/es-es\/topic\/eliminar-y-administrar-cookies-168dab11-0753-043d-7c16-ede5947fc64d\" target=\"_blank\" rel=\"noopener\">Param\u00e8tres<\/a><a style=\"text-decoration: underline;\" href=\"https:\/\/support.google.com\/chrome\/answer\/95647?hl=es\" target=\"_blank\" rel=\"noopener\"> de cookies de Google Chrome<\/a><br \/>\n<a style=\"text-decoration: underline;\" href=\"https:\/\/support.microsoft.com\/es-es\/topic\/eliminar-y-administrar-cookies-168dab11-0753-043d-7c16-ede5947fc64d\" target=\"_blank\" rel=\"noopener\">Param\u00e8tres<\/a><a style=\"text-decoration: underline;\" href=\"https:\/\/support.apple.com\/es-es\/HT201265\" target=\"_blank\" rel=\"noopener\"> de cookies de Safari<\/a><\/p>\n<p>Ces navigateurs font l&rsquo;objet de mises \u00e0 jour ou de modifications. Nous ne pouvons donc pas garantir qu&rsquo;ils correspondent parfaitement \u00e0 la version de votre navigateur. Vous pouvez \u00e9galement utiliser un autre navigateur non couvert par ces liens, comme Konqueror, Arora, Flock, etc. Pour \u00e9viter ces discordances, vous pouvez passer directement des options de votre navigateur, qui se trouvent g\u00e9n\u00e9ralement dans le menu Options, \u00e0 la section \u00ab\u00a0Confidentialit\u00e9\u00a0\u00bb. (Veuillez consulter l&rsquo;aide de votre navigateur pour plus d&rsquo;informations).<\/p>\n","protected":false},"excerpt":{"rendered":"<p>Que sont les cookies ? Les cookies sont de petits fichiers de donn\u00e9es qui arrivent sur le terminal \u00e0 partir du site web visit\u00e9 et sont utilis\u00e9s pour enregistrer certaines interactions de navigation sur un site web, en stockant des donn\u00e9es qui peuvent \u00eatre mises \u00e0 jour et r\u00e9cup\u00e9r\u00e9es. Ces fichiers sont stock\u00e9s sur l&rsquo;ordinateur [&hellip;]<\/p>\n","protected":false},"author":1,"featured_media":0,"parent":0,"menu_order":0,"comment_status":"closed","ping_status":"closed","template":"","meta":{"_acf_changed":false,"inline_featured_image":false,"footnotes":""},"class_list":["post-3440","page","type-page","status-publish","hentry"],"acf":[],"yoast_head":"<!-- This site is optimized with the Yoast SEO plugin v27.3 - https:\/\/yoast.com\/product\/yoast-seo-wordpress\/ -->\n<title>Politique de cookies - Cactus Seny Gr\u00e0fic<\/title>\n<meta name=\"robots\" content=\"index, follow, max-snippet:-1, max-image-preview:large, max-video-preview:-1\" \/>\n<link rel=\"canonical\" href=\"https:\/\/cactussenygrafic.com\/fr\/politique-de-cookies\/\" \/>\n<meta property=\"og:locale\" content=\"fr_FR\" \/>\n<meta property=\"og:type\" content=\"article\" \/>\n<meta property=\"og:title\" content=\"Politique de cookies - Cactus Seny Gr\u00e0fic\" \/>\n<meta property=\"og:description\" content=\"Que sont les cookies ? Les cookies sont de petits fichiers de donn\u00e9es qui arrivent sur le terminal \u00e0 partir du site web visit\u00e9 et sont utilis\u00e9s pour enregistrer certaines interactions de navigation sur un site web, en stockant des donn\u00e9es qui peuvent \u00eatre mises \u00e0 jour et r\u00e9cup\u00e9r\u00e9es. Ces fichiers sont stock\u00e9s sur l&rsquo;ordinateur [&hellip;]\" \/>\n<meta property=\"og:url\" content=\"https:\/\/cactussenygrafic.com\/fr\/politique-de-cookies\/\" \/>\n<meta property=\"og:site_name\" content=\"Cactus Seny Gr\u00e0fic\" \/>\n<meta property=\"article:modified_time\" content=\"2022-04-29T20:12:51+00:00\" \/>\n<meta name=\"twitter:card\" content=\"summary_large_image\" \/>\n<meta name=\"twitter:label1\" content=\"Dur\u00e9e de lecture estim\u00e9e\" \/>\n\t<meta name=\"twitter:data1\" content=\"2 minutes\" \/>\n<script type=\"application\/ld+json\" class=\"yoast-schema-graph\">{\"@context\":\"https:\\\/\\\/schema.org\",\"@graph\":[{\"@type\":\"WebPage\",\"@id\":\"https:\\\/\\\/cactussenygrafic.com\\\/fr\\\/politique-de-cookies\\\/\",\"url\":\"https:\\\/\\\/cactussenygrafic.com\\\/fr\\\/politique-de-cookies\\\/\",\"name\":\"Politique de cookies - Cactus Seny Gr\u00e0fic\",\"isPartOf\":{\"@id\":\"https:\\\/\\\/cactussenygrafic.com\\\/fr\\\/#website\"},\"datePublished\":\"2021-02-15T18:16:30+00:00\",\"dateModified\":\"2022-04-29T20:12:51+00:00\",\"breadcrumb\":{\"@id\":\"https:\\\/\\\/cactussenygrafic.com\\\/fr\\\/politique-de-cookies\\\/#breadcrumb\"},\"inLanguage\":\"fr-FR\",\"potentialAction\":[{\"@type\":\"ReadAction\",\"target\":[\"https:\\\/\\\/cactussenygrafic.com\\\/fr\\\/politique-de-cookies\\\/\"]}]},{\"@type\":\"BreadcrumbList\",\"@id\":\"https:\\\/\\\/cactussenygrafic.com\\\/fr\\\/politique-de-cookies\\\/#breadcrumb\",\"itemListElement\":[{\"@type\":\"ListItem\",\"position\":1,\"name\":\"Portada\",\"item\":\"https:\\\/\\\/cactussenygrafic.com\\\/fr\\\/\"},{\"@type\":\"ListItem\",\"position\":2,\"name\":\"Politique de cookies\"}]},{\"@type\":\"WebSite\",\"@id\":\"https:\\\/\\\/cactussenygrafic.com\\\/fr\\\/#website\",\"url\":\"https:\\\/\\\/cactussenygrafic.com\\\/fr\\\/\",\"name\":\"Cactus Seny Gr\u00e0fic\",\"description\":\"Estudi de disseny gr\u00e0fic i web a Barcelona i Sabadell\",\"potentialAction\":[{\"@type\":\"SearchAction\",\"target\":{\"@type\":\"EntryPoint\",\"urlTemplate\":\"https:\\\/\\\/cactussenygrafic.com\\\/fr\\\/?s={search_term_string}\"},\"query-input\":{\"@type\":\"PropertyValueSpecification\",\"valueRequired\":true,\"valueName\":\"search_term_string\"}}],\"inLanguage\":\"fr-FR\"}]}<\/script>\n<!-- \/ Yoast SEO plugin. -->","yoast_head_json":{"title":"Politique de cookies - Cactus Seny Gr\u00e0fic","robots":{"index":"index","follow":"follow","max-snippet":"max-snippet:-1","max-image-preview":"max-image-preview:large","max-video-preview":"max-video-preview:-1"},"canonical":"https:\/\/cactussenygrafic.com\/fr\/politique-de-cookies\/","og_locale":"fr_FR","og_type":"article","og_title":"Politique de cookies - Cactus Seny Gr\u00e0fic","og_description":"Que sont les cookies ? Les cookies sont de petits fichiers de donn\u00e9es qui arrivent sur le terminal \u00e0 partir du site web visit\u00e9 et sont utilis\u00e9s pour enregistrer certaines interactions de navigation sur un site web, en stockant des donn\u00e9es qui peuvent \u00eatre mises \u00e0 jour et r\u00e9cup\u00e9r\u00e9es. Ces fichiers sont stock\u00e9s sur l&rsquo;ordinateur [&hellip;]","og_url":"https:\/\/cactussenygrafic.com\/fr\/politique-de-cookies\/","og_site_name":"Cactus Seny Gr\u00e0fic","article_modified_time":"2022-04-29T20:12:51+00:00","twitter_card":"summary_large_image","twitter_misc":{"Dur\u00e9e de lecture estim\u00e9e":"2 minutes"},"schema":{"@context":"https:\/\/schema.org","@graph":[{"@type":"WebPage","@id":"https:\/\/cactussenygrafic.com\/fr\/politique-de-cookies\/","url":"https:\/\/cactussenygrafic.com\/fr\/politique-de-cookies\/","name":"Politique de cookies - Cactus Seny Gr\u00e0fic","isPartOf":{"@id":"https:\/\/cactussenygrafic.com\/fr\/#website"},"datePublished":"2021-02-15T18:16:30+00:00","dateModified":"2022-04-29T20:12:51+00:00","breadcrumb":{"@id":"https:\/\/cactussenygrafic.com\/fr\/politique-de-cookies\/#breadcrumb"},"inLanguage":"fr-FR","potentialAction":[{"@type":"ReadAction","target":["https:\/\/cactussenygrafic.com\/fr\/politique-de-cookies\/"]}]},{"@type":"BreadcrumbList","@id":"https:\/\/cactussenygrafic.com\/fr\/politique-de-cookies\/#breadcrumb","itemListElement":[{"@type":"ListItem","position":1,"name":"Portada","item":"https:\/\/cactussenygrafic.com\/fr\/"},{"@type":"ListItem","position":2,"name":"Politique de cookies"}]},{"@type":"WebSite","@id":"https:\/\/cactussenygrafic.com\/fr\/#website","url":"https:\/\/cactussenygrafic.com\/fr\/","name":"Cactus Seny Gr\u00e0fic","description":"Estudi de disseny gr\u00e0fic i web a Barcelona i Sabadell","potentialAction":[{"@type":"SearchAction","target":{"@type":"EntryPoint","urlTemplate":"https:\/\/cactussenygrafic.com\/fr\/?s={search_term_string}"},"query-input":{"@type":"PropertyValueSpecification","valueRequired":true,"valueName":"search_term_string"}}],"inLanguage":"fr-FR"}]}},"_links":{"self":[{"href":"https:\/\/cactussenygrafic.com\/fr\/wp-json\/wp\/v2\/pages\/3440","targetHints":{"allow":["GET"]}}],"collection":[{"href":"https:\/\/cactussenygrafic.com\/fr\/wp-json\/wp\/v2\/pages"}],"about":[{"href":"https:\/\/cactussenygrafic.com\/fr\/wp-json\/wp\/v2\/types\/page"}],"author":[{"embeddable":true,"href":"https:\/\/cactussenygrafic.com\/fr\/wp-json\/wp\/v2\/users\/1"}],"replies":[{"embeddable":true,"href":"https:\/\/cactussenygrafic.com\/fr\/wp-json\/wp\/v2\/comments?post=3440"}],"version-history":[{"count":0,"href":"https:\/\/cactussenygrafic.com\/fr\/wp-json\/wp\/v2\/pages\/3440\/revisions"}],"wp:attachment":[{"href":"https:\/\/cactussenygrafic.com\/fr\/wp-json\/wp\/v2\/media?parent=3440"}],"curies":[{"name":"wp","href":"https:\/\/api.w.org\/{rel}","templated":true}]}}