{"id":3627,"date":"2022-04-27T08:26:35","date_gmt":"2022-04-27T08:26:35","guid":{"rendered":"https:\/\/cactussenygrafic.com\/?page_id=3627"},"modified":"2022-04-29T08:14:26","modified_gmt":"2022-04-29T08:14:26","slug":"photographie","status":"publish","type":"page","link":"https:\/\/cactussenygrafic.com\/fr\/services\/photographie\/","title":{"rendered":"Photographie"},"content":{"rendered":"<p>Accompagnez votre image de marque de la meilleure fa\u00e7on qui soit; projetez vos valeurs, votre mission et votre vision avec des photographies de haute qualit\u00e9 pour vos brochures, catalogues, sites web ou r\u00e9seaux sociaux.<\/p>\n","protected":false},"excerpt":{"rendered":"<p>Accompagnez votre image de marque de la meilleure fa\u00e7on qui soit; projetez vos valeurs, votre mission et votre vision avec des photographies de haute qualit\u00e9 pour vos brochures, catalogues, sites web ou r\u00e9seaux sociaux.<\/p>\n","protected":false},"author":1,"featured_media":0,"parent":3415,"menu_order":0,"comment_status":"closed","ping_status":"closed","template":"page-templates\/page-servei.php","meta":{"_acf_changed":false,"inline_featured_image":false,"footnotes":""},"class_list":["post-3627","page","type-page","status-publish","hentry"],"acf":[],"yoast_head":"<!-- This site is optimized with the Yoast SEO plugin v27.4 - https:\/\/yoast.com\/product\/yoast-seo-wordpress\/ -->\n<title>Photographie - Cactus Seny Gr\u00e0fic<\/title>\n<meta name=\"description\" content=\"Nous vous propose des services professionnels de photographie, pour r\u00e9pondre \u00e0 toutes vos demandes en communication.\" \/>\n<meta name=\"robots\" content=\"index, follow, max-snippet:-1, max-image-preview:large, max-video-preview:-1\" \/>\n<link rel=\"canonical\" href=\"https:\/\/cactussenygrafic.com\/fr\/services\/photographie\/\" \/>\n<meta property=\"og:locale\" content=\"fr_FR\" \/>\n<meta property=\"og:type\" content=\"article\" \/>\n<meta property=\"og:title\" content=\"Photographie - Cactus Seny Gr\u00e0fic\" \/>\n<meta property=\"og:description\" content=\"Nous vous propose des services professionnels de photographie, pour r\u00e9pondre \u00e0 toutes vos demandes en communication.\" \/>\n<meta property=\"og:url\" content=\"https:\/\/cactussenygrafic.com\/fr\/services\/photographie\/\" \/>\n<meta property=\"og:site_name\" content=\"Cactus Seny Gr\u00e0fic\" \/>\n<meta property=\"article:modified_time\" content=\"2022-04-29T08:14:26+00:00\" \/>\n<meta name=\"twitter:card\" content=\"summary_large_image\" \/>\n<meta name=\"twitter:label1\" content=\"Dur\u00e9e de lecture estim\u00e9e\" \/>\n\t<meta name=\"twitter:data1\" content=\"1 minute\" \/>\n<script type=\"application\/ld+json\" class=\"yoast-schema-graph\">{\"@context\":\"https:\\\/\\\/schema.org\",\"@graph\":[{\"@type\":\"WebPage\",\"@id\":\"https:\\\/\\\/cactussenygrafic.com\\\/fr\\\/services\\\/photographie\\\/\",\"url\":\"https:\\\/\\\/cactussenygrafic.com\\\/fr\\\/services\\\/photographie\\\/\",\"name\":\"Photographie - Cactus Seny Gr\u00e0fic\",\"isPartOf\":{\"@id\":\"https:\\\/\\\/cactussenygrafic.com\\\/fr\\\/#website\"},\"datePublished\":\"2022-04-27T08:26:35+00:00\",\"dateModified\":\"2022-04-29T08:14:26+00:00\",\"description\":\"Nous vous propose des services professionnels de photographie, pour r\u00e9pondre \u00e0 toutes vos demandes en communication.\",\"breadcrumb\":{\"@id\":\"https:\\\/\\\/cactussenygrafic.com\\\/fr\\\/services\\\/photographie\\\/#breadcrumb\"},\"inLanguage\":\"fr-FR\",\"potentialAction\":[{\"@type\":\"ReadAction\",\"target\":[\"https:\\\/\\\/cactussenygrafic.com\\\/fr\\\/services\\\/photographie\\\/\"]}]},{\"@type\":\"BreadcrumbList\",\"@id\":\"https:\\\/\\\/cactussenygrafic.com\\\/fr\\\/services\\\/photographie\\\/#breadcrumb\",\"itemListElement\":[{\"@type\":\"ListItem\",\"position\":1,\"name\":\"Portada\",\"item\":\"https:\\\/\\\/cactussenygrafic.com\\\/fr\\\/\"},{\"@type\":\"ListItem\",\"position\":2,\"name\":\"Services\",\"item\":\"https:\\\/\\\/cactussenygrafic.com\\\/fr\\\/services\\\/\"},{\"@type\":\"ListItem\",\"position\":3,\"name\":\"Photographie\"}]},{\"@type\":\"WebSite\",\"@id\":\"https:\\\/\\\/cactussenygrafic.com\\\/fr\\\/#website\",\"url\":\"https:\\\/\\\/cactussenygrafic.com\\\/fr\\\/\",\"name\":\"Cactus Seny Gr\u00e0fic\",\"description\":\"Estudi de disseny gr\u00e0fic i web a Barcelona i Sabadell\",\"potentialAction\":[{\"@type\":\"SearchAction\",\"target\":{\"@type\":\"EntryPoint\",\"urlTemplate\":\"https:\\\/\\\/cactussenygrafic.com\\\/fr\\\/?s={search_term_string}\"},\"query-input\":{\"@type\":\"PropertyValueSpecification\",\"valueRequired\":true,\"valueName\":\"search_term_string\"}}],\"inLanguage\":\"fr-FR\"}]}<\/script>\n<!-- \/ Yoast SEO plugin. -->","yoast_head_json":{"title":"Photographie - Cactus Seny Gr\u00e0fic","description":"Nous vous propose des services professionnels de photographie, pour r\u00e9pondre \u00e0 toutes vos demandes en communication.","robots":{"index":"index","follow":"follow","max-snippet":"max-snippet:-1","max-image-preview":"max-image-preview:large","max-video-preview":"max-video-preview:-1"},"canonical":"https:\/\/cactussenygrafic.com\/fr\/services\/photographie\/","og_locale":"fr_FR","og_type":"article","og_title":"Photographie - Cactus Seny Gr\u00e0fic","og_description":"Nous vous propose des services professionnels de photographie, pour r\u00e9pondre \u00e0 toutes vos demandes en communication.","og_url":"https:\/\/cactussenygrafic.com\/fr\/services\/photographie\/","og_site_name":"Cactus Seny Gr\u00e0fic","article_modified_time":"2022-04-29T08:14:26+00:00","twitter_card":"summary_large_image","twitter_misc":{"Dur\u00e9e de lecture estim\u00e9e":"1 minute"},"schema":{"@context":"https:\/\/schema.org","@graph":[{"@type":"WebPage","@id":"https:\/\/cactussenygrafic.com\/fr\/services\/photographie\/","url":"https:\/\/cactussenygrafic.com\/fr\/services\/photographie\/","name":"Photographie - Cactus Seny Gr\u00e0fic","isPartOf":{"@id":"https:\/\/cactussenygrafic.com\/fr\/#website"},"datePublished":"2022-04-27T08:26:35+00:00","dateModified":"2022-04-29T08:14:26+00:00","description":"Nous vous propose des services professionnels de photographie, pour r\u00e9pondre \u00e0 toutes vos demandes en communication.","breadcrumb":{"@id":"https:\/\/cactussenygrafic.com\/fr\/services\/photographie\/#breadcrumb"},"inLanguage":"fr-FR","potentialAction":[{"@type":"ReadAction","target":["https:\/\/cactussenygrafic.com\/fr\/services\/photographie\/"]}]},{"@type":"BreadcrumbList","@id":"https:\/\/cactussenygrafic.com\/fr\/services\/photographie\/#breadcrumb","itemListElement":[{"@type":"ListItem","position":1,"name":"Portada","item":"https:\/\/cactussenygrafic.com\/fr\/"},{"@type":"ListItem","position":2,"name":"Services","item":"https:\/\/cactussenygrafic.com\/fr\/services\/"},{"@type":"ListItem","position":3,"name":"Photographie"}]},{"@type":"WebSite","@id":"https:\/\/cactussenygrafic.com\/fr\/#website","url":"https:\/\/cactussenygrafic.com\/fr\/","name":"Cactus Seny Gr\u00e0fic","description":"Estudi de disseny gr\u00e0fic i web a Barcelona i Sabadell","potentialAction":[{"@type":"SearchAction","target":{"@type":"EntryPoint","urlTemplate":"https:\/\/cactussenygrafic.com\/fr\/?s={search_term_string}"},"query-input":{"@type":"PropertyValueSpecification","valueRequired":true,"valueName":"search_term_string"}}],"inLanguage":"fr-FR"}]}},"_links":{"self":[{"href":"https:\/\/cactussenygrafic.com\/fr\/wp-json\/wp\/v2\/pages\/3627","targetHints":{"allow":["GET"]}}],"collection":[{"href":"https:\/\/cactussenygrafic.com\/fr\/wp-json\/wp\/v2\/pages"}],"about":[{"href":"https:\/\/cactussenygrafic.com\/fr\/wp-json\/wp\/v2\/types\/page"}],"author":[{"embeddable":true,"href":"https:\/\/cactussenygrafic.com\/fr\/wp-json\/wp\/v2\/users\/1"}],"replies":[{"embeddable":true,"href":"https:\/\/cactussenygrafic.com\/fr\/wp-json\/wp\/v2\/comments?post=3627"}],"version-history":[{"count":0,"href":"https:\/\/cactussenygrafic.com\/fr\/wp-json\/wp\/v2\/pages\/3627\/revisions"}],"up":[{"embeddable":true,"href":"https:\/\/cactussenygrafic.com\/fr\/wp-json\/wp\/v2\/pages\/3415"}],"wp:attachment":[{"href":"https:\/\/cactussenygrafic.com\/fr\/wp-json\/wp\/v2\/media?parent=3627"}],"curies":[{"name":"wp","href":"https:\/\/api.w.org\/{rel}","templated":true}]}}