{"id":4044,"date":"2022-05-19T11:04:14","date_gmt":"2022-05-19T11:04:14","guid":{"rendered":"https:\/\/cactussenygrafic.com\/seguimos-trabajando\/"},"modified":"2023-05-17T16:12:05","modified_gmt":"2023-05-17T16:12:05","slug":"travailler-ensemble","status":"publish","type":"page","link":"https:\/\/cactussenygrafic.com\/fr\/travailler-ensemble\/","title":{"rendered":"On continue \u00e0 travailler ensemble!"},"content":{"rendered":"<p>Votre site web est termin\u00e9, mais ce n&rsquo;est que le d\u00e9but! Il est tr\u00e8s important que votre site web soit bien entretenu, s\u00e9curis\u00e9 et ait une bonne diffusion, tant pour les r\u00e9seaux sociaux que pour les newsletters. Et chez Cactus nous pouvons nous occuper de tout!<\/p>\n","protected":false},"excerpt":{"rendered":"<p>Votre site web est termin\u00e9, mais ce n&rsquo;est que le d\u00e9but! Il est tr\u00e8s important que votre site web soit bien entretenu, s\u00e9curis\u00e9 et ait une bonne diffusion, tant pour les r\u00e9seaux sociaux que pour les newsletters. Et chez Cactus nous pouvons nous occuper de tout!<\/p>\n","protected":false},"author":1,"featured_media":0,"parent":0,"menu_order":0,"comment_status":"closed","ping_status":"closed","template":"page-templates\/page-row.php","meta":{"_acf_changed":false,"inline_featured_image":false,"footnotes":""},"class_list":["post-4044","page","type-page","status-publish","hentry"],"acf":[],"yoast_head":"<!-- This site is optimized with the Yoast SEO plugin v27.5 - https:\/\/yoast.com\/product\/yoast-seo-wordpress\/ -->\n<title>On continue \u00e0 travailler ensemble! - Cactus Seny Gr\u00e0fic<\/title>\n<meta name=\"description\" content=\"Votre site web est termin\u00e9, mais ce n\u2019est que le d\u00e9but! Il est tr\u00e8s important que votre site web soit bien entretenu, s\u00e9curis\u00e9 et ait une bonne diffusion, tant pour les r\u00e9seaux sociaux que pour les newsletters.\" \/>\n<meta name=\"robots\" content=\"index, follow, max-snippet:-1, max-image-preview:large, max-video-preview:-1\" \/>\n<link rel=\"canonical\" href=\"https:\/\/cactussenygrafic.com\/fr\/travailler-ensemble\/\" \/>\n<meta property=\"og:locale\" content=\"fr_FR\" \/>\n<meta property=\"og:type\" content=\"article\" \/>\n<meta property=\"og:title\" content=\"On continue \u00e0 travailler ensemble! - Cactus Seny Gr\u00e0fic\" \/>\n<meta property=\"og:description\" content=\"Votre site web est termin\u00e9, mais ce n\u2019est que le d\u00e9but! Il est tr\u00e8s important que votre site web soit bien entretenu, s\u00e9curis\u00e9 et ait une bonne diffusion, tant pour les r\u00e9seaux sociaux que pour les newsletters.\" \/>\n<meta property=\"og:url\" content=\"https:\/\/cactussenygrafic.com\/fr\/travailler-ensemble\/\" \/>\n<meta property=\"og:site_name\" content=\"Cactus Seny Gr\u00e0fic\" \/>\n<meta property=\"article:modified_time\" content=\"2023-05-17T16:12:05+00:00\" \/>\n<meta name=\"twitter:card\" content=\"summary_large_image\" \/>\n<meta name=\"twitter:label1\" content=\"Dur\u00e9e de lecture estim\u00e9e\" \/>\n\t<meta name=\"twitter:data1\" content=\"1 minute\" \/>\n<script type=\"application\/ld+json\" class=\"yoast-schema-graph\">{\"@context\":\"https:\\\/\\\/schema.org\",\"@graph\":[{\"@type\":\"WebPage\",\"@id\":\"https:\\\/\\\/cactussenygrafic.com\\\/fr\\\/travailler-ensemble\\\/\",\"url\":\"https:\\\/\\\/cactussenygrafic.com\\\/fr\\\/travailler-ensemble\\\/\",\"name\":\"On continue \u00e0 travailler ensemble! - Cactus Seny Gr\u00e0fic\",\"isPartOf\":{\"@id\":\"https:\\\/\\\/cactussenygrafic.com\\\/fr\\\/#website\"},\"datePublished\":\"2022-05-19T11:04:14+00:00\",\"dateModified\":\"2023-05-17T16:12:05+00:00\",\"description\":\"Votre site web est termin\u00e9, mais ce n\u2019est que le d\u00e9but! Il est tr\u00e8s important que votre site web soit bien entretenu, s\u00e9curis\u00e9 et ait une bonne diffusion, tant pour les r\u00e9seaux sociaux que pour les newsletters.\",\"breadcrumb\":{\"@id\":\"https:\\\/\\\/cactussenygrafic.com\\\/fr\\\/travailler-ensemble\\\/#breadcrumb\"},\"inLanguage\":\"fr-FR\",\"potentialAction\":[{\"@type\":\"ReadAction\",\"target\":[\"https:\\\/\\\/cactussenygrafic.com\\\/fr\\\/travailler-ensemble\\\/\"]}]},{\"@type\":\"BreadcrumbList\",\"@id\":\"https:\\\/\\\/cactussenygrafic.com\\\/fr\\\/travailler-ensemble\\\/#breadcrumb\",\"itemListElement\":[{\"@type\":\"ListItem\",\"position\":1,\"name\":\"Portada\",\"item\":\"https:\\\/\\\/cactussenygrafic.com\\\/fr\\\/\"},{\"@type\":\"ListItem\",\"position\":2,\"name\":\"On continue \u00e0 travailler ensemble!\"}]},{\"@type\":\"WebSite\",\"@id\":\"https:\\\/\\\/cactussenygrafic.com\\\/fr\\\/#website\",\"url\":\"https:\\\/\\\/cactussenygrafic.com\\\/fr\\\/\",\"name\":\"Cactus Seny Gr\u00e0fic\",\"description\":\"Estudi de disseny gr\u00e0fic i web a Barcelona i Sabadell\",\"potentialAction\":[{\"@type\":\"SearchAction\",\"target\":{\"@type\":\"EntryPoint\",\"urlTemplate\":\"https:\\\/\\\/cactussenygrafic.com\\\/fr\\\/?s={search_term_string}\"},\"query-input\":{\"@type\":\"PropertyValueSpecification\",\"valueRequired\":true,\"valueName\":\"search_term_string\"}}],\"inLanguage\":\"fr-FR\"}]}<\/script>\n<!-- \/ Yoast SEO plugin. -->","yoast_head_json":{"title":"On continue \u00e0 travailler ensemble! - Cactus Seny Gr\u00e0fic","description":"Votre site web est termin\u00e9, mais ce n\u2019est que le d\u00e9but! Il est tr\u00e8s important que votre site web soit bien entretenu, s\u00e9curis\u00e9 et ait une bonne diffusion, tant pour les r\u00e9seaux sociaux que pour les newsletters.","robots":{"index":"index","follow":"follow","max-snippet":"max-snippet:-1","max-image-preview":"max-image-preview:large","max-video-preview":"max-video-preview:-1"},"canonical":"https:\/\/cactussenygrafic.com\/fr\/travailler-ensemble\/","og_locale":"fr_FR","og_type":"article","og_title":"On continue \u00e0 travailler ensemble! - Cactus Seny Gr\u00e0fic","og_description":"Votre site web est termin\u00e9, mais ce n\u2019est que le d\u00e9but! Il est tr\u00e8s important que votre site web soit bien entretenu, s\u00e9curis\u00e9 et ait une bonne diffusion, tant pour les r\u00e9seaux sociaux que pour les newsletters.","og_url":"https:\/\/cactussenygrafic.com\/fr\/travailler-ensemble\/","og_site_name":"Cactus Seny Gr\u00e0fic","article_modified_time":"2023-05-17T16:12:05+00:00","twitter_card":"summary_large_image","twitter_misc":{"Dur\u00e9e de lecture estim\u00e9e":"1 minute"},"schema":{"@context":"https:\/\/schema.org","@graph":[{"@type":"WebPage","@id":"https:\/\/cactussenygrafic.com\/fr\/travailler-ensemble\/","url":"https:\/\/cactussenygrafic.com\/fr\/travailler-ensemble\/","name":"On continue \u00e0 travailler ensemble! - Cactus Seny Gr\u00e0fic","isPartOf":{"@id":"https:\/\/cactussenygrafic.com\/fr\/#website"},"datePublished":"2022-05-19T11:04:14+00:00","dateModified":"2023-05-17T16:12:05+00:00","description":"Votre site web est termin\u00e9, mais ce n\u2019est que le d\u00e9but! Il est tr\u00e8s important que votre site web soit bien entretenu, s\u00e9curis\u00e9 et ait une bonne diffusion, tant pour les r\u00e9seaux sociaux que pour les newsletters.","breadcrumb":{"@id":"https:\/\/cactussenygrafic.com\/fr\/travailler-ensemble\/#breadcrumb"},"inLanguage":"fr-FR","potentialAction":[{"@type":"ReadAction","target":["https:\/\/cactussenygrafic.com\/fr\/travailler-ensemble\/"]}]},{"@type":"BreadcrumbList","@id":"https:\/\/cactussenygrafic.com\/fr\/travailler-ensemble\/#breadcrumb","itemListElement":[{"@type":"ListItem","position":1,"name":"Portada","item":"https:\/\/cactussenygrafic.com\/fr\/"},{"@type":"ListItem","position":2,"name":"On continue \u00e0 travailler ensemble!"}]},{"@type":"WebSite","@id":"https:\/\/cactussenygrafic.com\/fr\/#website","url":"https:\/\/cactussenygrafic.com\/fr\/","name":"Cactus Seny Gr\u00e0fic","description":"Estudi de disseny gr\u00e0fic i web a Barcelona i Sabadell","potentialAction":[{"@type":"SearchAction","target":{"@type":"EntryPoint","urlTemplate":"https:\/\/cactussenygrafic.com\/fr\/?s={search_term_string}"},"query-input":{"@type":"PropertyValueSpecification","valueRequired":true,"valueName":"search_term_string"}}],"inLanguage":"fr-FR"}]}},"_links":{"self":[{"href":"https:\/\/cactussenygrafic.com\/fr\/wp-json\/wp\/v2\/pages\/4044","targetHints":{"allow":["GET"]}}],"collection":[{"href":"https:\/\/cactussenygrafic.com\/fr\/wp-json\/wp\/v2\/pages"}],"about":[{"href":"https:\/\/cactussenygrafic.com\/fr\/wp-json\/wp\/v2\/types\/page"}],"author":[{"embeddable":true,"href":"https:\/\/cactussenygrafic.com\/fr\/wp-json\/wp\/v2\/users\/1"}],"replies":[{"embeddable":true,"href":"https:\/\/cactussenygrafic.com\/fr\/wp-json\/wp\/v2\/comments?post=4044"}],"version-history":[{"count":1,"href":"https:\/\/cactussenygrafic.com\/fr\/wp-json\/wp\/v2\/pages\/4044\/revisions"}],"predecessor-version":[{"id":4933,"href":"https:\/\/cactussenygrafic.com\/fr\/wp-json\/wp\/v2\/pages\/4044\/revisions\/4933"}],"wp:attachment":[{"href":"https:\/\/cactussenygrafic.com\/fr\/wp-json\/wp\/v2\/media?parent=4044"}],"curies":[{"name":"wp","href":"https:\/\/api.w.org\/{rel}","templated":true}]}}